{"id":2,"date":"2012-09-01T20:46:01","date_gmt":"2012-09-01T20:46:01","guid":{"rendered":"http:\/\/vario-shirts.com\/?page_id=2"},"modified":"2026-04-01T11:04:20","modified_gmt":"2026-04-01T09:04:20","slug":"beispiel-seite","status":"publish","type":"page","link":"https:\/\/vario-shirts.com\/","title":{"rendered":""},"content":{"rendered":"\n<p><\/p>\n\n\n<div id=\"attachment_2936\" style=\"width: 452px\" class=\"wp-caption aligncenter\"><a href=\"https:\/\/vario-shirts.com\/?product=u-boot-shirt-mit-schmtterlingsaermeln\"><img aria-describedby=\"caption-attachment-2936\" decoding=\"async\" loading=\"lazy\" class=\"wp-image-2936 size-full\" src=\"https:\/\/vario-shirts.com\/wp-content\/uploads\/2020\/01\/Basic-Shirt-U-Boot-Schmetterlingsarm-LG-60-G-schwarz1.jpg\" alt=\"\" width=\"442\" height=\"550\" \/><\/a><p id=\"caption-attachment-2936\" class=\"wp-caption-text\">U-Boot-Shirt mit Schmetterlings\u00e4rmeln, L\u00e4nge 60 cm, gerade geschnitten in schwarz<\/p><\/div>\n<p style=\"text-align: center;\">\u00a0<\/p>\n<p style=\"text-align: center;\">VARIO-SHIRTS ist ein Label f\u00fcr Frauen mitten im Leben, denen es nicht egal ist, was sie auf ihrer Haut tragen.<\/p>\n<p style=\"text-align: center;\">Du m\u00f6chtest etwas Gutes f\u00fcr Dich und die Umwelt tun und bist ist auf der Suche nach nachhaltigen, in Deutschland gefertigten Kleidungsst\u00fccken, die direkt f\u00fcr Dich angefertigt werden? Das Ganze am besten noch von einem Menschen, der wirklich Freude daran hat. Dann bist Du bei VARIO-SHIRTS genau richtig!<\/p>\n<p style=\"text-align: center;\">Hier findest Du eine Palette von (lang haltenden) Shirts, Tuniken, Tops und Kleidern in verschiedenen Varianten und dazu passende Accessoires. Alles aus hochwertigem Jersey, der \u00fcberwiegend in Deutschland hergestellt wurde und mindestens dem \u00d6koTex Standard 100 entspricht.\u00a0<\/p>\n<p style=\"text-align: center;\">Wir fertigen erst nach der Bestellung und k\u00f6nnen gern auf besondere W\u00fcnsche eingehen. Bitte schreibe daf\u00fcr einfach ein E-Mail an die Adresse aus dem Impressum.<\/p>\n<p style=\"text-align: center;\">Klicke einfach oben auf Shop und finde Dein neues Lieblingsst\u00fcck!<\/p>\n<p style=\"text-align: center;\">Viel Freude dabei!<\/p>\n<p style=\"text-align: center;\">Mandy von VARIO-SHIRTS<\/p>\n<p>\u00a0<\/p>\n\n\n<p><\/p>\n\n\n\n<p><\/p>\n\n\n\n<p><\/p>\n","protected":false},"excerpt":{"rendered":"<p>\u00a0 VARIO-SHIRTS ist ein Label f\u00fcr Frauen mitten im Leben, denen es nicht egal ist, was sie auf ihrer Haut tragen. Du m\u00f6chtest etwas Gutes f\u00fcr Dich und die Umwelt tun und bist ist auf der Suche nach nachhaltigen, in &hellip; <a href=\"https:\/\/vario-shirts.com\/\">Weiterlesen <span class=\"meta-nav\">&rarr;<\/span><\/a><\/p>\n","protected":false},"author":1,"featured_media":0,"parent":0,"menu_order":0,"comment_status":"closed","ping_status":"open","template":"","meta":[],"_links":{"self":[{"href":"https:\/\/vario-shirts.com\/index.php?rest_route=\/wp\/v2\/pages\/2"}],"collection":[{"href":"https:\/\/vario-shirts.com\/index.php?rest_route=\/wp\/v2\/pages"}],"about":[{"href":"https:\/\/vario-shirts.com\/index.php?rest_route=\/wp\/v2\/types\/page"}],"author":[{"embeddable":true,"href":"https:\/\/vario-shirts.com\/index.php?rest_route=\/wp\/v2\/users\/1"}],"replies":[{"embeddable":true,"href":"https:\/\/vario-shirts.com\/index.php?rest_route=%2Fwp%2Fv2%2Fcomments&post=2"}],"version-history":[{"count":101,"href":"https:\/\/vario-shirts.com\/index.php?rest_route=\/wp\/v2\/pages\/2\/revisions"}],"predecessor-version":[{"id":5955,"href":"https:\/\/vario-shirts.com\/index.php?rest_route=\/wp\/v2\/pages\/2\/revisions\/5955"}],"wp:attachment":[{"href":"https:\/\/vario-shirts.com\/index.php?rest_route=%2Fwp%2Fv2%2Fmedia&parent=2"}],"curies":[{"name":"wp","href":"https:\/\/api.w.org\/{rel}","templated":true}]}}