{"id":3235,"date":"2020-08-13T19:11:45","date_gmt":"2020-08-13T17:11:45","guid":{"rendered":"http:\/\/vario-shirts.com\/?page_id=3235"},"modified":"2021-02-14T09:24:45","modified_gmt":"2021-02-14T07:24:45","slug":"datenschutzerklaerung","status":"publish","type":"page","link":"https:\/\/vario-shirts.com\/?page_id=3235","title":{"rendered":"Datenschutzerkl\u00e4rung"},"content":{"rendered":"\n<p>Nachstehend informieren wir Sie \u00fcber Art, Umfang und Zweck der Verarbeitung Ihrer personenbezogenen Daten bei der Nutzung unseres Shops unter der Adresse \u201ehttps:\/\/vario-shirts.com\/\u201c. Personenbezogene Daten sind alle Informationen, die sich auf eine identifizierte oder identifizierbare nat\u00fcrliche Person beziehen.<\/p>\n\n\n\n<p>1. Verantwortlicher<br>Verantwortlicher im Sinne der EU-Datenschutzgrundverordnung (DSGVO) ist diejenige nat\u00fcrliche oder juristische Person, die allein oder gemeinsam mit anderen \u00fcber die Zwecke und Mittel der Verarbeitung von personenbezogenen Daten entscheidet. F\u00fcr die in diesem Shop verarbeiteten personenbezogenen Daten ist Verantwortlicher im Sinne der DSGVO: Mandy Ro\u00dfbach, Hauptstra\u00dfe 23, 03253 Sch\u00f6nborn, Telefon 03253 938894, E-Mail info@vario-shirts.de (im Folgenden \u201ewir\u201c).<\/p>\n\n\n\n<p>2. Wenn Sie unsere Webseite besuchen<br>Wenn Sie unsere Webseite besuchen, erhebt unser Server die folgenden Informationen von Ihrem Endger\u00e4t: Browser-Typ und -Version, Betriebssystem, die zuvor besuchte Webseite (\u201eReferrer\u201c), IP-Adresse und Zeitpunkt des Seitenaufrufs.<\/p>\n\n\n\n<p>Wir erheben und verarbeiten diese Daten, um den st\u00f6rungsfreien Betrieb unserer Webseite sicherzustellen und einen Missbrauch unserer Leistungen erkennen, abwehren und verfolgen zu k\u00f6nnen. Ferner nutzen wir die erhobenen Daten zu statistischen Zwecken, um etwa auszuwerten, mit welchen Endger\u00e4ten und Browsern unsere Plattform aufgerufen wird, um auf dieser Basis unser Angebot laufend an die Bed\u00fcrfnisse der Nutzer anzupassen und zu verbessern.<\/p>\n\n\n\n<p>Diese Datenverarbeitung erfolgt auf Grundlage von Artikel 6 Absatz 1 Buchstabe f DSGVO. Alle oben genannten personenbezogenen Daten l\u00f6schen wir sp\u00e4testens zw\u00f6lf Monate nach ihrer Erhebung.<\/p>\n\n\n\n<p>3. Wenn Sie bei uns bestellen<br>Wenn Sie in unserem Shop eine Bestellung aufgeben, verarbeiten wir Ihren Namen, Ihre Rechnungsadresse und Ihre E-Mail-Adresse, wie Sie sie im Zuge des Bestellvorgangs angeben. Soweit Sie bei Ihrer Bestellung weitere Daten angeben (z.B. eine abweichende Lieferadresse oder eine Telefonnummer), verarbeiten wir auch diese Daten.<\/p>\n\n\n\n<p>Wir verarbeiten die in Absatz oben genannten Daten elektronisch zur ordnungsgem\u00e4\u00dfen Vertragserf\u00fcllung, insbesondere f\u00fcr die Lieferung, die Rechnungsstellung, die Verbuchung von Zahlungen und die Bearbeitung von Retouren und Reklamationen. Diese Datenverarbeitung erfolgt auf Grundlage von Artikel 6 Absatz 1 Buchstabe b DSGVO.<\/p>\n\n\n\n<p>Wir halten diese Daten gespeichert, bis alle gegenseitigen Anspr\u00fcche aus dem jeweiligen Vertragsverh\u00e4ltnis mit Ihnen vollst\u00e4ndig erledigt und die handels- und steuerrechtlichen Aufbewahrungsfristen abgelaufen sind, denen wir unterliegen.<\/p>\n\n\n\n<p>F\u00fcr einen Vertragsschluss zwischen Ihnen und uns ist es erforderlich, dass wir Ihren Namen, die Lieferadresse und Ihre E-Mail-Adresse erhalten. Die Erforderlichkeit der Bereitstellung dieser Daten ergibt sich aus gesetzlichen Vorschriften (etwa \u00a7 312i Abs. 1 Ziffer 3 BGB, \u00a7 14 Abs. 4 UStG). Ohne Bereitstellung dieser Daten k\u00f6nnen Sie mit uns daher keinen Vertrag schlie\u00dfen.<\/p>\n\n\n\n<p>Zum Vertragsschluss verzichten wir auf automatisierte Entscheidungsfindungen und auf Profiling.<\/p>\n\n\n\n<p>4. Kundenkonto<br>Sie k\u00f6nnen optional ein Kundenkonto in unserem Onlineshop anlegen. Die daf\u00fcr erforderlichen und von uns verarbeiteten Daten ergeben sich aus der Eingabemaske zur Er\u00f6ffnung des Kundenkontos. Das Kundenkonto wird ausschlie\u00dflich auf Ihren Wunsch eingerichtet. Rechtsgrundlage ist daher Ihre Einwilligung gem\u00e4\u00df Artikel 6 Absatz 1 Buchstabe a DSGVO. Wir halten die mit dem Kundenkonto verbundenen personenbezogenen Daten gespeichert, bis Sie das Kundenkonto l\u00f6schen oder Sie uns um dessen L\u00f6schung bitten. F\u00fcr personenbezogene Daten aus bereits abgeschlossenen Vertr\u00e4gen bleibt es bei den Aufbewahrungsfristen, wie sie sich aus dem Abschnitt \u201eWenn Sie bei uns bestellen\u201c ergeben, unabh\u00e4ngig vom Bestand des Kundenkontos.<\/p>\n\n\n\n<p>5. Lieferung und Bezahlung<br>Soweit wir aufgrund des Kaufvertrags physische Waren \u00fcbersenden, \u00fcbermitteln wir den Namen und die Anschrift des Empf\u00e4ngers ggf. an die Deutsche Post (Deutsche Post AG, 53113 Bonn) oder DHL (DHL Paket GmbH, 53113 Bonn) als Versanddienstleister, und zwar zum Zwecke der Zustellung der Sendung an Sie und ggf. der Retour Ihrer Sendung an uns auf Grundlage von Artikel 6 Absatz 1 Buchstabe b DSGVO.<\/p>\n\n\n\n<p>F\u00fcr die Bezahlung Ihres Einkaufs erhebt und verarbeitet der von Ihnen gew\u00e4hlte Zahlungsdienstleister in Ihrem Auftrag Ihren Namen, Ihre Karten- oder Kontonummer und\/oder weitere Daten, die f\u00fcr die von Ihnen gew\u00e4hlte Zahlungsmethode erforderlich sind. Es gelten insoweit erg\u00e4nzend die Datenschutzbestimmungen des von Ihnen gew\u00e4hlten Zahlungsdienstleisters.<\/p>\n\n\n\n<p>Beim Empfang einer Zahlung verarbeiten wir diejenigen Daten, die uns der Zahlungsdienstleister \u00fcbermittelt.<\/p>\n\n\n\n<p>Die Verarbeitung erfolgt auf Grundlage von Artikel 6 Absatz 1 Buchstabe b DSGVO. Wir halten diese Daten gespeichert, bis alle gegenseitigen Anspr\u00fcche aus dem jeweiligen Vertragsverh\u00e4ltnis mit Ihnen vollst\u00e4ndig erledigt und die handels- und steuerrechtlichen Aufbewahrungsfristen abgelaufen sind, denen wir unterliegen.<\/p>\n\n\n\n<p>6. Auftragsverarbeiter<br>Als technischen Dienstleister f\u00fcr den Betrieb unserer Webseite im Internet nehmen wir die Leistungen von WooCommerce, 60 29th Street&nbsp;#343<br>San Francisco, CA 94110 als Auftragsverarbeiter gem\u00e4\u00df Artikel 28 DSGVO in Anspruch.<\/p>\n\n\n\n<p>7. Kontaktaufnahme<br>Wenn Sie uns eine Nachricht per E-Mail schicken, speichern Ihre Nachricht mit den damit \u00fcbermittelten Absenderdaten (Name, E-Mail-Adresse und ggf. weitere von Ihrem E-Mail-Programm und den \u00fcbermittelnden Servern hinzugef\u00fcgte Informationen). F\u00fcr den Empfang, die Speicherung und den Versand von E-Mails nutzen wir einen E-Mail-Anbieter, der f\u00fcr uns als Auftragsverarbeiter im Einklang mit Artikel 28 DSGVO t\u00e4tig wird.<\/p>\n\n\n\n<p>Rechtsgrundlage f\u00fcr diese Datenverarbeitung ist unser berechtigtes Interesse, Ihre Nachricht zu beantworten und auch auf eventuelle Folgefragen von Ihnen reagieren zu k\u00f6nnen (Artikel 6 Absatz 1 Buchstabe f DSGVO). Wir l\u00f6schen die mit Ihrer Nachricht erhobenen Daten sp\u00e4testens zw\u00f6lf Monate nach der letzten mit Ihnen gef\u00fchrten Kommunikation zu Ihrem Anliegen, vorbehaltlich der Reglung im folgenden Absatz.<\/p>\n\n\n\n<p>Wenn Sie uns eine rechtlich relevante Erkl\u00e4rung zum Vertragsverh\u00e4ltnis \u00fcbermitteln (z.B. einen Widerruf oder eine Reklamation), ist Rechtsgrundlage f\u00fcr die Verarbeitung, unabh\u00e4ngig vom \u00dcbermittlungsweg, auch Artikel 6 Absatz 1 Buchstabe b DSGVO. In einem solchen Fall l\u00f6schen wir die mit Ihrer Erkl\u00e4rung zusammenh\u00e4ngenden Daten, sobald alle wechselseitigen Anspr\u00fcche aus dem Vertragsverh\u00e4ltnis endg\u00fcltig erledigt und die handels- und steuerrechtlichen Aufbewahrungsfristen abgelaufen sind.<\/p>\n\n\n\n<p>8. Nutzung von Cookies<br>Wenn Sie unseren Shop besuchen, legen wir ein \u201eCookie\u201c auf Ihrem Endger\u00e4t ab. Dabei handelt es sich um eine kleine Textdatei, mit der wir Ihr Endger\u00e4t wiedererkennen k\u00f6nnen, wenn Sie unseren Shop zu sp\u00e4terer Gelegenheit wieder besuchen. Mit Hilfe des Cookies k\u00f6nnen wir auch bestimmte Nutzerverhalten analysieren, z.B., welche Produkte Sie sich anschauen, wie lange Sie auf unserer Seite bleiben und wann und wie oft Sie in unseren Shop zur\u00fcckkehren. Wir l\u00f6schen ein abgelegtes Cookie sp\u00e4testens zw\u00f6lf Monate nach Ihrem letzten Besuch unseres Shops.<\/p>\n\n\n\n<p>Diese Datenverarbeitung erfolgt auf Grundlage von Artikel 6 Absatz 1 Buchstabe f DSGVO zu dem Zweck, unser Produktangebot noch besser auf die W\u00fcnsche unserer Shop-Besucher auszurichten, und die Funktionen unseres Shops und die Effizienz von Werbema\u00dfnahmen zu optimieren.<\/p>\n\n\n\n<p>Sie k\u00f6nnen das Anlegen von Cookies verhindern, indem Sie in die Cookie-Einstellungen Ihres Internetbrowsers gehen und dort f\u00fcr unsere Seite oder f\u00fcr alle Webseiten dem Anlegen von Cookies widersprechen. Dort k\u00f6nnen Sie auch bereits abgelegte Cookies wieder l\u00f6schen.<\/p>\n\n\n\n<p>9. Ihre Rechte<br>Bez\u00fcglich der personenbezogenen Daten, die wir \u00fcber Sie verarbeiten, stehen Ihnen die folgenden Rechte zu:<\/p>\n\n\n\n<p>Sie haben das Recht, von uns eine Best\u00e4tigung dar\u00fcber zu verlangen, ob wir Sie betreffende personenbezogene Daten verarbeiten. Ist dies der Fall, so teilen wir Ihnen die \u00fcber Sie gespeicherten personenbezogenen Daten und die weiteren Informationen gem\u00e4\u00df Artikel 15 Abs. 1 u. 2 DSGVO mit.<\/p>\n\n\n\n<p>Sie haben das Recht, Sie betreffende unrichtige personenbezogene Daten unverz\u00fcglich berichtigen zu lassen. Unter Ber\u00fccksichtigung der Zwecke der Verarbeitung haben Sie auch das Recht, die Vervollst\u00e4ndigung unvollst\u00e4ndiger personenbezogener Daten \u2013 auch mittels einer erg\u00e4nzenden Erkl\u00e4rung \u2013 zu verlangen.<\/p>\n\n\n\n<p>Sie k\u00f6nnen von uns die unverz\u00fcgliche L\u00f6schung der Sie betreffenden personenbezogenen Daten unter den Voraussetzungen von Artikel 17 Absatz 1 DSGVO verlangen, soweit deren Verarbeitung nicht gem\u00e4\u00df Artikel 17 Absatz 3 DSGVO erforderlich ist.<\/p>\n\n\n\n<p>Sie k\u00f6nnen von uns die Einschr\u00e4nkung der Verarbeitung Ihrer Daten verlangen, wenn eine der Voraussetzungen von Artikel 18 Absatz 1 DSGVO vorliegt. Sie k\u00f6nnen die Einschr\u00e4nkung insbesondere anstelle einer L\u00f6schung verlangen.<\/p>\n\n\n\n<p>Wir werden jede Berichtigung oder L\u00f6schung Ihrer personenbezogenen Daten und eine Einschr\u00e4nkung der Verarbeitung allen Empf\u00e4ngern mitteilen, denen wir Sie betreffende personenbezogene Daten offengelegt haben, es sei denn, dies erweist sich als unm\u00f6glich oder ist mit einem unverh\u00e4ltnism\u00e4\u00dfigen Aufwand verbunden. Wir werden Sie zudem \u00fcber diese Empf\u00e4nger unterrichten, wenn Sie dies verlangen.<\/p>\n\n\n\n<p>Sie haben das Recht, die personenbezogenen Daten, die Sie uns bereitgestellt haben, in einem strukturierten, g\u00e4ngigen und maschinenlesbaren Format zu erhalten, und k\u00f6nnen verlangen, dass wir diese Daten einem anderen Verantwortlichen ohne Behinderung \u00fcbermitteln, soweit dies technisch m\u00f6glich ist.<\/p>\n\n\n\n<p>Soweit eine Datenverarbeitung auf Ihrer Einwilligung beruht, haben Sie das Recht, Ihre Einwilligung jederzeit zu widerrufen. Durch den Widerruf der Einwilligung wird die Rechtm\u00e4\u00dfigkeit der Datenverarbeitung, die bis zu Ihrem Widerruf erfolgt ist, nicht ber\u00fchrt.<\/p>\n\n\n\n<p>WIDERSPRUCHSRECHT: AUS GR\u00dcNDEN, DIE SICH AUS IHRER BESONDEREN SITUATION ERGEBEN, K\u00d6NNEN SIE JEDERZEIT DER VERARBEITUNG DER SIE BETREFFENDEN PERSONENBEZOGENEN DATEN WIDERSPRECHEN; dieses Widerspruchsrecht besteht in Bezug auf diejenige Datenverarbeitung, die auf Grundlage von Artikel 6 Absatz 1 Buchstabe f DSGVO zur Wahrung berechtigter Interessen unsererseits oder eines Dritten erfolgt, sofern nicht Ihre Interessen oder Grundrechte und Grundfreiheiten, die den Schutz personenbezogener Daten erfordern, \u00fcberwiegen. Wenn Sie Ihr Widerspruchsrecht aus\u00fcben, werden wir die betreffenden Daten nicht mehr verarbeiten, es sei denn, dass wir zwingende schutzw\u00fcrdige Gr\u00fcnde f\u00fcr die Verarbeitung nachweisen k\u00f6nnen, die die Interessen, Rechte und Freiheiten von Ihnen \u00fcberwiegen, oder dass die Verarbeitung der Geltendmachung, Aus\u00fcbung oder Verteidigung von Rechtsanspr\u00fcchen dient.<\/p>\n\n\n\n<p>F\u00dcR DEN FALL, DASS WIR PERSONENBEZOGENE DATEN F\u00dcR DIE DIREKTWERBUNG (Z.B. NEWSLETTER) VERARBEITEN, K\u00d6NNEN SIE JEDERZEIT WIDERSPRUCH GEGEN DIE VERARBEITUNG DER SIE BETREFFENDEN PERSONENBEZOGENEN DATEN ZUM ZWECKE DERARTIGER WERBUNG EINLEGEN MIT DER FOLGE, DASS WIR IHRE DATEN F\u00dcR DIESE ZWECKE NICHT MEHR VERARBEITEN WERDEN.<\/p>\n\n\n\n<p>Wenn Sie der Ansicht sind, dass die Verarbeitung Ihrer personenbezogenen Daten gegen die DSGVO verst\u00f6\u00dft, k\u00f6nnen Sie Beschwerde einlegen bei einer Aufsichtsbeh\u00f6rde, insbesondere in dem Mitgliedstaat Ihres Aufenthaltsorts, Ihres Arbeitsplatzes oder des Orts des mutma\u00dflichen Versto\u00dfes. Das schlie\u00dft anderweitige beh\u00f6rdliche oder gerichtliche Rechtsbehelfe nicht aus.<\/p>\n","protected":false},"excerpt":{"rendered":"<p>Nachstehend informieren wir Sie \u00fcber Art, Umfang und Zweck der Verarbeitung Ihrer personenbezogenen Daten bei der Nutzung unseres Shops unter der Adresse \u201ehttps:\/\/vario-shirts.com\/\u201c. Personenbezogene Daten sind alle Informationen, die sich auf eine identifizierte oder identifizierbare nat\u00fcrliche Person beziehen. 1. VerantwortlicherVerantwortlicher &hellip; <a href=\"https:\/\/vario-shirts.com\/?page_id=3235\">Weiterlesen <span class=\"meta-nav\">&rarr;<\/span><\/a><\/p>\n","protected":false},"author":1,"featured_media":0,"parent":0,"menu_order":0,"comment_status":"closed","ping_status":"closed","template":"","meta":[],"_links":{"self":[{"href":"https:\/\/vario-shirts.com\/index.php?rest_route=\/wp\/v2\/pages\/3235"}],"collection":[{"href":"https:\/\/vario-shirts.com\/index.php?rest_route=\/wp\/v2\/pages"}],"about":[{"href":"https:\/\/vario-shirts.com\/index.php?rest_route=\/wp\/v2\/types\/page"}],"author":[{"embeddable":true,"href":"https:\/\/vario-shirts.com\/index.php?rest_route=\/wp\/v2\/users\/1"}],"replies":[{"embeddable":true,"href":"https:\/\/vario-shirts.com\/index.php?rest_route=%2Fwp%2Fv2%2Fcomments&post=3235"}],"version-history":[{"count":3,"href":"https:\/\/vario-shirts.com\/index.php?rest_route=\/wp\/v2\/pages\/3235\/revisions"}],"predecessor-version":[{"id":4665,"href":"https:\/\/vario-shirts.com\/index.php?rest_route=\/wp\/v2\/pages\/3235\/revisions\/4665"}],"wp:attachment":[{"href":"https:\/\/vario-shirts.com\/index.php?rest_route=%2Fwp%2Fv2%2Fmedia&parent=3235"}],"curies":[{"name":"wp","href":"https:\/\/api.w.org\/{rel}","templated":true}]}}