{"id":3243,"date":"2020-08-13T19:11:46","date_gmt":"2020-08-13T17:11:46","guid":{"rendered":"http:\/\/vario-shirts.com\/?page_id=3243"},"modified":"2025-06-18T16:35:55","modified_gmt":"2025-06-18T14:35:55","slug":"versandarten","status":"publish","type":"page","link":"https:\/\/vario-shirts.com\/?page_id=3243","title":{"rendered":"Versandarten"},"content":{"rendered":"\n<p>Soweit m\u00f6glich, wird innerhalb Deutschlands als <strong>Einwurfeinschreiben<\/strong> versendet (der Einwurf der Bestellung als Brief in den Briefkasten wird vom Postboten quittiert). Das bedeutet, wir haben einen Sendungs- und Zustellungsnachweis, aber ihr m\u00fcsst f\u00fcr den Erhalt der Sendung nicht unbdingt zu Hause sein, da der Umschlag (soweit m\u00f6glich) in den Brifkasten geworfen wird. <\/p>\n\n\n\n<p>Gr\u00f6\u00dfere Bestellungen kommen als DHL Paket.<\/p>\n\n\n\n<p>Sendungen nach \u00d6sterreich oder in die Schweiz werden als  DHL Paket verschickt. <\/p>\n\n\n\n<p>Bitte beachtet das bei Lieferung in die Schweiz evtl. Z\u00f6lle, Steuern und Geb\u00fchren anfallen k\u00f6nnen.<\/p>\n\n\n\n<p>Solltet Ihr eine andere Versandart w\u00fcnschen, schreibt gern eine Nachricht und wir schauen was m\u00f6glch ist.<\/p>\n\n\n\n<p><strong>Versandkosten Pauschal 4,00 EUR  f\u00fcr Deutschlands<\/strong><\/p>\n\n\n\n<p><strong>Versandkosten \u00d6sterreich mit DHL 14,50 EUR<\/strong><\/p>\n\n\n\n<p><strong>Versandkosten Schweiz mit DHL 27,00 EUR<\/strong><\/p>\n\n\n\n<p><strong>Versandkostenfrei innerhalb Deutschlands ab einem Bestellwert von 100,00 EUR<\/strong>, dies muss <strong>im Warenkorb<\/strong> (links unten) extra angeklickt werden, bevor es weiter zur Kasse geht.<\/p>\n\n\n\n<p><\/p>\n","protected":false},"excerpt":{"rendered":"<p>Soweit m\u00f6glich, wird innerhalb Deutschlands als Einwurfeinschreiben versendet (der Einwurf der Bestellung als Brief in den Briefkasten wird vom Postboten quittiert). Das bedeutet, wir haben einen Sendungs- und Zustellungsnachweis, aber ihr m\u00fcsst f\u00fcr den Erhalt der Sendung nicht unbdingt zu &hellip; <a href=\"https:\/\/vario-shirts.com\/?page_id=3243\">Weiterlesen <span class=\"meta-nav\">&rarr;<\/span><\/a><\/p>\n","protected":false},"author":1,"featured_media":0,"parent":0,"menu_order":0,"comment_status":"closed","ping_status":"closed","template":"","meta":[],"_links":{"self":[{"href":"https:\/\/vario-shirts.com\/index.php?rest_route=\/wp\/v2\/pages\/3243"}],"collection":[{"href":"https:\/\/vario-shirts.com\/index.php?rest_route=\/wp\/v2\/pages"}],"about":[{"href":"https:\/\/vario-shirts.com\/index.php?rest_route=\/wp\/v2\/types\/page"}],"author":[{"embeddable":true,"href":"https:\/\/vario-shirts.com\/index.php?rest_route=\/wp\/v2\/users\/1"}],"replies":[{"embeddable":true,"href":"https:\/\/vario-shirts.com\/index.php?rest_route=%2Fwp%2Fv2%2Fcomments&post=3243"}],"version-history":[{"count":9,"href":"https:\/\/vario-shirts.com\/index.php?rest_route=\/wp\/v2\/pages\/3243\/revisions"}],"predecessor-version":[{"id":5806,"href":"https:\/\/vario-shirts.com\/index.php?rest_route=\/wp\/v2\/pages\/3243\/revisions\/5806"}],"wp:attachment":[{"href":"https:\/\/vario-shirts.com\/index.php?rest_route=%2Fwp%2Fv2%2Fmedia&parent=3243"}],"curies":[{"name":"wp","href":"https:\/\/api.w.org\/{rel}","templated":true}]}}