{"id":3338,"date":"2020-09-07T10:47:42","date_gmt":"2020-09-07T08:47:42","guid":{"rendered":"http:\/\/vario-shirts.com\/?page_id=3338"},"modified":"2023-03-15T13:16:37","modified_gmt":"2023-03-15T11:16:37","slug":"kontakt","status":"publish","type":"page","link":"https:\/\/vario-shirts.com\/?page_id=3338","title":{"rendered":"Kontakt"},"content":{"rendered":"\n\n\n<p class=\"has-text-align-center\"><\/p>\n\n\n\n<p class=\"has-text-align-center\">Da ich zurzeit allein arbeite und nicht immer im B\u00fcro\/Atelier bin, ist eine E-Mail der beste Weg der Kontaktaufnahme. <\/p>\n\n\n\n<p class=\"has-text-align-center\"><strong>Bitte benutzt die Kontaktdaten aus dem Impressum<\/strong>, oben in der schwarzen Leiste (Spamschutz).<\/p>\n\n\n\n<p class=\"has-text-align-center\">Wenn Ihr eine telefonische Beratung m\u00f6chtet, k\u00f6nnen wir gern einen Termin per E-Mail vereinbaren. <\/p>\n\n\n\n<p class=\"has-text-align-center\">Leider gibt es Probleme mit web.de und gmx.de.<\/p>\n\n\n\n<p class=\"has-text-align-center\">Solltet Ihr an Werktagen innerhalb von 24 Stunden keine Antwort erhalten, versucht es bitte mit: mandy punkt rossbach at web punkt de (einfach die entsprechenden Zeichen einsetzen). <\/p>\n\n\n\n<p class=\"has-text-align-center\">Nar\u00fcrlich k\u00f6nnt Ihr auch einfach anrufen um schnell etwas zu kl\u00e4ren. <\/p>\n\n\n\n<p class=\"has-text-align-center\"><\/p>\n\n\n\n<p class=\"has-text-align-center\">Du oder Sie? Das k\u00f6nnt Ihr halten, wie Ihr m\u00f6chtet. F\u00fcr mich ist beides ok.<\/p>\n\n\n\n<p><\/p>\n\n\n\n<p class=\"has-text-align-center\">Herzlichst Eure <\/p>\n\n\n\n<p class=\"has-text-align-center\">Mandy Ro\u00dfbach<\/p>\n","protected":false},"excerpt":{"rendered":"<p>Da ich zurzeit allein arbeite und nicht immer im B\u00fcro\/Atelier bin, ist eine E-Mail der beste Weg der Kontaktaufnahme. Bitte benutzt die Kontaktdaten aus dem Impressum, oben in der schwarzen Leiste (Spamschutz). Wenn Ihr eine telefonische Beratung m\u00f6chtet, k\u00f6nnen wir &hellip; <a href=\"https:\/\/vario-shirts.com\/?page_id=3338\">Weiterlesen <span class=\"meta-nav\">&rarr;<\/span><\/a><\/p>\n","protected":false},"author":1,"featured_media":0,"parent":0,"menu_order":0,"comment_status":"closed","ping_status":"closed","template":"","meta":[],"_links":{"self":[{"href":"https:\/\/vario-shirts.com\/index.php?rest_route=\/wp\/v2\/pages\/3338"}],"collection":[{"href":"https:\/\/vario-shirts.com\/index.php?rest_route=\/wp\/v2\/pages"}],"about":[{"href":"https:\/\/vario-shirts.com\/index.php?rest_route=\/wp\/v2\/types\/page"}],"author":[{"embeddable":true,"href":"https:\/\/vario-shirts.com\/index.php?rest_route=\/wp\/v2\/users\/1"}],"replies":[{"embeddable":true,"href":"https:\/\/vario-shirts.com\/index.php?rest_route=%2Fwp%2Fv2%2Fcomments&post=3338"}],"version-history":[{"count":11,"href":"https:\/\/vario-shirts.com\/index.php?rest_route=\/wp\/v2\/pages\/3338\/revisions"}],"predecessor-version":[{"id":5365,"href":"https:\/\/vario-shirts.com\/index.php?rest_route=\/wp\/v2\/pages\/3338\/revisions\/5365"}],"wp:attachment":[{"href":"https:\/\/vario-shirts.com\/index.php?rest_route=%2Fwp%2Fv2%2Fmedia&parent=3338"}],"curies":[{"name":"wp","href":"https:\/\/api.w.org\/{rel}","templated":true}]}}