{"id":40,"date":"2012-09-01T23:32:58","date_gmt":"2012-09-01T21:32:58","guid":{"rendered":"https:\/\/vario-shirts.com\/?page_id=40"},"modified":"2025-07-12T09:33:24","modified_gmt":"2025-07-12T07:33:24","slug":"impressum-agbs-widerrufs-oder-ruckgabebelehrung","status":"publish","type":"page","link":"https:\/\/vario-shirts.com\/?page_id=40","title":{"rendered":"Impressum \/ AGB \/ Datenschutzerkl\u00e4rung \/ Widerrufsbelehrung"},"content":{"rendered":"<p><strong>Impressum<\/strong><\/p>\n<p>VARIO-SHIRTS<br \/>Mandy Ro\u00dfbach<br \/>Hauptstra\u00dfe 23<\/p>\n<p>03253 Sch\u00f6nborn<\/p>\n<p>e-mail: info@vario-shirts.de<br \/>Tel. 035326 938894<br \/>USt-IdNr.: DE243897180<\/p>\n<p>Zur au\u00dfergerichtlichen Streitschlichtung stellt die EU-Kommission eine <a href=\"https:\/\/ec.europa.eu\/consumers\/odr\/\" rel=\"nofollow noopener\">Plattform zur Online-Streitbeilegung (\u201eOS-Plattform\u201c)<\/a> bereit, <i>wobei die OS-Plattform und der Link dorthin nur bis 19.7.2025 verf\u00fcgbar sind<\/i><\/p>\n<p><a href=\"http:\/\/ec.europa.eu\/consumers\/odr\/\">http:\/\/ec.europa.eu\/consumers\/odr\/<\/a><\/p>\n<p><strong>AGB<\/strong><\/p>\n<p>\u00a0<\/p>\n<p>Anbieter und Vertragspartner f\u00fcr die in diesem Onlineshop von \u201eVARIO-SHIRTS\u201c dargestellten Waren ist Mandy Ro\u00dfbach, Hauptstra\u00dfe 23, 03253 Sch\u00f6nborn, Telefon 035326 938894 , E-Mail info@vario-shirts.com (im folgenden kurz \u201eAnbieter\u201c). Der Anbieter handelt als Unternehmer.<\/p>\n<p>Diese allgemeinen Gesch\u00e4ftsbedingungen sind Bestandteil jeder vertraglichen Vereinbarung zwischen dem Anbieter und dem jeweiligen Besteller. Entgegenstehenden AGB des Bestellers wird widersprochen.<\/p>\n<p>Warenauswahl, Vertragsschluss und Vertragsabwicklung erfolgen in deutscher Sprache.<\/p>\n<p>Die farbliche Darstellung der Artikel auf der Internetseite kann je nach verwendetem Internetbrowser und Monitoreinstellungen des Bestellers geringf\u00fcgig variieren; diese Abweichungen sind technisch nie ganz vermeidbar.<\/p>\n<p>Der Anbieter liefert innerhalb Deutschlands sowie nach \u00d6sterreich und in die Schweiz.<\/p>\n<p>Der Besteller w\u00e4hlt die gew\u00fcnschte Ware aus, indem er auf das gew\u00fcnschte Produkt klickt und die entsprechenden Optionen (Gr\u00f6\u00dfe, Farbe usw.) von oben nach unten ausw\u00e4hlt. Nur wenn alle Optionen ausgef\u00fcllt sind, kann der Button \u201ein den Warenkorb\u201c funktionsf\u00e4hig bet\u00e4tigt und somit der Artikel in den Warenkorb gelegt werden. Nach Pr\u00fcfung des Warenkorbes k\u00f6nnen \u00fcber den Button \u201ezur Kasse gehen\u201c die entsprechenden Kundendaten eingegeben werden und die Auswahl der Zahlungsweise (PayPal oder Bank\u00fcberweisung) erfolgen. Abschlie\u00dfend wird durch Anklicken des Buttons \u201eZahlungspflichtig bestellen\u201c der Bestellwunsch an den Anbieter \u00fcbermittelt. Der Besteller hat bis zur Absendung seines Bestellwunsches jederzeit die M\u00f6glichkeit, die im Rahmen der Bestellung angegebenen Daten einzusehen und zu \u00e4ndern oder die Bestellung ganz abzubrechen.<\/p>\n<p>F\u00fcr die im Shop des Anbieters dargestellten Waren gibt der Anbieter ein verbindliches Kaufangebot ab. Mit der Absendung des Bestellwunsches \u00fcber den Button \u201ezahlungspflichtig bestellen\u201c nimmt der Besteller das Kaufangebot an. Der Anbieter best\u00e4tigt den Vertragsschluss per E-Mail (Vertragsbest\u00e4tigung).<\/p>\n<p>Bei Lieferhindernissen oder anderen Umst\u00e4nden, die der Vertragserf\u00fcllung entgegenstehen w\u00fcrden, informiert der Anbieter den Besteller per E-Mail.<\/p>\n<p>Alle Produktpreise verstehen sich als Endpreise zzgl. Versandkosten. Die Entgelte enthalten 19% Umsatzsteuer.<\/p>\n<p>Die Versandkosten betragen pauschal 4,- EUR innerhalb Deutschlands und 8,00 EUR f\u00fcr der Versand nach \u00d6sterreich und in die Schweiz (einmalig pro Bestellung). Die Ware wird (soweit m\u00f6glich) als Einwurfeinschreiben verschickt. Das bedeutet, es wird ein mit Sendungsnachweis registrierter Umschlag vom Postboten quittiert in den Briefkasten geworfen. Sollte die Ware nicht in einen Umschlag passen oder der Versand an eine Packstation erforderlich sein, erfolgt der Versand als DHL Paket. Auf Wunsch und nach vorheriger Absprache ist der Versand mit einem anderen Zustellunternehmen m\u00f6glich.<br \/>Lieferungen au\u00dferhalb Deutschland erfolgen (soweit m\u00f6glich) als Einschreiben oder Wertbrief.<\/p>\n<p>Bei Lieferungen in die Schweiz k\u00f6nnen Zoll und Einfuhrumsatzsteuer anfallen, die vom Besteller beim Empfang der Sendung an die Zollbeh\u00f6rde zu entrichten sind. Diese Abgaben fallen zus\u00e4tzlich zum Kaufpreis und den Versandkosten an und sind vom Anbieter nicht zu beeinflussen.<\/p>\n<p>Der Anbieter liefert nach Wahl des Bestellers nur gegen Vorkasse per Bank\u00fcberweisung oder gegen Vorkasse mittels PayPal-Zahlung.<\/p>\n<p>Hat der Besteller \u201eBank\u00fcberweisung\u201c als Zahlungsmethode gew\u00e4hlt, werden nach Abschluss der Bestellung die f\u00fcr die \u00dcberweisung relevanten Daten angezeigt. Die Kontodaten werden auch durch die Auswahl \u201eZahlungsart Bank\u00fcberweisung\u201c sichtbar.<br \/>\u00dcberweisungen aus dem Ausland akzeptiert der Anbieter nur als spesenfreie Zahlungen in Euro.<\/p>\n<p>Hat der Besteller \u201ePayPal\u201c als Zahlungsmethode gew\u00e4hlt, so gelangt nach Abschluss der Bestellung zum Onlinedienst von PayPal und kann dort die Zahlung veranlassen.<\/p>\n<p>F\u00fcr Vorkasse-Bestellungen gilt eine Zahlungsfrist von einer Woche ab Zugang der Vertragsbest\u00e4tigung. Der Anbieter legt die gew\u00fcnschte Ware bzw. die zur Fertigung ben\u00f6tigten Materialien, w\u00e4hrend der Dauer der Zahlungsfrist f\u00fcr den Besteller zur\u00fcck. Es obliegt dem Besteller, seine Zahlung so rechtzeitig zu bewirken, dass sie beim Anbieter innerhalb der Frist eingeht. Der Anbieter beh\u00e4lt sich das Recht vor, vom Kaufvertrag zur\u00fcckzutreten und die Ware anderweitig zu verkaufen, wenn die Zahlung bis Ablauf der Frist nicht eingegangen ist. Eine nach R\u00fccktritt eingehende Zahlung des Bestellers wird dem Besteller erstattet.<\/p>\n<p>Der Anbieter liefert die Ware binnen 2-9 Werktagen ab Zahlung.<\/p>\n<p>F\u00fcr Sendungen an Ziele au\u00dferhalb Deutschlands erh\u00f6ht sich die Lieferzeit, je nach Zielland, um weitere 2-9 Werktage.<\/p>\n<p>Wenn die Lieferung an den Besteller fehlschl\u00e4gt, weil der Besteller die Lieferadresse falsch oder unvollst\u00e4ndig angegeben hat, erfolgt ein erneuter Zustellversuch nur, wenn der Besteller die unmittelbaren Kosten des erneuten Versands \u00fcbernimmt. Diese Kosten entsprechen den bei Vertragsschluss vereinbarten Versandkosten.<\/p>\n<p>Einem Besteller, der als Verbraucher kauft, steht ein Widerrufsrecht gem\u00e4\u00df den gesetzlichen Bedingungen zu. Verbraucher ist jede nat\u00fcrliche Person, die ein Rechtsgesch\u00e4ft zu Zwecken abschlie\u00dft, die \u00fcberwiegend weder ihrer gewerblichen noch ihrer selbst\u00e4ndigen beruflichen T\u00e4tigkeit zugerechnet werden k\u00f6nnen.<\/p>\n<p>Einem Verbraucher mit st\u00e4ndigem Aufenthalt au\u00dferhalb Deutschlands r\u00e4umt der Anbieter eine 14-t\u00e4gige Widerrufsfrist auch dann ein, wenn das nationale Recht des Verbrauchers hierf\u00fcr eine k\u00fcrzere Frist vorsieht.<\/p>\n<p>Einem Verbraucher mit st\u00e4ndigem Aufenthalt au\u00dferhalb Deutschlands r\u00e4umt der Anbieter ein, die Widerrufserkl\u00e4rung auch dann formlos zu \u00fcbermitteln, wenn das nationale Recht des Verbrauchers eine strengere Form vorsieht.<\/p>\n<p>F\u00fcr Verbraucher mit st\u00e4ndigem Aufenthalt in der Schweiz gelten die Voraussetzungen und Rechtsfolgen des deutschen Verbraucher-Widerrufsrechts auch dann, wenn nach schweizerischem Recht ein Widerruf nicht vorgesehen ist.<\/p>\n<p><em>Gew\u00e4hrleistung (M\u00e4ngelhaftungsrecht) <\/em><\/p>\n<p>Es bestehen Gew\u00e4hrleistungsanspr\u00fcche des Bestellers (auch M\u00e4ngelhaftungsrechte genannt) gem\u00e4\u00df den gesetzlichen Vorschriften.<\/p>\n<p><em>Schlussbestimmungen <\/em><\/p>\n<p>Es gilt das Recht der Bundesrepublik Deutschland unter Ausschluss des UN-Kaufrechts. Gegen\u00fcber Verbrauchern mit st\u00e4ndigem Aufenthalt im Ausland findet das deutsche Recht jedoch keine Anwendung, soweit das nationale Recht des Verbrauchers Regelungen enth\u00e4lt, von denen zu Lasten des Verbrauchers nicht durch Vertrag abgewichen werden kann.<\/p>\n<p>Sollten sich einzelne Bestimmungen dieser allgemeinen Gesch\u00e4ftsbedingungen als unwirksam oder undurchf\u00fchrbar erweisen, so ber\u00fchrt dies nicht die Wirksamkeit der \u00fcbrigen Bestimmungen<\/p>\n<p><strong>Datenschutzerkl\u00e4rung<\/strong><\/p>\n<p>Nachstehend informieren wir Sie \u00fcber Art, Umfang und Zweck der Verarbeitung Ihrer personenbezogenen Daten bei der Nutzung unseres Shops unter der Adresse \u201ehttps:\/\/vario-shirts.com\/\u201c. Personenbezogene Daten sind alle Informationen, die sich auf eine identifizierte oder identifizierbare natu\u0308rliche Person beziehen.<\/p>\n<p>1. Verantwortlicher<br \/>Verantwortlicher im Sinne der EU-Datenschutzgrundverordnung (DSGVO) ist diejenige natu\u0308rliche oder juristische Person, die allein oder gemeinsam mit anderen u\u0308ber die Zwecke und Mittel der Verarbeitung von personenbezogenen Daten entscheidet. F\u00fcr die in diesem Shop verarbeiteten personenbezogenen Daten ist Verantwortlicher im Sinne der DSGVO: Mandy Ro\u00dfbach, Hauptstra\u00dfe 23, 03253 Sch\u00f6nborn, Telefon 017620718723, E-Mail info@vario-shirts.de (im Folgenden \u201ewir\u201c).<\/p>\n<p>2. Wenn Sie unsere Webseite besuchen<br \/>Wenn Sie unsere Webseite besuchen, erhebt unser Server die folgenden Informationen von Ihrem Endger\u00e4t: Browser-Typ und -Version, Betriebssystem, die zuvor besuchte Webseite (\u201eReferrer\u201c), IP-Adresse und Zeitpunkt des Seitenaufrufs.<\/p>\n<p>Wir erheben und verarbeiten diese Daten, um den st\u00f6rungsfreien Betrieb unserer Webseite sicherzustellen und einen Missbrauch unserer Leistungen erkennen, abwehren und verfolgen zu k\u00f6nnen. Ferner nutzen wir die erhobenen Daten zu statistischen Zwecken, um etwa auszuwerten, mit welchen Endger\u00e4ten und Browsern unsere Plattform aufgerufen wird, um auf dieser Basis unser Angebot laufend an die Bed\u00fcrfnisse der Nutzer anzupassen und zu verbessern.<\/p>\n<p>Diese Datenverarbeitung erfolgt auf Grundlage von Artikel 6 Absatz 1 Buchstabe f DSGVO. Alle oben genannten personenbezogenen Daten l\u00f6schen wir sp\u00e4testens zw\u00f6lf Monate nach ihrer Erhebung.<\/p>\n<p>3. Wenn Sie bei uns bestellen<br \/>Wenn Sie in unserem Shop eine Bestellung aufgeben, verarbeiten wir Ihren Namen, Ihre Rechnungsadresse und Ihre E-Mail-Adresse, wie Sie sie im Zuge des Bestellvorgangs angeben. Soweit Sie bei Ihrer Bestellung weitere Daten angeben (z.B. eine abweichende Lieferadresse oder eine Telefonnummer), verarbeiten wir auch diese Daten.<\/p>\n<p>Wir verarbeiten die in Absatz oben genannten Daten elektronisch zur ordnungsgem\u00e4\u00dfen Vertragserf\u00fcllung, insbesondere f\u00fcr die Lieferung, die Rechnungsstellung, die Verbuchung von Zahlungen und die Bearbeitung von Retouren und Reklamationen. Diese Datenverarbeitung erfolgt auf Grundlage von Artikel 6 Absatz 1 Buchstabe b DSGVO.<\/p>\n<p>Wir halten diese Daten gespeichert, bis alle gegenseitigen Anspr\u00fcche aus dem jeweiligen Vertragsverh\u00e4ltnis mit Ihnen vollst\u00e4ndig erledigt und die handels- und steuerrechtlichen Aufbewahrungsfristen abgelaufen sind, denen wir unterliegen.<\/p>\n<p>F\u00fcr einen Vertragsschluss zwischen Ihnen und uns ist es erforderlich, dass wir Ihren Namen, die Lieferadresse und Ihre E-Mail-Adresse erhalten. Die Erforderlichkeit der Bereitstellung dieser Daten ergibt sich aus gesetzlichen Vorschriften (etwa \u00a7 312i Abs. 1 Ziffer 3 BGB, \u00a7 14 Abs. 4 UStG). Ohne Bereitstellung dieser Daten k\u00f6nnen Sie mit uns daher keinen Vertrag schlie\u00dfen.<\/p>\n<p>Zum Vertragsschluss verzichten wir auf automatisierte Entscheidungsfindungen und auf Profiling.<\/p>\n<p>4. Kundenkonto<br \/>Sie k\u00f6nnen optional ein Kundenkonto in unserem Onlineshop anlegen. Die daf\u00fcr erforderlichen und von uns verarbeiteten Daten ergeben sich aus der Eingabemaske zur Er\u00f6ffnung des Kundenkontos. Das Kundenkonto wird ausschlie\u00dflich auf Ihren Wunsch eingerichtet. Rechtsgrundlage ist daher Ihre Einwilligung gem\u00e4\u00df Artikel 6 Absatz 1 Buchstabe a DSGVO. Wir halten die mit dem Kundenkonto verbundenen personenbezogenen Daten gespeichert, bis Sie das Kundenkonto l\u00f6schen oder Sie uns um dessen L\u00f6schung bitten. F\u00fcr personenbezogene Daten aus bereits abgeschlossenen Vertr\u00e4gen bleibt es bei den Aufbewahrungsfristen, wie sie sich aus dem Abschnitt \u201eWenn Sie bei uns bestellen\u201c ergeben, unabh\u00e4ngig vom Bestand des Kundenkontos.<\/p>\n<p>5. Lieferung und Bezahlung<br \/>Soweit wir aufgrund des Kaufvertrags physische Waren \u00fcbersenden, \u00fcbermitteln wir den Namen und die Anschrift des Empf\u00e4ngers ggf. an die Deutsche Post (Deutsche Post AG, 53113 Bonn) oder DHL (DHL Paket GmbH, 53113 Bonn) als Versanddienstleister, und zwar zum Zwecke der Zustellung der Sendung an Sie und ggf. der Retour Ihrer Sendung an uns auf Grundlage von Artikel 6 Absatz 1 Buchstabe b DSGVO.<\/p>\n<p>F\u00fcr die Bezahlung Ihres Einkaufs erhebt und verarbeitet der von Ihnen gew\u00e4hlte Zahlungsdienstleister in Ihrem Auftrag Ihren Namen, Ihre Karten- oder Kontonummer und\/oder weitere Daten, die f\u00fcr die von Ihnen gew\u00e4hlte Zahlungsmethode erforderlich sind. Es gelten insoweit erg\u00e4nzend die Datenschutzbestimmungen des von Ihnen gew\u00e4hlten Zahlungsdienstleisters.<\/p>\n<p>Beim Empfang einer Zahlung verarbeiten wir diejenigen Daten, die uns der Zahlungsdienstleister \u00fcbermittelt.<\/p>\n<p>Die Verarbeitung erfolgt auf Grundlage von Artikel 6 Absatz 1 Buchstabe b DSGVO. Wir halten diese Daten gespeichert, bis alle gegenseitigen Anspr\u00fcche aus dem jeweiligen Vertragsverh\u00e4ltnis mit Ihnen vollst\u00e4ndig erledigt und die handels- und steuerrechtlichen Aufbewahrungsfristen abgelaufen sind, denen wir unterliegen.<\/p>\n<p>6. Auftragsverarbeiter<br \/>Als technischen Dienstleister f\u00fcr den Betrieb unserer Webseite im Internet nehmen wir die Leistungen von WooCommerce, 60 29th Street\u00a0#343<br \/>San Francisco, CA 94110 als Auftragsverarbeiter gem\u00e4\u00df Artikel 28 DSGVO in Anspruch.<\/p>\n<p>7. Kontaktaufnahme<br \/>Wenn Sie uns eine Nachricht per E-Mail schicken, speichern Ihre Nachricht mit den damit \u00fcbermittelten Absenderdaten (Name, E-Mail-Adresse und ggf. weitere von Ihrem E-Mail-Programm und den \u00fcbermittelnden Servern hinzugef\u00fcgte Informationen). F\u00fcr den Empfang, die Speicherung und den Versand von E-Mails nutzen wir einen E-Mail-Anbieter, der f\u00fcr uns als Auftragsverarbeiter im Einklang mit Artikel 28 DSGVO t\u00e4tig wird.<\/p>\n<p>Rechtsgrundlage f\u00fcr diese Datenverarbeitung ist unser berechtigtes Interesse, Ihre Nachricht zu beantworten und auch auf eventuelle Folgefragen von Ihnen reagieren zu k\u00f6nnen (Artikel 6 Absatz 1 Buchstabe f DSGVO). Wir l\u00f6schen die mit Ihrer Nachricht erhobenen Daten sp\u00e4testens zw\u00f6lf Monate nach der letzten mit Ihnen gef\u00fchrten Kommunikation zu Ihrem Anliegen, vorbehaltlich der Reglung im folgenden Absatz.<\/p>\n<p>Wenn Sie uns eine rechtlich relevante Erkl\u00e4rung zum Vertragsverh\u00e4ltnis \u00fcbermitteln (z.B. einen Widerruf oder eine Reklamation), ist Rechtsgrundlage f\u00fcr die Verarbeitung, unabh\u00e4ngig vom \u00dcbermittlungsweg, auch Artikel 6 Absatz 1 Buchstabe b DSGVO. In einem solchen Fall l\u00f6schen wir die mit Ihrer Erkl\u00e4rung zusammenh\u00e4ngenden Daten, sobald alle wechselseitigen Anspr\u00fcche aus dem Vertragsverh\u00e4ltnis endg\u00fcltig erledigt und die handels- und steuerrechtlichen Aufbewahrungsfristen abgelaufen sind.<\/p>\n<p>8. Nutzung von Cookies<br \/>Wenn Sie unseren Shop besuchen, legen wir ein \u201eCookie\u201c auf Ihrem Endger\u00e4t ab. Dabei handelt es sich um eine kleine Textdatei, mit der wir Ihr Endger\u00e4t wiedererkennen k\u00f6nnen, wenn Sie unseren Shop zu sp\u00e4terer Gelegenheit wieder besuchen. Mit Hilfe des Cookies k\u00f6nnen wir auch bestimmte Nutzerverhalten analysieren, z.B., welche Produkte Sie sich anschauen, wie lange Sie auf unserer Seite bleiben und wann und wie oft Sie in unseren Shop zur\u00fcckkehren. Wir l\u00f6schen ein abgelegtes Cookie sp\u00e4testens zw\u00f6lf Monate nach Ihrem letzten Besuch unseres Shops.<\/p>\n<p>Diese Datenverarbeitung erfolgt auf Grundlage von Artikel 6 Absatz 1 Buchstabe f DSGVO zu dem Zweck, unser Produktangebot noch besser auf die W\u00fcnsche unserer Shop-Besucher auszurichten, und die Funktionen unseres Shops und die Effizienz von Werbema\u00dfnahmen zu optimieren.<\/p>\n<p>Sie k\u00f6nnen das Anlegen von Cookies verhindern, indem Sie in die Cookie-Einstellungen Ihres Internetbrowsers gehen und dort f\u00fcr unsere Seite oder f\u00fcr alle Webseiten dem Anlegen von Cookies widersprechen. Dort k\u00f6nnen Sie auch bereits abgelegte Cookies wieder l\u00f6schen.<\/p>\n<p>9. Ihre Rechte<br \/>Bez\u00fcglich der personenbezogenen Daten, die wir \u00fcber Sie verarbeiten, stehen Ihnen die folgenden Rechte zu:<\/p>\n<p>Sie haben das Recht, von uns eine Best\u00e4tigung dar\u00fcber zu verlangen, ob wir Sie betreffende personenbezogene Daten verarbeiten. Ist dies der Fall, so teilen wir Ihnen die \u00fcber Sie gespeicherten personenbezogenen Daten und die weiteren Informationen gem\u00e4\u00df Artikel 15 Abs. 1 u. 2 DSGVO mit.<\/p>\n<p>Sie haben das Recht, Sie betreffende unrichtige personenbezogene Daten unverz\u00fcglich berichtigen zu lassen. Unter Ber\u00fccksichtigung der Zwecke der Verarbeitung haben Sie auch das Recht, die Vervollst\u00e4ndigung unvollst\u00e4ndiger personenbezogener Daten \u2013 auch mittels einer erg\u00e4nzenden Erkl\u00e4rung \u2013 zu verlangen.<\/p>\n<p>Sie k\u00f6nnen von uns die unverz\u00fcgliche L\u00f6schung der Sie betreffenden personenbezogenen Daten unter den Voraussetzungen von Artikel 17 Absatz 1 DSGVO verlangen, soweit deren Verarbeitung nicht gem\u00e4\u00df Artikel 17 Absatz 3 DSGVO erforderlich ist.<\/p>\n<p>Sie k\u00f6nnen von uns die Einschr\u00e4nkung der Verarbeitung Ihrer Daten verlangen, wenn eine der Voraussetzungen von Artikel 18 Absatz 1 DSGVO vorliegt. Sie k\u00f6nnen die Einschr\u00e4nkung insbesondere anstelle einer L\u00f6schung verlangen.<\/p>\n<p>Wir werden jede Berichtigung oder L\u00f6schung Ihrer personenbezogenen Daten und eine Einschr\u00e4nkung der Verarbeitung allen Empf\u00e4ngern mitteilen, denen wir Sie betreffende personenbezogene Daten offengelegt haben, es sei denn, dies erweist sich als unm\u00f6glich oder ist mit einem unverh\u00e4ltnism\u00e4\u00dfigen Aufwand verbunden. Wir werden Sie zudem \u00fcber diese Empf\u00e4nger unterrichten, wenn Sie dies verlangen.<\/p>\n<p>Sie haben das Recht, die personenbezogenen Daten, die Sie uns bereitgestellt haben, in einem strukturierten, g\u00e4ngigen und maschinenlesbaren Format zu erhalten, und k\u00f6nnen verlangen, dass wir diese Daten einem anderen Verantwortlichen ohne Behinderung \u00fcbermitteln, soweit dies technisch m\u00f6glich ist.<\/p>\n<p>Soweit eine Datenverarbeitung auf Ihrer Einwilligung beruht, haben Sie das Recht, Ihre Einwilligung jederzeit zu widerrufen. Durch den Widerruf der Einwilligung wird die Rechtm\u00e4\u00dfigkeit der Datenverarbeitung, die bis zu Ihrem Widerruf erfolgt ist, nicht ber\u00fchrt.<\/p>\n<p>WIDERSPRUCHSRECHT: AUS GR\u00dcNDEN, DIE SICH AUS IHRER BESONDEREN SITUATION ERGEBEN, K\u00d6NNEN SIE JEDERZEIT DER VERARBEITUNG DER SIE BETREFFENDEN PERSONENBEZOGENEN DATEN WIDERSPRECHEN; dieses Widerspruchsrecht besteht in Bezug auf diejenige Datenverarbeitung, die auf Grundlage von Artikel 6 Absatz 1 Buchstabe f DSGVO zur Wahrung berechtigter Interessen unsererseits oder eines Dritten erfolgt, sofern nicht Ihre Interessen oder Grundrechte und Grundfreiheiten, die den Schutz personenbezogener Daten erfordern, \u00fcberwiegen. Wenn Sie Ihr Widerspruchsrecht aus\u00fcben, werden wir die betreffenden Daten nicht mehr verarbeiten, es sei denn, dass wir zwingende schutzw\u00fcrdige Gr\u00fcnde f\u00fcr die Verarbeitung nachweisen k\u00f6nnen, die die Interessen, Rechte und Freiheiten von Ihnen \u00fcberwiegen, oder dass die Verarbeitung der Geltendmachung, Aus\u00fcbung oder Verteidigung von Rechtsanspr\u00fcchen dient.<\/p>\n<p>F\u00dcR DEN FALL, DASS WIR PERSONENBEZOGENE DATEN F\u00dcR DIE DIREKTWERBUNG (Z.B. NEWSLETTER) VERARBEITEN, K\u00d6NNEN SIE JEDERZEIT WIDERSPRUCH GEGEN DIE VERARBEITUNG DER SIE BETREFFENDEN PERSONENBEZOGENEN DATEN ZUM ZWECKE DERARTIGER WERBUNG EINLEGEN MIT DER FOLGE, DASS WIR IHRE DATEN F\u00dcR DIESE ZWECKE NICHT MEHR VERARBEITEN WERDEN.<\/p>\n<p>Wenn Sie der Ansicht sind, dass die Verarbeitung Ihrer personenbezogenen Daten gegen die DSGVO verst\u00f6\u00dft, k\u00f6nnen Sie Beschwerde einlegen bei einer Aufsichtsbeh\u00f6rde, insbesondere in dem Mitgliedstaat Ihres Aufenthaltsorts, Ihres Arbeitsplatzes oder des Orts des mutma\u00dflichen Versto\u00dfes. Das schlie\u00dft anderweitige beh\u00f6rdliche oder gerichtliche Rechtsbehelfe nicht aus.<\/p>\n<p><strong>Widerrufsbelehrung<\/strong><\/p>\n<div>\n<h1>Widerrufsbelehrung<\/h1>\n<h2>Widerrufsrecht<\/h2>\n<p>Sie haben das Recht, binnen vierzehn Tagen ohne Angabe von Gr\u00fcnden diesen Vertrag zu widerrufen. Die Widerrufsfrist betr\u00e4gt vierzehn Tage ab dem Tag, an dem Sie oder ein von Ihnen benannter Dritter, der nicht der Bef\u00f6rderer ist, die Waren in Besitz genommen haben bzw. hat.<\/p>\n<p>Um Ihr Widerrufsrecht auszu\u00fcben, m\u00fcssen Sie uns (Mandy Ro\u00dfbach, Hauptstra\u00dfe 23, 03253 Sch\u00f6nborn, Telefon 017620718723, E-Mail info@vario-shirts.de) mittels einer eindeutigen Erkl\u00e4rung (z.B. ein mit der Post versandter Brief oder E-Mail) \u00fcber Ihren Entschluss, diesen Vertrag zu widerrufen, informieren. Sie k\u00f6nnen daf\u00fcr das beigef\u00fcgte Muster-Widerrufsformular verwenden, das jedoch nicht vorgeschrieben ist.<\/p>\n<p>Zur Wahrung der Widerrufsfrist reicht es aus, dass Sie die Mitteilung \u00fcber die Aus\u00fcbung des Widerrufsrechts vor Ablauf der Widerrufsfrist absenden.<\/p>\n<p>\u00a0<\/p>\n<h2>Folgen des Widerrufs<\/h2>\n<p>Wenn Sie diesen Vertrag widerrufen, haben wir Ihnen alle Zahlungen, die wir von Ihnen erhalten haben, einschlie\u00dflich der Lieferkosten (mit Ausnahme der zus\u00e4tzlichen Kosten, die sich daraus ergeben, dass Sie eine andere Art der Lieferung als die von uns angebotene, g\u00fcnstigste Standardlieferung gew\u00e4hlt haben), unverz\u00fcglich und sp\u00e4testens binnen vierzehn Tagen ab dem Tag zur\u00fcckzuzahlen, an dem die Mitteilung \u00fcber Ihren Widerruf dieses Vertrags bei uns eingegangen ist. F\u00fcr diese R\u00fcckzahlung verwenden wir dasselbe Zahlungsmittel, das Sie bei der urspr\u00fcnglichen Transaktion eingesetzt haben, es sei denn, mit Ihnen wurde ausdr\u00fccklich etwas anderes vereinbart; in keinem Fall werden Ihnen wegen dieser R\u00fcckzahlung Entgelte berechnet.<\/p>\n<p>Wir k\u00f6nnen die R\u00fcckzahlung verweigern, bis wir die Waren wieder zur\u00fcckerhalten haben oder bis Sie den Nachweis erbracht haben, dass Sie die Waren zur\u00fcckgesandt haben, je nachdem, welches der fr\u00fchere Zeitpunkt ist.<\/p>\n<p>Sie haben die Waren unverz\u00fcglich und in jedem Fall sp\u00e4testens binnen vierzehn Tagen ab dem Tag, an dem Sie uns \u00fcber den Widerruf dieses Vertrags unterrichten, an uns zur\u00fcckzusenden oder zu \u00fcbergeben. Die Frist ist gewahrt, wenn Sie die Waren vor Ablauf der Frist von vierzehn Tagen absenden.<\/p>\n<p>Sie tragen die unmittelbaren Kosten der R\u00fccksendung der Waren.<\/p>\n<p>Sie m\u00fcssen f\u00fcr einen etwaigen Wertverlust der Waren nur aufkommen, wenn dieser Wertverlust auf einen zur Pr\u00fcfung der Beschaffenheit, Eigenschaften und Funktionsweise der Waren nicht notwendigen Umgang mit ihnen zur\u00fcckzuf\u00fchren ist.<\/p>\n<hr \/>\n<h1>Ausnahmen vom Widerrufsrecht<\/h1>\n<p>Das Widerrufsrecht besteht nicht bei Vertr\u00e4gen \u00fcber die Lieferung von Waren, die nicht vorgefertigt sind und f\u00fcr deren Herstellung eine individuelle Auswahl oder Bestimmung durch den Verbraucher ma\u00dfgeblich ist oder die eindeutig auf die pers\u00f6nlichen Bed\u00fcrfnisse des Verbrauchers zugeschnitten sind.<\/p>\n<\/div>\n<div>\n<h1>Widerrufsformular<\/h1>\n<p>(Wenn Sie den Vertrag widerrufen wollen, dann f\u00fcllen Sie bitte dieses Formular aus und senden Sie es zur\u00fcck)<\/p>\n<p>\u2014 An Mandy Ro\u00dfbach, Hauptstra\u00dfe 23, 03253 Sch\u00f6nborn, E-Mail info@vario-shirts.de:<br \/>\u2014 Hiermit widerrufe(n) ich\/wir (*) den von mir\/uns (*) abgeschlossenen Vertrag \u00fcber den Kauf der folgenden Waren (*) \/ die Erbringung der folgenden Dienstleistung (*)<br \/>\u2014 Bestellt am (*) \/ erhalten am (*)<br \/>\u2014 Name des\/der Verbraucher(s)<br \/>\u2014 Anschrift des\/der Verbraucher(s)<br \/>\u2014 Unterschrift des\/der Verbraucher(s) (nur bei Mitteilung auf Papier)\u00a0<\/p>\n<p>\u2014 Datum<br \/>(*) Unzutreffendes streichen.<\/p>\n<\/div>\n<p><strong>Angaben zu Bezahlung und Versand<\/strong><\/p>\n<p>Die angegebenen Preise sind Endpreise inkl. der deutschen MwSt. (derzeit 16%) zuz\u00fcglich Versandkosten.<\/p>\n<p>Fertigung und Versand erfolgt in der Regel 3-5 Werktage (Mo- Fr) nach der Bestellung und Gutschrift des Rechnungsbetrages.<\/p>\n<p>Verschickt wird i.d.R. mit der Deutschen Post, soweit m\u00f6glich als Einwurfeinschreiben.<\/p>\n<p>Lieferungen ins Ausland werden als Einschreiben verschickt.<\/p>\n<p>Die Versandkosten betragen pauschal 4,- EUR pro Bestellung.<\/p>\n<p>Bei der Lieferung in die Schweiz und andere L\u00e4nder die nicht zur EU geh\u00f6ren fallen f\u00fcr den K\u00e4ufer evtl. zus\u00e4tzlich Zoll und die landes\u00fcbliche Mehrwertsteuer beim Erhalt der Ware an.<\/p>\n<p>\u00a0<\/p>\n\n\n<p><\/p>\n","protected":false},"excerpt":{"rendered":"<p>Impressum VARIO-SHIRTSMandy Ro\u00dfbachHauptstra\u00dfe 23 03253 Sch\u00f6nborn e-mail: info@vario-shirts.deTel. 035326 938894USt-IdNr.: DE243897180 Zur au\u00dfergerichtlichen Streitschlichtung stellt die EU-Kommission eine Plattform zur Online-Streitbeilegung (\u201eOS-Plattform\u201c) bereit, wobei die OS-Plattform und der Link dorthin nur bis 19.7.2025 verf\u00fcgbar sind http:\/\/ec.europa.eu\/consumers\/odr\/ AGB \u00a0 Anbieter und &hellip; <a href=\"https:\/\/vario-shirts.com\/?page_id=40\">Weiterlesen <span class=\"meta-nav\">&rarr;<\/span><\/a><\/p>\n","protected":false},"author":1,"featured_media":0,"parent":0,"menu_order":0,"comment_status":"closed","ping_status":"open","template":"","meta":[],"_links":{"self":[{"href":"https:\/\/vario-shirts.com\/index.php?rest_route=\/wp\/v2\/pages\/40"}],"collection":[{"href":"https:\/\/vario-shirts.com\/index.php?rest_route=\/wp\/v2\/pages"}],"about":[{"href":"https:\/\/vario-shirts.com\/index.php?rest_route=\/wp\/v2\/types\/page"}],"author":[{"embeddable":true,"href":"https:\/\/vario-shirts.com\/index.php?rest_route=\/wp\/v2\/users\/1"}],"replies":[{"embeddable":true,"href":"https:\/\/vario-shirts.com\/index.php?rest_route=%2Fwp%2Fv2%2Fcomments&post=40"}],"version-history":[{"count":36,"href":"https:\/\/vario-shirts.com\/index.php?rest_route=\/wp\/v2\/pages\/40\/revisions"}],"predecessor-version":[{"id":5811,"href":"https:\/\/vario-shirts.com\/index.php?rest_route=\/wp\/v2\/pages\/40\/revisions\/5811"}],"wp:attachment":[{"href":"https:\/\/vario-shirts.com\/index.php?rest_route=%2Fwp%2Fv2%2Fmedia&parent=40"}],"curies":[{"name":"wp","href":"https:\/\/api.w.org\/{rel}","templated":true}]}}