{"id":5144,"date":"2022-06-01T08:24:06","date_gmt":"2022-06-01T06:24:06","guid":{"rendered":"https:\/\/vario-shirts.com\/?page_id=5144"},"modified":"2022-07-29T20:11:13","modified_gmt":"2022-07-29T18:11:13","slug":"echtheit-von-bewertungen","status":"publish","type":"page","link":"https:\/\/vario-shirts.com\/?page_id=5144","title":{"rendered":"Echtheit von Bewertungen"},"content":{"rendered":"\n<p>Unsere Bewertungen sind nur von Kunden, die das Produkt tats\u00e4chlich gekauft haben und werden vor der Ver\u00f6ffentlichung gepr\u00fcft.<\/p>\n","protected":false},"excerpt":{"rendered":"<p>Unsere Bewertungen sind nur von Kunden, die das Produkt tats\u00e4chlich gekauft haben und werden vor der Ver\u00f6ffentlichung gepr\u00fcft.<\/p>\n","protected":false},"author":1,"featured_media":0,"parent":0,"menu_order":0,"comment_status":"closed","ping_status":"closed","template":"","meta":[],"_links":{"self":[{"href":"https:\/\/vario-shirts.com\/index.php?rest_route=\/wp\/v2\/pages\/5144"}],"collection":[{"href":"https:\/\/vario-shirts.com\/index.php?rest_route=\/wp\/v2\/pages"}],"about":[{"href":"https:\/\/vario-shirts.com\/index.php?rest_route=\/wp\/v2\/types\/page"}],"author":[{"embeddable":true,"href":"https:\/\/vario-shirts.com\/index.php?rest_route=\/wp\/v2\/users\/1"}],"replies":[{"embeddable":true,"href":"https:\/\/vario-shirts.com\/index.php?rest_route=%2Fwp%2Fv2%2Fcomments&post=5144"}],"version-history":[{"count":2,"href":"https:\/\/vario-shirts.com\/index.php?rest_route=\/wp\/v2\/pages\/5144\/revisions"}],"predecessor-version":[{"id":5191,"href":"https:\/\/vario-shirts.com\/index.php?rest_route=\/wp\/v2\/pages\/5144\/revisions\/5191"}],"wp:attachment":[{"href":"https:\/\/vario-shirts.com\/index.php?rest_route=%2Fwp%2Fv2%2Fmedia&parent=5144"}],"curies":[{"name":"wp","href":"https:\/\/api.w.org\/{rel}","templated":true}]}}