{"id":1005,"date":"2013-07-28T18:03:37","date_gmt":"2013-07-28T16:03:37","guid":{"rendered":"http:\/\/vario-shirts.com\/?post_type=product&#038;p=1005"},"modified":"2025-03-24T12:34:58","modified_gmt":"2025-03-24T10:34:58","slug":"wickelstyle-kleid-mit-34-arm","status":"publish","type":"product","link":"https:\/\/vario-shirts.com\/?product=wickelstyle-kleid-mit-34-arm","title":{"rendered":"Wickelstyle Kleid No.1 Dreiviertelarm"},"content":{"rendered":"<p>S\u00fc\u00dfes Tunikakleid in Wickeloptik mit 3\/4 Arm und kontrastfarbig eingefasstem Ausschnitt (Zweitfarbe w\u00e4hlen).<\/p>\n<p>Es sieht aus wie ein Wickelkleid, ist aber zusammengen\u00e4ht und kann einfach \u00fcber den Kopf angezogen werden.<br \/>\nIm Brustbereich ist es relativ schmal geschnitten, von der Taille nach unten verl\u00e4uft es in leichter A-Form. Das Kleid passt also auch, wenn die H\u00fcfte <strong>etwas<\/strong> st\u00e4rker ist.<\/p>\n<p>Das Kleid bzw. die Tunika kann einzeln oder in Kombination mit einem kleinen Top oder einem schmalen Shirt getragen werden. Auf den Fotos ist es z.B. mit unserm <a href=\"http:\/\/vario-shirts.com\/?product=u-boot-top\">U-Boot-Top<\/a> kombiniert<\/p>\n<p><strong>L\u00e4nge:<\/strong><br \/>\nca. 85 cm<br \/>\nca. 95 cm (zzgl. 15,00 EUR)<br \/>\nca. 105 cm (zzgl. 30,00 EUR)<br \/>\nbitte bei den Optionen w\u00e4hlen<\/p>\n<p><strong>Gr\u00f6\u00dfe:<\/strong><br \/>\nKann in Gr\u00f6\u00dfe 32, 34, 36, 38, 40, 42, 44 oder 46 gefertigt werden.<br \/>\nBitte die Ma\u00dftabelle bei den Bildern beachten, die Gr\u00f6\u00dfen fallen vergleichsweise klein aus!<\/p>\n<p><strong>Material:<\/strong><br \/>\nViskose-Jersey, 96% Viskose, 4% Elasthan<br \/>\n\u00d6ko-Tex Standard 100 zertifiziert, in Deutschland hergestellt<\/p>\n<p><strong>Pflege:<\/strong><br \/>\nWaschen: 30\u00b0 C Feinw\u00e4sche<br \/>\nB\u00fcgeln: 1 Punkt<br \/>\nTrockner: nein<\/p>\n<p><strong>Herkunft: <\/strong><br \/>\nDieses Kleidungsst\u00fcck wird innerhalb von 2-9 Werktagen (Mo-Fr) nach Bestellung und Zahlungseingang zugeschnitten und gen\u00e4ht (Schnitt und Design sind nat\u00fcrlich von mir).<br \/>\nMade in Germany \/ Brandenburg \/ Elbe-Elster<\/p>\n<p>Andere L\u00e4ngen sind gern m\u00f6glich, aber von R\u00fcckgabe und Umtausch ausgeschlossen.<\/p>\n","protected":false},"excerpt":{"rendered":"<p>S\u00fc\u00dfes Tunikakleid in Wickeloptik mit 3\/4 Arm und kontrastfarbig eingefasstem Ausschnitt (Zweitfarbe w\u00e4hlen). Es sieht aus wie ein Wickelkleid, ist aber zusammengen\u00e4ht und kann einfach \u00fcber den Kopf angezogen werden. Im Brustbereich ist es relativ schmal geschnitten, von der Taille &hellip; <a href=\"https:\/\/vario-shirts.com\/?product=wickelstyle-kleid-mit-34-arm\">Weiterlesen <span class=\"meta-nav\">&rarr;<\/span><\/a><\/p>\n","protected":false},"featured_media":1653,"comment_status":"open","ping_status":"closed","template":"","meta":[],"product_cat":[209,131,315],"product_tag":[309,172,317,318,344,346],"_links":{"self":[{"href":"https:\/\/vario-shirts.com\/index.php?rest_route=\/wp\/v2\/product\/1005"}],"collection":[{"href":"https:\/\/vario-shirts.com\/index.php?rest_route=\/wp\/v2\/product"}],"about":[{"href":"https:\/\/vario-shirts.com\/index.php?rest_route=\/wp\/v2\/types\/product"}],"replies":[{"embeddable":true,"href":"https:\/\/vario-shirts.com\/index.php?rest_route=%2Fwp%2Fv2%2Fcomments&post=1005"}],"wp:featuredmedia":[{"embeddable":true,"href":"https:\/\/vario-shirts.com\/index.php?rest_route=\/wp\/v2\/media\/1653"}],"wp:attachment":[{"href":"https:\/\/vario-shirts.com\/index.php?rest_route=%2Fwp%2Fv2%2Fmedia&parent=1005"}],"wp:term":[{"taxonomy":"product_cat","embeddable":true,"href":"https:\/\/vario-shirts.com\/index.php?rest_route=%2Fwp%2Fv2%2Fproduct_cat&post=1005"},{"taxonomy":"product_tag","embeddable":true,"href":"https:\/\/vario-shirts.com\/index.php?rest_route=%2Fwp%2Fv2%2Fproduct_tag&post=1005"}],"curies":[{"name":"wp","href":"https:\/\/api.w.org\/{rel}","templated":true}]}}