{"id":1029,"date":"2013-07-28T19:27:29","date_gmt":"2013-07-28T17:27:29","guid":{"rendered":"http:\/\/vario-shirts.com\/?post_type=product&#038;p=1029"},"modified":"2025-03-12T15:09:46","modified_gmt":"2025-03-12T13:09:46","slug":"medi-schalkragen-shirt-armellos","status":"publish","type":"product","link":"https:\/\/vario-shirts.com\/?product=medi-schalkragen-shirt-armellos","title":{"rendered":"Medi-Schalkragen Top"},"content":{"rendered":"<p>Wundersch\u00f6nes Top mit variablem Schalkragen.<br \/>\nDas Top bietet eine ganze Reihe von Tragem\u00f6glichkeiten, so ist der Kragen au\u00dfen locker fallend oder nach innen geschlagen tragbar. An kalten Tagen kann es \u00fcber ein schmales Shirt mit langen \u00c4rmeln getragen oder mit Armstulpen kombiniert werden.<\/p>\n<p><strong>L\u00e4nge:<\/strong> ca. 60 cm<\/p>\n<p><strong>Gr\u00f6\u00dfe:<\/strong><br \/>\nKann in Gr\u00f6\u00dfe 32, 34, 36, 38, 40, 42, 44 oder 46 gefertigt werden.<br \/>\nBitte die Ma\u00dftabelle bei den Bildern beachten, die Gr\u00f6\u00dfen fallen vergleichsweise klein aus!<\/p>\n<p><strong>Material<\/strong>:<br \/>\nViskose-Jersey, 96% Viskose, 4% Elasthan<br \/>\n\u00d6ko-Tex Standard 100 zertifiziert, in Deutschland hergestellt<\/p>\n<p><strong>Pflege<\/strong>:<br \/>\nWaschen: 30\u00b0 C Feinw\u00e4sche<br \/>\nB\u00fcgeln: 1 Punkt<br \/>\nTrockner: nein<\/p>\n<p><strong>Herkunft: <\/strong><br \/>\nDieses Kleidungsst\u00fcck wird innerhalb von 2-9 Werktagen (Mo-Fr) nach Bestellung und Zahlungseingang zugeschnitten und gen\u00e4ht (Schnitt und Design sind nat\u00fcrlich von mir).<br \/>\nMade in Germany \/ Brandenburg \/ Elbe-Elster<\/p>\n<p>Das Top gibt es auch in der etwas tiefer ausgeschnittenen Variante als <a href=\"https:\/\/vario-shirts.com\/?product=sexy-schalkragen-top\">Sexy-Schalkragen Top<\/a><\/p>\n","protected":false},"excerpt":{"rendered":"<p>Wundersch\u00f6nes Top mit variablem Schalkragen. Das Top bietet eine ganze Reihe von Tragem\u00f6glichkeiten, so ist der Kragen au\u00dfen locker fallend oder nach innen geschlagen tragbar. An kalten Tagen kann es \u00fcber ein schmales Shirt mit langen \u00c4rmeln getragen oder mit &hellip; <a href=\"https:\/\/vario-shirts.com\/?product=medi-schalkragen-shirt-armellos\">Weiterlesen <span class=\"meta-nav\">&rarr;<\/span><\/a><\/p>\n","protected":false},"featured_media":4832,"comment_status":"open","ping_status":"closed","template":"","meta":[],"product_cat":[175,207,314,310],"product_tag":[480,318,319,372],"_links":{"self":[{"href":"https:\/\/vario-shirts.com\/index.php?rest_route=\/wp\/v2\/product\/1029"}],"collection":[{"href":"https:\/\/vario-shirts.com\/index.php?rest_route=\/wp\/v2\/product"}],"about":[{"href":"https:\/\/vario-shirts.com\/index.php?rest_route=\/wp\/v2\/types\/product"}],"replies":[{"embeddable":true,"href":"https:\/\/vario-shirts.com\/index.php?rest_route=%2Fwp%2Fv2%2Fcomments&post=1029"}],"wp:featuredmedia":[{"embeddable":true,"href":"https:\/\/vario-shirts.com\/index.php?rest_route=\/wp\/v2\/media\/4832"}],"wp:attachment":[{"href":"https:\/\/vario-shirts.com\/index.php?rest_route=%2Fwp%2Fv2%2Fmedia&parent=1029"}],"wp:term":[{"taxonomy":"product_cat","embeddable":true,"href":"https:\/\/vario-shirts.com\/index.php?rest_route=%2Fwp%2Fv2%2Fproduct_cat&post=1029"},{"taxonomy":"product_tag","embeddable":true,"href":"https:\/\/vario-shirts.com\/index.php?rest_route=%2Fwp%2Fv2%2Fproduct_tag&post=1029"}],"curies":[{"name":"wp","href":"https:\/\/api.w.org\/{rel}","templated":true}]}}