{"id":1043,"date":"2013-07-28T20:08:33","date_gmt":"2013-07-28T18:08:33","guid":{"rendered":"http:\/\/vario-shirts.com\/?post_type=product&#038;p=1043"},"modified":"2025-03-12T17:55:26","modified_gmt":"2025-03-12T15:55:26","slug":"bolero-zum-knoten-mit-schmetterlingsarmeln","status":"publish","type":"product","link":"https:\/\/vario-shirts.com\/?product=bolero-zum-knoten-mit-schmetterlingsarmeln","title":{"rendered":"Bolero zum Knoten mit Schmetterlings\u00e4rmeln"},"content":{"rendered":"<p>Supers\u00fc\u00dfer, kleiner Bolero zum Knoten mit Schmetterlings\u00e4rmeln.<br \/>\nDer Bolero ist ideal, wenn Frau etwas Kleines zum \u00dcberziehen braucht und auch super zum Tanzen oder Yoga geeignet.<\/p>\n<p><strong>Gr\u00f6\u00dfe:<\/strong><br \/>\nKann in Gr\u00f6\u00dfe 32, 34, 36, 38, 40, 42, 44 oder 46 gefertigt werden.<br \/>\nBitte die Ma\u00dftabelle bei den Bildern beachten, die Gr\u00f6\u00dfen fallen vergleichsweise klein aus!<\/p>\n<p><strong>Material:<\/strong><br \/>\nViskose-Jersey, 96% Viskose, 4% Elasthan<br \/>\n\u00d6ko-Tex Standard 100 zertifiziert, in Deutschland hergestellt<\/p>\n<p><strong>Pflege:<\/strong><br \/>\nWaschen: 30\u00b0 C Feinw\u00e4sche<br \/>\nB\u00fcgeln: 1 Punkt<br \/>\nTrockner: nein<\/p>\n<p><strong>Herkunft: <\/strong><br \/>\nDieses Kleidungsst\u00fcck wird innerhalb von 2-9 Werktagen (Mo-Fr) nach Bestellung und Zahlungseingang zugeschnitten und gen\u00e4ht (Schnitt und Design sind nat\u00fcrlich von mir).<br \/>\nMade in Germany \/ Brandenburg \/ Elbe-Elster<\/p>\n","protected":false},"excerpt":{"rendered":"<p>Supers\u00fc\u00dfer, kleiner Bolero zum Knoten mit Schmetterlings\u00e4rmeln. Der Bolero ist ideal, wenn Frau etwas Kleines zum \u00dcberziehen braucht und auch super zum Tanzen oder Yoga geeignet. Gr\u00f6\u00dfe: Kann in Gr\u00f6\u00dfe 32, 34, 36, 38, 40, 42, 44 oder 46 gefertigt &hellip; <a href=\"https:\/\/vario-shirts.com\/?product=bolero-zum-knoten-mit-schmetterlingsarmeln\">Weiterlesen <span class=\"meta-nav\">&rarr;<\/span><\/a><\/p>\n","protected":false},"featured_media":1046,"comment_status":"open","ping_status":"closed","template":"","meta":[],"product_cat":[176],"product_tag":[349,347,318],"_links":{"self":[{"href":"https:\/\/vario-shirts.com\/index.php?rest_route=\/wp\/v2\/product\/1043"}],"collection":[{"href":"https:\/\/vario-shirts.com\/index.php?rest_route=\/wp\/v2\/product"}],"about":[{"href":"https:\/\/vario-shirts.com\/index.php?rest_route=\/wp\/v2\/types\/product"}],"replies":[{"embeddable":true,"href":"https:\/\/vario-shirts.com\/index.php?rest_route=%2Fwp%2Fv2%2Fcomments&post=1043"}],"wp:featuredmedia":[{"embeddable":true,"href":"https:\/\/vario-shirts.com\/index.php?rest_route=\/wp\/v2\/media\/1046"}],"wp:attachment":[{"href":"https:\/\/vario-shirts.com\/index.php?rest_route=%2Fwp%2Fv2%2Fmedia&parent=1043"}],"wp:term":[{"taxonomy":"product_cat","embeddable":true,"href":"https:\/\/vario-shirts.com\/index.php?rest_route=%2Fwp%2Fv2%2Fproduct_cat&post=1043"},{"taxonomy":"product_tag","embeddable":true,"href":"https:\/\/vario-shirts.com\/index.php?rest_route=%2Fwp%2Fv2%2Fproduct_tag&post=1043"}],"curies":[{"name":"wp","href":"https:\/\/api.w.org\/{rel}","templated":true}]}}