{"id":149,"date":"2012-11-04T18:17:46","date_gmt":"2012-11-04T16:17:46","guid":{"rendered":"https:\/\/vario-shirts.com\/?post_type=product&#038;p=149"},"modified":"2025-03-12T18:36:26","modified_gmt":"2025-03-12T16:36:26","slug":"spagettitrager-top-lg65","status":"publish","type":"product","link":"https:\/\/vario-shirts.com\/?product=spagettitrager-top-lg65","title":{"rendered":"Spaghettitr\u00e4ger Top Kontrast"},"content":{"rendered":"<p>S\u00fc\u00dfes, bequemes Top mit Spaghettitr\u00e4gern.<br \/>\nDas Top kann einzeln als Sommertop aber auch als Unterhemd, unter Kleidungsst\u00fccken, die sonst zu tief blicken lassen oder als \u201eBlickfang\u201c \u00fcber schmalen Shirts getragen werden.<br \/>\nIn Kombination mit dem passenden Rock kann es wie ein Kleid wirken.<br \/>\nDie Zweitfarbe kann f\u00fcr Tr\u00e4ger und Ausschnitt gew\u00e4hlt werden.<\/p>\n<p><strong>L\u00e4nge:<\/strong><br \/>\nca. 55 cm,<br \/>\nca. 65 cm (+ 4,- EUR)<br \/>\nbitte bei den Optionen w\u00e4hlen<\/p>\n<p><strong>Gr\u00f6\u00dfe<\/strong>:<br \/>\nKann in Gr\u00f6\u00dfe 32, 34, 36, 38, 40, 42, 44 oder 46 gefertigt werden.<br \/>\nBitte die Ma\u00dftabelle bei den Bildern beachten, die Gr\u00f6\u00dfen fallen vergleichsweise klein aus!<\/p>\n<p><img decoding=\"async\" loading=\"lazy\" class=\"alignright size-full wp-image-3631\" src=\"https:\/\/vario-shirts.com\/wp-content\/uploads\/2020\/03\/SchnittformVS.jpg\" alt=\"\" width=\"301\" height=\"374\" \/><\/p>\n<p><strong>Schnittform:<\/strong><br \/>\nenganliegend<br \/>\nleicht tailliert oder<br \/>\ngerade geschnitten<br \/>\nbitte bei den Optionen w\u00e4hlen<\/p>\n<p>\u201eEnganliegend\u201c bedeutet, da wo die K\u00f6rperma\u00dfe mit der Ma\u00dftabelle \u00fcbereinstimmen, liegt das Shirt durchgehend am K\u00f6rper an.<br \/>\nDie Schnittform \u201cleicht tailliert\u201d ist im Taillenbereich ca. 5 cm weiter.<br \/>\nDie \u201egerade geschnittenen\u201c Shirts sitzen im Bauchbereich entsprechend lockerer.<\/p>\n<p><strong>Material:<\/strong><br \/>\nViskose-Jersey, 96% Viskose, 4% Elasthan<br \/>\n\u00d6ko-Tex Standard 100 zertifiziert, in Deutschland hergestellt<\/p>\n<p><strong>Pflege:<\/strong><br \/>\nWaschen: 30\u00b0 C Feinw\u00e4sche<br \/>\nB\u00fcgeln: 1 Punkt<br \/>\nTrockner: nein<\/p>\n<p><strong>Herkunft: <\/strong><br \/>\nDieses Kleidungsst\u00fcck wird innerhalb von 2-9 Werktagen (Mo-Fr) nach Bestellung und Zahlungseingang zugeschnitten und gen\u00e4ht (Schnitt und Design sind nat\u00fcrlich von mir).<br \/>\nMade in Germany \/ Brandenburg \/ Elbe-Elster<\/p>\n<p><strong>Extras:<\/strong><br \/>\nDieses Kleidungsst\u00fcck kann mit <a href=\"https:\/\/vario-shirts.com\/?product=stilleinsatz\">Stilleinsatz<\/a> oder <a href=\"https:\/\/vario-shirts.com\/?product=raffung\">Raffung<\/a> hergestellt werden. Bitte einfach dazu bestellen.<\/p>\n<p>Das Model ist ca. 1,72 m gro\u00df.<\/p>\n","protected":false},"excerpt":{"rendered":"<p>S\u00fc\u00dfes, bequemes Top mit Spaghettitr\u00e4gern. Das Top kann einzeln als Sommertop aber auch als Unterhemd, unter Kleidungsst\u00fccken, die sonst zu tief blicken lassen oder als \u201eBlickfang\u201c \u00fcber schmalen Shirts getragen werden. In Kombination mit dem passenden Rock kann es wie &hellip; <a href=\"https:\/\/vario-shirts.com\/?product=spagettitrager-top-lg65\">Weiterlesen <span class=\"meta-nav\">&rarr;<\/span><\/a><\/p>\n","protected":false},"featured_media":153,"comment_status":"open","ping_status":"closed","template":"","meta":[],"product_cat":[122,207,314],"product_tag":[309,318,370],"_links":{"self":[{"href":"https:\/\/vario-shirts.com\/index.php?rest_route=\/wp\/v2\/product\/149"}],"collection":[{"href":"https:\/\/vario-shirts.com\/index.php?rest_route=\/wp\/v2\/product"}],"about":[{"href":"https:\/\/vario-shirts.com\/index.php?rest_route=\/wp\/v2\/types\/product"}],"replies":[{"embeddable":true,"href":"https:\/\/vario-shirts.com\/index.php?rest_route=%2Fwp%2Fv2%2Fcomments&post=149"}],"wp:featuredmedia":[{"embeddable":true,"href":"https:\/\/vario-shirts.com\/index.php?rest_route=\/wp\/v2\/media\/153"}],"wp:attachment":[{"href":"https:\/\/vario-shirts.com\/index.php?rest_route=%2Fwp%2Fv2%2Fmedia&parent=149"}],"wp:term":[{"taxonomy":"product_cat","embeddable":true,"href":"https:\/\/vario-shirts.com\/index.php?rest_route=%2Fwp%2Fv2%2Fproduct_cat&post=149"},{"taxonomy":"product_tag","embeddable":true,"href":"https:\/\/vario-shirts.com\/index.php?rest_route=%2Fwp%2Fv2%2Fproduct_tag&post=149"}],"curies":[{"name":"wp","href":"https:\/\/api.w.org\/{rel}","templated":true}]}}