{"id":1626,"date":"2015-01-05T13:38:24","date_gmt":"2015-01-05T11:38:24","guid":{"rendered":"http:\/\/vario-shirts.com\/?post_type=product&#038;p=1626"},"modified":"2025-03-24T14:52:55","modified_gmt":"2025-03-24T12:52:55","slug":"mira-armstulpen-mit-rueschen-wendbar","status":"publish","type":"product","link":"https:\/\/vario-shirts.com\/?product=mira-armstulpen-mit-rueschen-wendbar","title":{"rendered":"Mira Armstulpen mit R\u00fcschen wendbar"},"content":{"rendered":"<p>Super sch\u00f6ne Armstulpen zum wenden.<\/p>\n<p>Sie verl\u00e4ngern die \u00c4rmel und w\u00e4rmen die H\u00e4nde, wenn es w\u00e4rmer wird verschwinden sie einfach in der Handtasche. Falls sie schmutzig werden, dreht man sie einfach um.<\/p>\n<p>Tolles Geschenk, f\u00fcr Freundin, Schwester, Oma oder (Schwieger-)Mama die oft mit kalten H\u00e4nden und\/oder zu kurzen \u00c4rmeln k\u00e4mpfen. Oder einfach sich selbst mal etwas sch\u00f6nes g\u00f6nnen!<\/p>\n<p><strong>Gr\u00f6\u00dfe:<\/strong>\u00a0Einheitsgr\u00f6\u00dfe<\/p>\n<p><strong>Farbe:\u00a0<\/strong>dunkelblau\/dunkelrot<\/p>\n<p><strong>Material:<\/strong><br \/>\nViskose-Jersey,96% Viskose, 4%Elastan<br \/>\n\u00d6ko-Tex Standard 100 zertifiziert, in Deutschland hergestellt<\/p>\n<p><strong>Pflege:<\/strong><br \/>\nWaschen: 30\u00b0C Feinw\u00e4sche<br \/>\nB\u00fcgeln: 1 Punkt<br \/>\nTrockner: nein<br \/>\n<strong><br \/>\nHerkunft:<\/strong><br \/>\nDieses Kleidungsst\u00fcck wurde in Deutschland gefertigt und wird am Tag nach Zahlungseingang verschickt<\/p>\n","protected":false},"excerpt":{"rendered":"<p>Super sch\u00f6ne Armstulpen zum wenden. Sie verl\u00e4ngern die \u00c4rmel und w\u00e4rmen die H\u00e4nde, wenn es w\u00e4rmer wird verschwinden sie einfach in der Handtasche. Falls sie schmutzig werden, dreht man sie einfach um. Tolles Geschenk, f\u00fcr Freundin, Schwester, Oma oder (Schwieger-)Mama &hellip; <a href=\"https:\/\/vario-shirts.com\/?product=mira-armstulpen-mit-rueschen-wendbar\">Weiterlesen <span class=\"meta-nav\">&rarr;<\/span><\/a><\/p>\n","protected":false},"featured_media":1629,"comment_status":"open","ping_status":"closed","template":"","meta":[],"product_cat":[187,121,359,490],"product_tag":[],"_links":{"self":[{"href":"https:\/\/vario-shirts.com\/index.php?rest_route=\/wp\/v2\/product\/1626"}],"collection":[{"href":"https:\/\/vario-shirts.com\/index.php?rest_route=\/wp\/v2\/product"}],"about":[{"href":"https:\/\/vario-shirts.com\/index.php?rest_route=\/wp\/v2\/types\/product"}],"replies":[{"embeddable":true,"href":"https:\/\/vario-shirts.com\/index.php?rest_route=%2Fwp%2Fv2%2Fcomments&post=1626"}],"wp:featuredmedia":[{"embeddable":true,"href":"https:\/\/vario-shirts.com\/index.php?rest_route=\/wp\/v2\/media\/1629"}],"wp:attachment":[{"href":"https:\/\/vario-shirts.com\/index.php?rest_route=%2Fwp%2Fv2%2Fmedia&parent=1626"}],"wp:term":[{"taxonomy":"product_cat","embeddable":true,"href":"https:\/\/vario-shirts.com\/index.php?rest_route=%2Fwp%2Fv2%2Fproduct_cat&post=1626"},{"taxonomy":"product_tag","embeddable":true,"href":"https:\/\/vario-shirts.com\/index.php?rest_route=%2Fwp%2Fv2%2Fproduct_tag&post=1626"}],"curies":[{"name":"wp","href":"https:\/\/api.w.org\/{rel}","templated":true}]}}