{"id":165,"date":"2012-11-04T18:41:15","date_gmt":"2012-11-04T16:41:15","guid":{"rendered":"https:\/\/vario-shirts.com\/?post_type=product&#038;p=165"},"modified":"2025-03-24T12:17:44","modified_gmt":"2025-03-24T10:17:44","slug":"spagettitrager-kleid-l85","status":"publish","type":"product","link":"https:\/\/vario-shirts.com\/?product=spagettitrager-kleid-l85","title":{"rendered":"Spaghettitr\u00e4ger-Kleid"},"content":{"rendered":"<p>S\u00fc\u00dfes, bequemes enganliegendes Minikleid mit Spaghettitr\u00e4gern. Eigentlich ist es die Verl\u00e4ngerung des <a href=\"https:\/\/vario-shirts.com\/?product=Spaghettitr\u00e4ger-Top von VARIO-SHIRTS\" target=\"_blank\" rel=\"noopener noreferrer\">Spagettitr\u00e4ger-Top von VARIO-SHIRTS<\/a><\/p>\n<p>Sieht sch\u00f6n aus, einzeln als Kleid getragen oder in Kombination mit schmalen Shirts und\/oder schmalen Hosen und Leggings.<\/p>\n<p>reinschl\u00fcpfen-wohlf\u00fchlen-gut aussehen<\/p>\n<p><strong>L\u00e4nge:<\/strong> ca. 85 cm<\/p>\n<p><strong>Gr\u00f6\u00dfe:<\/strong><br \/>\nKann in Gr\u00f6\u00dfe 32, 34, 36, 38, 40, 42, 44 oder 46 gefertigt werden.<br \/>\nBitte die Ma\u00dftabelle bei den Bildern beachten, die Gr\u00f6\u00dfen fallen vergleichsweise klein aus!<\/p>\n<p><strong>Farben\/Material:<\/strong><br \/>\nViskose-Jersey, 96% Viskose, 4% Elasthan<br \/>\n\u00d6ko-Tex Standard 100 zertifiziert, in Deutschland hergestellt<br \/>\nJe nach Wunsch ein- oder zweifarbig.<br \/>\nDie Zweitfarbe bestimmt Tr\u00e4ger und Ausschnitt (bitte bei den Optionen ausw\u00e4hlen)<\/p>\n<p><strong>Pflege:<\/strong><br \/>\nWaschen: 30\u00b0 C Feinw\u00e4sche<br \/>\nB\u00fcgeln: 1 Punkt<br \/>\nTrockner: nein<\/p>\n<p><strong>Herkunft: <\/strong><br \/>\nDieses Kleidungsst\u00fcck wird innerhalb von 2-9 Werktagen (Mo-Fr) nach Bestellung und Zahlungseingang zugeschnitten und gen\u00e4ht (Schnitt und Design sind nat\u00fcrlich von mir).<br \/>\nMade in Germany \/ Brandenburg \/ Elbe-Elster<\/p>\n<p>Das Model ist ca. 1,72 m gro\u00df und tr\u00e4gt den Schlupfbolero mit kurzen \u00c4rmeln dazu.<\/p>\n","protected":false},"excerpt":{"rendered":"<p>S\u00fc\u00dfes, bequemes enganliegendes Minikleid mit Spaghettitr\u00e4gern. Eigentlich ist es die Verl\u00e4ngerung des Spagettitr\u00e4ger-Top von VARIO-SHIRTS Sieht sch\u00f6n aus, einzeln als Kleid getragen oder in Kombination mit schmalen Shirts und\/oder schmalen Hosen und Leggings. reinschl\u00fcpfen-wohlf\u00fchlen-gut aussehen L\u00e4nge: ca. 85 cm Gr\u00f6\u00dfe: &hellip; <a href=\"https:\/\/vario-shirts.com\/?product=spagettitrager-kleid-l85\">Weiterlesen <span class=\"meta-nav\">&rarr;<\/span><\/a><\/p>\n","protected":false},"featured_media":3217,"comment_status":"open","ping_status":"closed","template":"","meta":[],"product_cat":[209,123,315],"product_tag":[170,318,56,221,208],"_links":{"self":[{"href":"https:\/\/vario-shirts.com\/index.php?rest_route=\/wp\/v2\/product\/165"}],"collection":[{"href":"https:\/\/vario-shirts.com\/index.php?rest_route=\/wp\/v2\/product"}],"about":[{"href":"https:\/\/vario-shirts.com\/index.php?rest_route=\/wp\/v2\/types\/product"}],"replies":[{"embeddable":true,"href":"https:\/\/vario-shirts.com\/index.php?rest_route=%2Fwp%2Fv2%2Fcomments&post=165"}],"wp:featuredmedia":[{"embeddable":true,"href":"https:\/\/vario-shirts.com\/index.php?rest_route=\/wp\/v2\/media\/3217"}],"wp:attachment":[{"href":"https:\/\/vario-shirts.com\/index.php?rest_route=%2Fwp%2Fv2%2Fmedia&parent=165"}],"wp:term":[{"taxonomy":"product_cat","embeddable":true,"href":"https:\/\/vario-shirts.com\/index.php?rest_route=%2Fwp%2Fv2%2Fproduct_cat&post=165"},{"taxonomy":"product_tag","embeddable":true,"href":"https:\/\/vario-shirts.com\/index.php?rest_route=%2Fwp%2Fv2%2Fproduct_tag&post=165"}],"curies":[{"name":"wp","href":"https:\/\/api.w.org\/{rel}","templated":true}]}}