{"id":1707,"date":"2015-01-18T19:19:02","date_gmt":"2015-01-18T17:19:02","guid":{"rendered":"https:\/\/vario-shirts.com\/?post_type=product&#038;p=1707"},"modified":"2025-03-24T09:02:35","modified_gmt":"2025-03-24T07:02:35","slug":"wasserfalltop-zweifarbig","status":"publish","type":"product","link":"https:\/\/vario-shirts.com\/?product=wasserfalltop-zweifarbig","title":{"rendered":"Wasserfall Top Kontrast"},"content":{"rendered":"<p>Schmal geschnittenes Basic-Top mit sch\u00f6nem Wasserfall-Ausschnitt und kontrastfarbenem Halsausschnitt (bitte als Zweitfarbe w\u00e4hlen). Durch den Wasserfallausschnitt sitzt das Shirt im oberen Bereich etwas lockerer als die anderen enganliegenden Basic-Shirts und Tops.<\/p>\n<p><strong>Schulterbreite<\/strong>: ca. 5 cm<br \/>\n<strong>Halsausschnitt:<\/strong> Wasserfallkragen<\/p>\n<p><strong>L\u00e4nge:<\/strong><br \/>\nnormal ca. 60 cm,<br \/>\nextra lang ca. 70 cm (+ 10,- EUR)<\/p>\n<p>bitte bei den Optionen w\u00e4hlen<\/p>\n<p><strong>Gr\u00f6\u00dfe<\/strong>:<br \/>\nKann in Gr\u00f6\u00dfe 32, 34, 36, 38, 40, 42, 44 oder 46 gefertigt werden.<br \/>\nBitte die Ma\u00dftabelle bei den Bildern beachten, die Gr\u00f6\u00dfen fallen vergleichsweise klein aus!<\/p>\n<p><img decoding=\"async\" loading=\"lazy\" class=\"alignright size-full wp-image-3631\" src=\"https:\/\/vario-shirts.com\/wp-content\/uploads\/2020\/03\/SchnittformVS.jpg\" alt=\"\" width=\"301\" height=\"374\" \/><br \/>\n<strong>Schnittform<\/strong>:<br \/>\nenganliegend<br \/>\nleicht tailliert oder<br \/>\ngerade geschnitten<br \/>\nbitte bei den Optionen w\u00e4hlen<\/p>\n<p>\u201eEnganliegend\u201c bedeutet, da wo die K\u00f6rperma\u00dfe mit der Ma\u00dftabelle \u00fcbereinstimmen, liegt das Shirt durchgehend am K\u00f6rper an.<br \/>\nDie Schnittform \u201cleicht tailliert\u201d ist im Taillenbereich ca. 5 cm weiter.<br \/>\nDie \u201egerade geschnittenen\u201c Shirts sitzen im Bauchbereich entsprechend lockerer.<\/p>\n<p><strong>Material:<\/strong><br \/>\nViskose-Jersey, 96% Viskose, 4% Elasthan<br \/>\n\u00d6ko-Tex Standard 100 zertifiziert, in Deutschland hergestellt<\/p>\n<p><strong>Pflege:<\/strong><br \/>\nWaschen: 30\u00b0 C Feinw\u00e4sche<br \/>\nB\u00fcgeln: 1 Punkt<br \/>\nTrockner: nein<\/p>\n<p><strong>Herkunft: <\/strong><br \/>\nDieses Kleidungsst\u00fcck wird innerhalb von 2-9 Werktagen (Mo-Fr) nach Bestellung und Zahlungseingang zugeschnitten und gen\u00e4ht (Schnitt und Design sind nat\u00fcrlich von mir).<br \/>\nMade in Germany \/ Brandenburg \/ Elbe-Elster<\/p>\n<p>Dieses Top ist auch einfarbig in unserem Shop erh\u00e4ltlich. <a href=\"https:\/\/vario-shirts.com\/?product=wasserfalltop\" target=\"_blank\" rel=\"noopener noreferrer\">Wasserfalltop einfarbig<\/a><\/p>\n","protected":false},"excerpt":{"rendered":"<p>Schmal geschnittenes Basic-Top mit sch\u00f6nem Wasserfall-Ausschnitt und kontrastfarbenem Halsausschnitt (bitte als Zweitfarbe w\u00e4hlen). Durch den Wasserfallausschnitt sitzt das Shirt im oberen Bereich etwas lockerer als die anderen enganliegenden Basic-Shirts und Tops. Schulterbreite: ca. 5 cm Halsausschnitt: Wasserfallkragen L\u00e4nge: normal ca. &hellip; <a href=\"https:\/\/vario-shirts.com\/?product=wasserfalltop-zweifarbig\">Weiterlesen <span class=\"meta-nav\">&rarr;<\/span><\/a><\/p>\n","protected":false},"featured_media":3223,"comment_status":"open","ping_status":"closed","template":"","meta":[],"product_cat":[207,314,307],"product_tag":[318,449,473,472,63,471],"_links":{"self":[{"href":"https:\/\/vario-shirts.com\/index.php?rest_route=\/wp\/v2\/product\/1707"}],"collection":[{"href":"https:\/\/vario-shirts.com\/index.php?rest_route=\/wp\/v2\/product"}],"about":[{"href":"https:\/\/vario-shirts.com\/index.php?rest_route=\/wp\/v2\/types\/product"}],"replies":[{"embeddable":true,"href":"https:\/\/vario-shirts.com\/index.php?rest_route=%2Fwp%2Fv2%2Fcomments&post=1707"}],"wp:featuredmedia":[{"embeddable":true,"href":"https:\/\/vario-shirts.com\/index.php?rest_route=\/wp\/v2\/media\/3223"}],"wp:attachment":[{"href":"https:\/\/vario-shirts.com\/index.php?rest_route=%2Fwp%2Fv2%2Fmedia&parent=1707"}],"wp:term":[{"taxonomy":"product_cat","embeddable":true,"href":"https:\/\/vario-shirts.com\/index.php?rest_route=%2Fwp%2Fv2%2Fproduct_cat&post=1707"},{"taxonomy":"product_tag","embeddable":true,"href":"https:\/\/vario-shirts.com\/index.php?rest_route=%2Fwp%2Fv2%2Fproduct_tag&post=1707"}],"curies":[{"name":"wp","href":"https:\/\/api.w.org\/{rel}","templated":true}]}}