{"id":1713,"date":"2015-02-26T12:56:45","date_gmt":"2015-02-26T10:56:45","guid":{"rendered":"http:\/\/vario-shirts.com\/?post_type=product&#038;p=1713"},"modified":"2025-03-12T16:42:07","modified_gmt":"2025-03-12T14:42:07","slug":"schmetterlings-fledermausshirt-u-boot","status":"publish","type":"product","link":"https:\/\/vario-shirts.com\/?product=schmetterlings-fledermausshirt-u-boot","title":{"rendered":"Schmetterlings-Fledermaus Shirt U-Boot"},"content":{"rendered":"<p>Wunderbar gem\u00fctlich und zugleich auff\u00e4llig und besonders ist diese Kombination aus Fledermaus und Schmetterlings\u00e4rmeln.<br \/>\nEin Shirt, welches schick und cool zugleich und an vielen Orten und Anl\u00e4ssen passend ist.<\/p>\n<p><strong>L\u00e4nge<\/strong>: ca. 65 cm<\/p>\n<p><strong>Gr\u00f6\u00dfe<\/strong>:<br \/>\nKann in Gr\u00f6\u00dfe 32, 34, 36, 38, 40, 42, 44 oder 46 gefertigt werden.<br \/>\nBitte die Ma\u00dftabelle bei den Bildern beachten, die Gr\u00f6\u00dfen fallen vergleichsweise klein aus!<\/p>\n<p><strong>Material<\/strong>:<br \/>\nViskose-Jersey, 96% Viskose, 4% Elasthan<br \/>\n\u00d6ko-Tex Standard 100 zertifiziert, in Deutschland hergestellt<\/p>\n<p><strong>Pflege:<\/strong><br \/>\nWaschen: 30\u00b0 C Feinw\u00e4sche<br \/>\nB\u00fcgeln: 1 Punkt<br \/>\nTrockner: nein<\/p>\n<p><strong>Herkunft<\/strong>:<br \/>\nDieses Kleidungsst\u00fcck wird innerhalb von 2-9 Werktagen (Mo-Fr) nach Bestellung und Zahlungseingang zugeschnitten und gen\u00e4ht (Schnitt und Design sind nat\u00fcrlich von mir).<br \/>\nMade in Germany \/ Brandenburg \/ Elbe-Elster<\/p>\n","protected":false},"excerpt":{"rendered":"<p>Wunderbar gem\u00fctlich und zugleich auff\u00e4llig und besonders ist diese Kombination aus Fledermaus und Schmetterlings\u00e4rmeln. Ein Shirt, welches schick und cool zugleich und an vielen Orten und Anl\u00e4ssen passend ist. L\u00e4nge: ca. 65 cm Gr\u00f6\u00dfe: Kann in Gr\u00f6\u00dfe 32, 34, 36, &hellip; <a href=\"https:\/\/vario-shirts.com\/?product=schmetterlings-fledermausshirt-u-boot\">Weiterlesen <span class=\"meta-nav\">&rarr;<\/span><\/a><\/p>\n","protected":false},"featured_media":3118,"comment_status":"open","ping_status":"closed","template":"","meta":[],"product_cat":[189],"product_tag":[385,384,318],"_links":{"self":[{"href":"https:\/\/vario-shirts.com\/index.php?rest_route=\/wp\/v2\/product\/1713"}],"collection":[{"href":"https:\/\/vario-shirts.com\/index.php?rest_route=\/wp\/v2\/product"}],"about":[{"href":"https:\/\/vario-shirts.com\/index.php?rest_route=\/wp\/v2\/types\/product"}],"replies":[{"embeddable":true,"href":"https:\/\/vario-shirts.com\/index.php?rest_route=%2Fwp%2Fv2%2Fcomments&post=1713"}],"wp:featuredmedia":[{"embeddable":true,"href":"https:\/\/vario-shirts.com\/index.php?rest_route=\/wp\/v2\/media\/3118"}],"wp:attachment":[{"href":"https:\/\/vario-shirts.com\/index.php?rest_route=%2Fwp%2Fv2%2Fmedia&parent=1713"}],"wp:term":[{"taxonomy":"product_cat","embeddable":true,"href":"https:\/\/vario-shirts.com\/index.php?rest_route=%2Fwp%2Fv2%2Fproduct_cat&post=1713"},{"taxonomy":"product_tag","embeddable":true,"href":"https:\/\/vario-shirts.com\/index.php?rest_route=%2Fwp%2Fv2%2Fproduct_tag&post=1713"}],"curies":[{"name":"wp","href":"https:\/\/api.w.org\/{rel}","templated":true}]}}