{"id":1753,"date":"2015-02-26T11:38:30","date_gmt":"2015-02-26T09:38:30","guid":{"rendered":"http:\/\/vario-shirts.com\/?post_type=product&#038;p=1753"},"modified":"2025-03-12T16:50:32","modified_gmt":"2025-03-12T14:50:32","slug":"fledermausshirt-v2-kontrast","status":"publish","type":"product","link":"https:\/\/vario-shirts.com\/?product=fledermausshirt-v2-kontrast","title":{"rendered":"Fledermaus Shirt No.1 Kontrast mit Bund"},"content":{"rendered":"<p>Fledermausshirt mit breitem B\u00fcndchen am Saum und kontrastfarbig eingefasstem weitem Ausschnitt (bitte als 2. Farbe w\u00e4hlen).<\/p>\n<p>In diesem Shirt kann man blitzschnell sexy oder brav aussehen \u2013 den Ausschnitt einfach schulterbedeckend oder schulterfrei tragen. Das breite B\u00fcndchen am Saum bietet ebenfalls eine Reihe von Tragem\u00f6glichkeiten, z. B. auch als Kleid f\u00fcr sehr kleine Damen.<\/p>\n<p>Das Shirt ist u.a. der optimale Begleiter durch eine Schwangerschaft. Am Anfang versteckt es den Babybauch und sch\u00fctzt vor neugierigen Fragen, und am Ende kann das breite B\u00fcndchen den eventuell nicht mehr schlie\u00dfbaren Hosenbund verstecken! Auch in der Stillzeit ist es sehr praktisch, da der Ausschnitt ganz einfach herunterziehbar ist. Tr\u00e4gt man ein Stillhemd, -Top oder -Shirt darunter oder z.B. ein Tuch dar\u00fcber, ist man gut vor unerw\u00fcnschten Blicken gesch\u00fctzt.<\/p>\n<p><strong>L\u00e4nge<\/strong>: ca. 70 cm (inkl. B\u00fcndchen)<\/p>\n<p><strong>Gr\u00f6\u00dfen<\/strong>:<br \/>\nKann in Gr\u00f6\u00dfe 36\/38, 40\/42 oder 44\/46 gefertigt werden.<br \/>\nBitte die Ma\u00dftabelle bei den Bildern beachten, die Gr\u00f6\u00dfen fallen vergleichsweise klein aus!<\/p>\n<p><strong>Material:<\/strong><br \/>\nViskose-Jersey, 96% Viskose, 4% Elasthan<br \/>\n\u00d6ko-Tex Standard 100 zertifiziert, in Deutschland hergestellt<\/p>\n<p><strong>Pflege<\/strong>:<br \/>\nWaschen: 30\u00b0 C Feinw\u00e4sche<br \/>\nB\u00fcgeln: 1 Punkt<br \/>\nTrockner: nein<\/p>\n<p><strong>Herkunft<\/strong>:<br \/>\nDieses Kleidungsst\u00fcck wird innerhalb von 2-9 Werktagen (Mo-Fr) nach Bestellung und Zahlungseingang zugeschnitten und gen\u00e4ht (Schnitt und Design sind nat\u00fcrlich von mir).<br \/>\nMade in Germany \/ Brandenburg \/ Elbe-Elster<\/p>\n","protected":false},"excerpt":{"rendered":"<p>Fledermausshirt mit breitem B\u00fcndchen am Saum und kontrastfarbig eingefasstem weitem Ausschnitt (bitte als 2. Farbe w\u00e4hlen). In diesem Shirt kann man blitzschnell sexy oder brav aussehen \u2013 den Ausschnitt einfach schulterbedeckend oder schulterfrei tragen. Das breite B\u00fcndchen am Saum bietet &hellip; <a href=\"https:\/\/vario-shirts.com\/?product=fledermausshirt-v2-kontrast\">Weiterlesen <span class=\"meta-nav\">&rarr;<\/span><\/a><\/p>\n","protected":false},"featured_media":1756,"comment_status":"open","ping_status":"closed","template":"","meta":[],"product_cat":[189],"product_tag":[380,318],"_links":{"self":[{"href":"https:\/\/vario-shirts.com\/index.php?rest_route=\/wp\/v2\/product\/1753"}],"collection":[{"href":"https:\/\/vario-shirts.com\/index.php?rest_route=\/wp\/v2\/product"}],"about":[{"href":"https:\/\/vario-shirts.com\/index.php?rest_route=\/wp\/v2\/types\/product"}],"replies":[{"embeddable":true,"href":"https:\/\/vario-shirts.com\/index.php?rest_route=%2Fwp%2Fv2%2Fcomments&post=1753"}],"wp:featuredmedia":[{"embeddable":true,"href":"https:\/\/vario-shirts.com\/index.php?rest_route=\/wp\/v2\/media\/1756"}],"wp:attachment":[{"href":"https:\/\/vario-shirts.com\/index.php?rest_route=%2Fwp%2Fv2%2Fmedia&parent=1753"}],"wp:term":[{"taxonomy":"product_cat","embeddable":true,"href":"https:\/\/vario-shirts.com\/index.php?rest_route=%2Fwp%2Fv2%2Fproduct_cat&post=1753"},{"taxonomy":"product_tag","embeddable":true,"href":"https:\/\/vario-shirts.com\/index.php?rest_route=%2Fwp%2Fv2%2Fproduct_tag&post=1753"}],"curies":[{"name":"wp","href":"https:\/\/api.w.org\/{rel}","templated":true}]}}