{"id":1759,"date":"2015-02-26T12:27:45","date_gmt":"2015-02-26T10:27:45","guid":{"rendered":"http:\/\/vario-shirts.com\/?post_type=product&#038;p=1759"},"modified":"2025-03-12T16:40:39","modified_gmt":"2025-03-12T14:40:39","slug":"fledermausshirt-v4-kontrast","status":"publish","type":"product","link":"https:\/\/vario-shirts.com\/?product=fledermausshirt-v4-kontrast","title":{"rendered":"Fledermaus Shirt No.1 Kontrast + kontrastfarbige \u00c4rmelabschl\u00fcsse"},"content":{"rendered":"<p>Fledermausshirt mit kontrastfarbig eingefasstem weitem Ausschnitt und kontrastfarbigen \u00c4rmelabschl\u00fcssen (bitte als Zweitfarbe w\u00e4hlen).<\/p>\n<p><strong>L\u00e4nge<\/strong>: ca. 70 cm (inkl. B\u00fcndchen)<\/p>\n<p><strong>Gr\u00f6\u00dfen<\/strong>:<br \/>\nKann in Gr\u00f6\u00dfe 36\/38, 40\/42 oder 44\/46 gefertigt werden.<br \/>\nBitte die Ma\u00dftabelle bei den Bildern beachten, die Gr\u00f6\u00dfen fallen vergleichsweise klein aus!<\/p>\n<p><strong>Material:<\/strong><br \/>\nViskose-Jersey, 96% Viskose, 4% Elasthan<br \/>\n\u00d6ko-Tex Standard 100 zertifiziert, in Deutschland hergestellt<\/p>\n<p><strong>Pflege<\/strong>:<br \/>\nWaschen: 30\u00b0 C Feinw\u00e4sche<br \/>\nB\u00fcgeln: 1 Punkt<br \/>\nTrockner: nein<\/p>\n<p><strong>Herkunft<\/strong>:<br \/>\nDieses Kleidungsst\u00fcck wird innerhalb von 2-9 Werktagen (Mo-Fr) nach Bestellung und Zahlungseingang zugeschnitten und gen\u00e4ht (Schnitt und Design sind nat\u00fcrlich von mir).<br \/>\nMade in Germany \/ Brandenburg \/ Elbe-Elster<\/p>\n","protected":false},"excerpt":{"rendered":"<p>Fledermausshirt mit kontrastfarbig eingefasstem weitem Ausschnitt und kontrastfarbigen \u00c4rmelabschl\u00fcssen (bitte als Zweitfarbe w\u00e4hlen). L\u00e4nge: ca. 70 cm (inkl. B\u00fcndchen) Gr\u00f6\u00dfen: Kann in Gr\u00f6\u00dfe 36\/38, 40\/42 oder 44\/46 gefertigt werden. Bitte die Ma\u00dftabelle bei den Bildern beachten, die Gr\u00f6\u00dfen fallen vergleichsweise &hellip; <a href=\"https:\/\/vario-shirts.com\/?product=fledermausshirt-v4-kontrast\">Weiterlesen <span class=\"meta-nav\">&rarr;<\/span><\/a><\/p>\n","protected":false},"featured_media":1761,"comment_status":"open","ping_status":"closed","template":"","meta":[],"product_cat":[189],"product_tag":[380,318],"_links":{"self":[{"href":"https:\/\/vario-shirts.com\/index.php?rest_route=\/wp\/v2\/product\/1759"}],"collection":[{"href":"https:\/\/vario-shirts.com\/index.php?rest_route=\/wp\/v2\/product"}],"about":[{"href":"https:\/\/vario-shirts.com\/index.php?rest_route=\/wp\/v2\/types\/product"}],"replies":[{"embeddable":true,"href":"https:\/\/vario-shirts.com\/index.php?rest_route=%2Fwp%2Fv2%2Fcomments&post=1759"}],"wp:featuredmedia":[{"embeddable":true,"href":"https:\/\/vario-shirts.com\/index.php?rest_route=\/wp\/v2\/media\/1761"}],"wp:attachment":[{"href":"https:\/\/vario-shirts.com\/index.php?rest_route=%2Fwp%2Fv2%2Fmedia&parent=1759"}],"wp:term":[{"taxonomy":"product_cat","embeddable":true,"href":"https:\/\/vario-shirts.com\/index.php?rest_route=%2Fwp%2Fv2%2Fproduct_cat&post=1759"},{"taxonomy":"product_tag","embeddable":true,"href":"https:\/\/vario-shirts.com\/index.php?rest_route=%2Fwp%2Fv2%2Fproduct_tag&post=1759"}],"curies":[{"name":"wp","href":"https:\/\/api.w.org\/{rel}","templated":true}]}}