{"id":177,"date":"2012-11-17T18:28:12","date_gmt":"2012-11-17T16:28:12","guid":{"rendered":"https:\/\/vario-shirts.com\/?post_type=product&#038;p=177"},"modified":"2025-03-24T17:24:31","modified_gmt":"2025-03-24T15:24:31","slug":"basic-arm-stulpen-schlicht-und-einfach","status":"publish","type":"product","link":"https:\/\/vario-shirts.com\/?product=basic-arm-stulpen-schlicht-und-einfach","title":{"rendered":"Basic Armstulpen"},"content":{"rendered":"<p>VARIO-SHIRTS Basic Stulpen sind sehr sch\u00f6n zu \u00e4rmellosen Oberteilen. Sie k\u00f6nnen auch einfach unter oder \u00fcber den \u00c4rmeln angezogen werden und wirken je nach Styling sportlich oder elegant.<\/p>\n<p><strong>L\u00e4nge: <\/strong>ca. 34 cm (reichen etwas \u00fcber die Ellenbogen)<\/p>\n<p><strong>Gr\u00f6\u00dfe:<\/strong> Einheitsgr\u00f6\u00dfe passend f\u00fcr Gr\u00f6\u00dfe 34 bis 42<\/p>\n<p><strong>Material:<\/strong><br \/>\nViskose-Jersey, 96% Viskose, 4% Elasthan<br \/>\n\u00d6ko-Tex Standard 100 zertifiziert, in Deutschland hergestellt<\/p>\n<p><strong>Pflege:<\/strong><br \/>\nWaschen: 30\u00b0 C Feinw\u00e4sche<br \/>\nB\u00fcgeln: 1 Punkt<br \/>\nTrockner: nein<\/p>\n<p><strong>Herkunft<\/strong>:<br \/>\nDieses Kleidungsst\u00fcck wird innerhalb von 2-9 Werktagen (Mo-Fr) nach Bestellung und Zahlungseingang zugeschnitten und gen\u00e4ht (Schnitt und Design sind nat\u00fcrlich von mir).<br \/>\nMade in Germany \/ Brandenburg \/ Elbe-Elster<\/p>\n","protected":false},"excerpt":{"rendered":"<p>L\u00e4nge ca. 34 cm<br \/>\naus Viskosejersey <a href=\"https:\/\/vario-shirts.com\/?product=basic-arm-stulpen-schlicht-und-einfach\">Weiterlesen <span class=\"meta-nav\">&rarr;<\/span><\/a><\/p>\n","protected":false},"featured_media":4052,"comment_status":"open","ping_status":"closed","template":"","meta":[],"product_cat":[187,121,359],"product_tag":[220,318,179],"_links":{"self":[{"href":"https:\/\/vario-shirts.com\/index.php?rest_route=\/wp\/v2\/product\/177"}],"collection":[{"href":"https:\/\/vario-shirts.com\/index.php?rest_route=\/wp\/v2\/product"}],"about":[{"href":"https:\/\/vario-shirts.com\/index.php?rest_route=\/wp\/v2\/types\/product"}],"replies":[{"embeddable":true,"href":"https:\/\/vario-shirts.com\/index.php?rest_route=%2Fwp%2Fv2%2Fcomments&post=177"}],"wp:featuredmedia":[{"embeddable":true,"href":"https:\/\/vario-shirts.com\/index.php?rest_route=\/wp\/v2\/media\/4052"}],"wp:attachment":[{"href":"https:\/\/vario-shirts.com\/index.php?rest_route=%2Fwp%2Fv2%2Fmedia&parent=177"}],"wp:term":[{"taxonomy":"product_cat","embeddable":true,"href":"https:\/\/vario-shirts.com\/index.php?rest_route=%2Fwp%2Fv2%2Fproduct_cat&post=177"},{"taxonomy":"product_tag","embeddable":true,"href":"https:\/\/vario-shirts.com\/index.php?rest_route=%2Fwp%2Fv2%2Fproduct_tag&post=177"}],"curies":[{"name":"wp","href":"https:\/\/api.w.org\/{rel}","templated":true}]}}