{"id":181,"date":"2012-11-17T18:46:53","date_gmt":"2012-11-17T16:46:53","guid":{"rendered":"https:\/\/vario-shirts.com\/?post_type=product&#038;p=181"},"modified":"2025-03-24T16:51:51","modified_gmt":"2025-03-24T14:51:51","slug":"basic-arm-stulpen-schlicht-und-einfach-extralang","status":"publish","type":"product","link":"https:\/\/vario-shirts.com\/?product=basic-arm-stulpen-schlicht-und-einfach-extralang","title":{"rendered":"Basic Armstulpen, lang in schwarz"},"content":{"rendered":"<p>Sch\u00f6ne lange Basic Stulpen, sehr sch\u00f6n zu \u00e4rmellosen Oberteilen. Sie k\u00f6nnen auch einfach unter oder \u00fcber den \u00c4rmeln angezogen werden und wirken je nach Styling sportlich oder elegant.<\/p>\n<p><strong>L\u00e4nge<\/strong>: ca. 43 cm (reichen bis knapp unter die Achseln)<\/p>\n<p><strong>Gr\u00f6\u00dfe:<\/strong> Einheitsgr\u00f6\u00dfe passend f\u00fcr Gr\u00f6\u00dfe 34 bis 42<\/p>\n<p><strong>Material:<\/strong><br \/>\nViskose-Jersey, 96% Viskose, 4% Elasthan<br \/>\n\u00d6ko-Tex Standard 100 zertifiziert, in Deutschland hergestellt<\/p>\n<p><strong>Pflege:<\/strong><br \/>\nWaschen: 30\u00b0 C Feinw\u00e4sche<br \/>\nB\u00fcgeln: 1 Punkt<br \/>\nTrockner: nein<\/p>\n<p><strong>Herkunft: <\/strong><br \/>\nDieses Kleidungsst\u00fcck wurde in Deutschland gefertigt und wird am Tag nach Zahlungseingang verschickt<br \/>\nMade in Germany \/ Brandenburg \/ Elbe-Elster<\/p>\n","protected":false},"excerpt":{"rendered":"<p>L\u00e4nge ca.: 43 cm <a href=\"https:\/\/vario-shirts.com\/?product=basic-arm-stulpen-schlicht-und-einfach-extralang\">Weiterlesen <span class=\"meta-nav\">&rarr;<\/span><\/a><\/p>\n","protected":false},"featured_media":4056,"comment_status":"open","ping_status":"closed","template":"","meta":[],"product_cat":[187,359,490],"product_tag":[220,318,179],"_links":{"self":[{"href":"https:\/\/vario-shirts.com\/index.php?rest_route=\/wp\/v2\/product\/181"}],"collection":[{"href":"https:\/\/vario-shirts.com\/index.php?rest_route=\/wp\/v2\/product"}],"about":[{"href":"https:\/\/vario-shirts.com\/index.php?rest_route=\/wp\/v2\/types\/product"}],"replies":[{"embeddable":true,"href":"https:\/\/vario-shirts.com\/index.php?rest_route=%2Fwp%2Fv2%2Fcomments&post=181"}],"wp:featuredmedia":[{"embeddable":true,"href":"https:\/\/vario-shirts.com\/index.php?rest_route=\/wp\/v2\/media\/4056"}],"wp:attachment":[{"href":"https:\/\/vario-shirts.com\/index.php?rest_route=%2Fwp%2Fv2%2Fmedia&parent=181"}],"wp:term":[{"taxonomy":"product_cat","embeddable":true,"href":"https:\/\/vario-shirts.com\/index.php?rest_route=%2Fwp%2Fv2%2Fproduct_cat&post=181"},{"taxonomy":"product_tag","embeddable":true,"href":"https:\/\/vario-shirts.com\/index.php?rest_route=%2Fwp%2Fv2%2Fproduct_tag&post=181"}],"curies":[{"name":"wp","href":"https:\/\/api.w.org\/{rel}","templated":true}]}}