{"id":1810,"date":"2015-05-16T18:17:54","date_gmt":"2015-05-16T16:17:54","guid":{"rendered":"http:\/\/vario-shirts.com\/?post_type=product&#038;p=1810"},"modified":"2025-03-12T16:49:30","modified_gmt":"2025-03-12T14:49:30","slug":"fledermausshirt-v2-kontrast-langarm","status":"publish","type":"product","link":"https:\/\/vario-shirts.com\/?product=fledermausshirt-v2-kontrast-langarm","title":{"rendered":"Fledermaus Shirt No.1 Kontrast Langarm mit Bund"},"content":{"rendered":"<p>Fledermausshirt mit breitem B\u00fcndchen am Saum und kontastfarbigem weitem Halsloch (bitte als Zweitfarbe w\u00e4hlen).<\/p>\n<p>In diesem Langarm-Shirt kann man blitzschnell sexy oder brav aussehen \u2013 den Ausschnitt einfach schulterbedeckend oder schulterfrei tragen. Das breite B\u00fcndchen am Saum bietet ebenfalls eine Reihe von Tragem\u00f6glichkeiten, z. B. auch als Kleid f\u00fcr sehr keine Damen.<\/p>\n<p>Das Shirt ist u.a. der optimale Begleiter durch eine Schwangerschaft, am Anfang versteckt Es den Babybauch und sch\u00fctzt vor neugierigen Fragen und am Ende kann das breite B\u00fcndchen den eventuell nicht mehr schliessbaren Hosenbund verstecken!<\/p>\n<p>Auch in der Stillzeit ist es sehr praktisch, da der Ausschnitt ganz einfach herunter ziehbar ist. Tr\u00e4gt man ein Stillhemd -top oder Shirt darunter oder z.B. ein Tuch dar\u00fcber, ist man gut vor unerw\u00fcnschten Blicken gesch\u00fctzt.<\/p>\n<p><strong>L\u00e4nge<\/strong>: ca. 70 cm (inkl. B\u00fcndchen)<\/p>\n<p><strong>Material<\/strong>:<br \/>\nViskose-Jersey,<br \/>\n96% Viskose, 4% Elastan<br \/>\n\u00d6ko-Tex Standard 100 zertifiziert, in Deutschland hergestellt<\/p>\n<p><strong>Pflege<\/strong>:<br \/>\nWaschen: 30\u00b0C Feinw\u00e4sche<br \/>\nB\u00fcgeln: 1 Punkt<br \/>\nTrockner: nein<\/p>\n<p><strong>Herkunft<\/strong>:<br \/>\nDieses Kleidungsst\u00fcck wird innerhalb von 2-9 Werktagen (Mo-Fr) nach Bestellung und Bezahlung zugeschnitten und gen\u00e4ht.<br \/>\nMade in Germany<\/p>\n","protected":false},"excerpt":{"rendered":"<p>Fledermausshirt mit breitem B\u00fcndchen am Saum und kontastfarbigem weitem Halsloch (bitte als Zweitfarbe w\u00e4hlen). In diesem Langarm-Shirt kann man blitzschnell sexy oder brav aussehen \u2013 den Ausschnitt einfach schulterbedeckend oder schulterfrei tragen. Das breite B\u00fcndchen am Saum bietet ebenfalls eine &hellip; <a href=\"https:\/\/vario-shirts.com\/?product=fledermausshirt-v2-kontrast-langarm\">Weiterlesen <span class=\"meta-nav\">&rarr;<\/span><\/a><\/p>\n","protected":false},"featured_media":1812,"comment_status":"open","ping_status":"closed","template":"","meta":[],"product_cat":[189],"product_tag":[376,380],"_links":{"self":[{"href":"https:\/\/vario-shirts.com\/index.php?rest_route=\/wp\/v2\/product\/1810"}],"collection":[{"href":"https:\/\/vario-shirts.com\/index.php?rest_route=\/wp\/v2\/product"}],"about":[{"href":"https:\/\/vario-shirts.com\/index.php?rest_route=\/wp\/v2\/types\/product"}],"replies":[{"embeddable":true,"href":"https:\/\/vario-shirts.com\/index.php?rest_route=%2Fwp%2Fv2%2Fcomments&post=1810"}],"wp:featuredmedia":[{"embeddable":true,"href":"https:\/\/vario-shirts.com\/index.php?rest_route=\/wp\/v2\/media\/1812"}],"wp:attachment":[{"href":"https:\/\/vario-shirts.com\/index.php?rest_route=%2Fwp%2Fv2%2Fmedia&parent=1810"}],"wp:term":[{"taxonomy":"product_cat","embeddable":true,"href":"https:\/\/vario-shirts.com\/index.php?rest_route=%2Fwp%2Fv2%2Fproduct_cat&post=1810"},{"taxonomy":"product_tag","embeddable":true,"href":"https:\/\/vario-shirts.com\/index.php?rest_route=%2Fwp%2Fv2%2Fproduct_tag&post=1810"}],"curies":[{"name":"wp","href":"https:\/\/api.w.org\/{rel}","templated":true}]}}