{"id":193,"date":"2013-01-20T10:01:56","date_gmt":"2013-01-20T08:01:56","guid":{"rendered":"http:\/\/vario-shirts.com\/?post_type=product&#038;p=193"},"modified":"2025-03-24T12:03:05","modified_gmt":"2025-03-24T10:03:05","slug":"das-kleine-schwarze-rollikleid-ohne-armel","status":"publish","type":"product","link":"https:\/\/vario-shirts.com\/?product=das-kleine-schwarze-rollikleid-ohne-armel","title":{"rendered":"Das kleine Schwarze Rolli-Kleid, \u00e4rmellos"},"content":{"rendered":"<p>Das kleine Schwarze Rolli-Kleid ohne \u00c4rmel (ist eigentlich das <a href=\"https:\/\/vario-shirts.com\/?product=rolli-top\" target=\"_blank\" rel=\"noopener noreferrer\">Rolli-Top von VARIO-SHIRTS<\/a>) in der L\u00e4nge 80 cm.<\/p>\n<p>Es ist sooooo vielseitig kombinierbar, dass es einfach in jeden Kleiderschrank geh\u00f6rt. Es sieht toll aus \u00fcber schmalen Hosen, eignet sich als \u00dcber- oder Unterzieher und l\u00e4sst sich von sexy bis elegant und von schlicht bis aufregend stylen.<\/p>\n<p>reinschl\u00fcpfen-wohlf\u00fchlen-gut aussehen<\/p>\n<p><strong>L\u00e4nge:<\/strong> ca. 80 cm<\/p>\n<p><strong>Gr\u00f6\u00dfe:<\/strong><br \/>\nKann in Gr\u00f6\u00dfe 32, 34, 36, 38, 40, 42, 44 oder 46 gefertigt werden.<br \/>\nBitte die Ma\u00dftabelle bei den Bildern beachten, die Gr\u00f6\u00dfen fallen vergleichsweise klein aus!<\/p>\n<p><strong>Material:<\/strong><br \/>\nViskose-Jersey, 96% Viskose, 4% Elasthan<br \/>\n\u00d6ko-Tex Standard 100 zertifiziert, in Deutschland hergestellt<\/p>\n<p><strong>Pflege:<\/strong><br \/>\nWaschen: 30\u00b0 C Feinw\u00e4sche<br \/>\nB\u00fcgeln: 1 Punkt<br \/>\nTrockner: nein<\/p>\n<p><strong>Herkunft:<\/strong><br \/>\nDieses Kleidungsst\u00fcck wird innerhalb von 2-9 Werktagen (Mo-Fr) nach Bestellung und Zahlungseingang zugeschnitten und<br \/>\ngen\u00e4ht (Schnitt und Design sind nat\u00fcrlich von mir).<br \/>\nMade in Germany \/ Brandenburg \/ Elbe-Elster<\/p>\n<p>Das Model ist 1,72 m gro\u00df und tr\u00e4gt die <a href=\"https:\/\/vario-shirts.com\/?product=basic-arm-stulpen-schlicht-und-einfach-extralang\">Basic Armstulpen lang<\/a> dazu.<\/p>\n","protected":false},"excerpt":{"rendered":"<p>Das Kleid kann gern auch aus Baumwolljersey gefertigt werden (dieser ist auch noch etwas elastischer) &#8211; bitte einfach die gew\u00fcnschte <a href=\"https:\/\/vario-shirts.com\/?product=uebersicht-der-zur-zeit-moeglichen-farben\">Farbe<\/a> in das Kommentarfeld eintragen. <a href=\"https:\/\/vario-shirts.com\/?product=das-kleine-schwarze-rollikleid-ohne-armel\">Weiterlesen <span class=\"meta-nav\">&rarr;<\/span><\/a><\/p>\n","protected":false},"featured_media":194,"comment_status":"open","ping_status":"closed","template":"","meta":[],"product_cat":[209,315],"product_tag":[309,318,56,55,356,343],"_links":{"self":[{"href":"https:\/\/vario-shirts.com\/index.php?rest_route=\/wp\/v2\/product\/193"}],"collection":[{"href":"https:\/\/vario-shirts.com\/index.php?rest_route=\/wp\/v2\/product"}],"about":[{"href":"https:\/\/vario-shirts.com\/index.php?rest_route=\/wp\/v2\/types\/product"}],"replies":[{"embeddable":true,"href":"https:\/\/vario-shirts.com\/index.php?rest_route=%2Fwp%2Fv2%2Fcomments&post=193"}],"wp:featuredmedia":[{"embeddable":true,"href":"https:\/\/vario-shirts.com\/index.php?rest_route=\/wp\/v2\/media\/194"}],"wp:attachment":[{"href":"https:\/\/vario-shirts.com\/index.php?rest_route=%2Fwp%2Fv2%2Fmedia&parent=193"}],"wp:term":[{"taxonomy":"product_cat","embeddable":true,"href":"https:\/\/vario-shirts.com\/index.php?rest_route=%2Fwp%2Fv2%2Fproduct_cat&post=193"},{"taxonomy":"product_tag","embeddable":true,"href":"https:\/\/vario-shirts.com\/index.php?rest_route=%2Fwp%2Fv2%2Fproduct_tag&post=193"}],"curies":[{"name":"wp","href":"https:\/\/api.w.org\/{rel}","templated":true}]}}