{"id":2216,"date":"2016-12-11T11:07:30","date_gmt":"2016-12-11T09:07:30","guid":{"rendered":"https:\/\/vario-shirts.com\/?post_type=product&#038;p=2216"},"modified":"2025-03-24T14:46:18","modified_gmt":"2025-03-24T12:46:18","slug":"schal-der-vielen-moeglichkeiten-xxl-schlauchschal","status":"publish","type":"product","link":"https:\/\/vario-shirts.com\/?product=schal-der-vielen-moeglichkeiten-xxl-schlauchschal","title":{"rendered":"Schal der vielen M\u00f6glichkeiten XXL"},"content":{"rendered":"<p>Dieser wunderbar weiche Rundschal ist doppelt gearbeitet, und die Enden sind ohne sichtbare Nahtzugabe zusammengen\u00e4ht.<br \/>\nMan kann ihn drinnen oder drau\u00dfen tragen. Er kann ein- bis dreimal um den Hals gewickelt werden, ohne dass zu lange oder zu kurze Ecken st\u00f6ren.<\/p>\n<p>Der Schlauchschal ist ein sch\u00f6nes und praktisches Accessoire und kann einem schlichten Outfit ganz schnell eine gewisse Coolness geben.<\/p>\n<p><strong>Umfang:<\/strong> ca. 150 cm<\/p>\n<p><strong>Breite:<\/strong> ca. 50 cm (einfach gemessen)<\/p>\n<p><strong>Material:<\/strong><br \/>\nViskose-Jersey, 96% Viskose, 4% Elasthan<br \/>\n\u00d6ko-Tex Standard 100 zertifiziert, in Deutschland hergestellt<\/p>\n<p><strong>Pflege:<\/strong><br \/>\nWaschen: 30\u00b0 C Feinw\u00e4sche<br \/>\nB\u00fcgeln: 1 Punkt<br \/>\nTrockner: nein<\/p>\n<p><strong>Herkunft: <\/strong><br \/>\nDieses Kleidungsst\u00fcck wird innerhalb von 2-9 Werktagen (Mo-Fr) nach Bestellung und Zahlungseingang zugeschnitten und gen\u00e4ht (Schnitt und Design sind nat\u00fcrlich von mir).<br \/>\nMade in Germany \/ Brandenburg \/ Elbe-Elster<\/p>\n","protected":false},"excerpt":{"rendered":"<p>Dieser wunderbar weiche Rundschal ist doppelt gearbeitet, und die Enden sind ohne sichtbare Nahtzugabe zusammengen\u00e4ht. Man kann ihn drinnen oder drau\u00dfen tragen. Er kann ein- bis dreimal um den Hals gewickelt werden, ohne dass zu lange oder zu kurze Ecken &hellip; <a href=\"https:\/\/vario-shirts.com\/?product=schal-der-vielen-moeglichkeiten-xxl-schlauchschal\">Weiterlesen <span class=\"meta-nav\">&rarr;<\/span><\/a><\/p>\n","protected":false},"featured_media":2225,"comment_status":"open","ping_status":"closed","template":"","meta":[],"product_cat":[187,142,359],"product_tag":[318,144,143],"_links":{"self":[{"href":"https:\/\/vario-shirts.com\/index.php?rest_route=\/wp\/v2\/product\/2216"}],"collection":[{"href":"https:\/\/vario-shirts.com\/index.php?rest_route=\/wp\/v2\/product"}],"about":[{"href":"https:\/\/vario-shirts.com\/index.php?rest_route=\/wp\/v2\/types\/product"}],"replies":[{"embeddable":true,"href":"https:\/\/vario-shirts.com\/index.php?rest_route=%2Fwp%2Fv2%2Fcomments&post=2216"}],"wp:featuredmedia":[{"embeddable":true,"href":"https:\/\/vario-shirts.com\/index.php?rest_route=\/wp\/v2\/media\/2225"}],"wp:attachment":[{"href":"https:\/\/vario-shirts.com\/index.php?rest_route=%2Fwp%2Fv2%2Fmedia&parent=2216"}],"wp:term":[{"taxonomy":"product_cat","embeddable":true,"href":"https:\/\/vario-shirts.com\/index.php?rest_route=%2Fwp%2Fv2%2Fproduct_cat&post=2216"},{"taxonomy":"product_tag","embeddable":true,"href":"https:\/\/vario-shirts.com\/index.php?rest_route=%2Fwp%2Fv2%2Fproduct_tag&post=2216"}],"curies":[{"name":"wp","href":"https:\/\/api.w.org\/{rel}","templated":true}]}}