{"id":2461,"date":"2019-07-05T13:05:43","date_gmt":"2019-07-05T11:05:43","guid":{"rendered":"https:\/\/vario-shirts.com\/?post_type=product&#038;p=2461"},"modified":"2025-03-07T15:56:55","modified_gmt":"2025-03-07T13:56:55","slug":"top-mit-falten-in-der-schulternaht-aus-biobaumwolle","status":"publish","type":"product","link":"https:\/\/vario-shirts.com\/?product=top-mit-falten-in-der-schulternaht-aus-biobaumwolle","title":{"rendered":"Top mit Falten in der Schulternaht aus Baumwolljersey"},"content":{"rendered":"<p>Elegantes Top<\/p>\n<p>Durch je 3 Falten in der Schulternaht wird der Brustbereich locker umspielt. Im R\u00fccken befinden sich keine Falten. Der Halsausschnitt ist U-Boot-\u00e4hnlich, aber etwas tiefer als unser Standard. Es hat eine leicht \u00fcberschnittene Schulter, das hei\u00dft die Schultern sind bedeckt, so dass es gut zu gesellschaftlichen Anl\u00e4ssen oder im B\u00fcro getragen werden kann.<\/p>\n<p><strong>L\u00e4nge:<\/strong><br \/>\nnormal ca. 60 cm,<br \/>\nextra lang ca. 70 cm (+ 4,- EUR) oder<br \/>\nXX-Extra lang ca. 80 cm (+ 8,- EUR)<br \/>\nbitte bei den Optionen w\u00e4hlen<\/p>\n<p><strong>Gr\u00f6\u00dfe:<\/strong><br \/>\nKann in Gr\u00f6\u00dfe 32, 34, 36, 38, 40, 42, 44 oder 46 gefertigt werden.<br \/>\nBitte die Ma\u00dftabelle bei den Bildern beachten, die Gr\u00f6\u00dfen fallen vergleichsweise klein aus!<\/p>\n<p><img decoding=\"async\" loading=\"lazy\" class=\"alignright size-full wp-image-3631\" src=\"https:\/\/vario-shirts.com\/wp-content\/uploads\/2020\/03\/SchnittformVS.jpg\" alt=\"\" width=\"301\" height=\"374\" \/><\/p>\n<p><strong>Schnittform:<\/strong><br \/>\nleicht tailliert oder<br \/>\ngerade geschnitten<\/p>\n<p>bitte bei den Optionen w\u00e4hlen<\/p>\n<p>Die Schnittform \u201eleicht tailliert\u201c ist im Taillenbereich ca. 5 cm weiter als der Taillenumfang aus der Ma\u00dftabelle.<br \/>\nDie \u201egerade geschnittenen\u201c Shirts sitzen im Bauchbereich entsprechend lockerer.<\/p>\n<p><strong>Material:<\/strong><br \/>\nBaumwoll-Jersey,<br \/>\n95% Baumwolle, 5% Elasthan<\/p>\n<p>*= BioBaumwolle, GOTS zertifiziert, in Deutschland hergestellt<br \/>\n**= \u00d6ko-Tex Standard 100 zertifiziert, in Deutschland hergestellt<br \/>\n***= BioBaumwolle, GOTS zertifiziert<\/p>\n<p><strong>Pflege<\/strong>:<br \/>\nWaschen: 30\u00b0 C Feinw\u00e4sche<br \/>\nB\u00fcgeln: 1 Punkt<br \/>\nTrockner: nein<\/p>\n<p><strong>Herkunft<\/strong>:<br \/>\nDieses Kleidungsst\u00fcck wird innerhalb von 2-9 Werktagen (Mo-Fr) nach Bestellung und Zahlungseingang zugeschnitten und gen\u00e4ht (Schnitt und Design sind nat\u00fcrlich von mir).<br \/>\nMade in Germany \/ Brandenburg \/ Elbe-Elster<\/p>\n","protected":false},"excerpt":{"rendered":"<p>Hier geht es zu diesem Top aus <a href=\"https:\/\/vario-shirts.com\/?product=top-mit-falten-in-der-schulternat\">Viskosejersey\u00a0\u00a0<\/a><\/p>\n<p>&nbsp; <a href=\"https:\/\/vario-shirts.com\/?product=top-mit-falten-in-der-schulternaht-aus-biobaumwolle\">Weiterlesen <span class=\"meta-nav\">&rarr;<\/span><\/a><\/p>\n","protected":false},"featured_media":3090,"comment_status":"open","ping_status":"closed","template":"","meta":[],"product_cat":[207,163,314,403],"product_tag":[242,367,318,365],"_links":{"self":[{"href":"https:\/\/vario-shirts.com\/index.php?rest_route=\/wp\/v2\/product\/2461"}],"collection":[{"href":"https:\/\/vario-shirts.com\/index.php?rest_route=\/wp\/v2\/product"}],"about":[{"href":"https:\/\/vario-shirts.com\/index.php?rest_route=\/wp\/v2\/types\/product"}],"replies":[{"embeddable":true,"href":"https:\/\/vario-shirts.com\/index.php?rest_route=%2Fwp%2Fv2%2Fcomments&post=2461"}],"wp:featuredmedia":[{"embeddable":true,"href":"https:\/\/vario-shirts.com\/index.php?rest_route=\/wp\/v2\/media\/3090"}],"wp:attachment":[{"href":"https:\/\/vario-shirts.com\/index.php?rest_route=%2Fwp%2Fv2%2Fmedia&parent=2461"}],"wp:term":[{"taxonomy":"product_cat","embeddable":true,"href":"https:\/\/vario-shirts.com\/index.php?rest_route=%2Fwp%2Fv2%2Fproduct_cat&post=2461"},{"taxonomy":"product_tag","embeddable":true,"href":"https:\/\/vario-shirts.com\/index.php?rest_route=%2Fwp%2Fv2%2Fproduct_tag&post=2461"}],"curies":[{"name":"wp","href":"https:\/\/api.w.org\/{rel}","templated":true}]}}