{"id":2470,"date":"2019-07-06T15:02:48","date_gmt":"2019-07-06T13:02:48","guid":{"rendered":"https:\/\/vario-shirts.com\/?post_type=product&#038;p=2470"},"modified":"2025-03-12T18:30:40","modified_gmt":"2025-03-12T16:30:40","slug":"top-mit-variablem-ausschnitt-aus-biobaumwolle","status":"publish","type":"product","link":"https:\/\/vario-shirts.com\/?product=top-mit-variablem-ausschnitt-aus-biobaumwolle","title":{"rendered":"Top der vielen M\u00f6glichkeiten mit Tunnelzug,  aus Baumwolljersey"},"content":{"rendered":"<p>Dieses s\u00fc\u00dfe, leichte Top bietet einige Tragem\u00f6glichkeiten, da der Halsausschnitt sowohl vorne als auch hinten auseinandergezogen oder zusammengeschoben bzw. gerafft werden kann. So wirkt es fast wie ein Neckholder Top oder ein Spaghettitr\u00e4ger Top und ist doch etwas Anderes.<\/p>\n<p><strong>L\u00e4nge:<\/strong><br \/>\nnormal ca. 60 cm,<br \/>\nextra lang ca. 70 cm (+ 10,- EUR)<br \/>\nbitte bei den Optionen w\u00e4hlen<\/p>\n<p><strong>Gr\u00f6\u00dfe:<\/strong><br \/>\nKann in Gr\u00f6\u00dfe 32, 34, 36, 38, 40, 42, 44 oder 46 gefertigt werden.<br \/>\nBitte die Ma\u00dftabelle bei den Bildern beachten, die Gr\u00f6\u00dfen fallen vergleichsweise klein aus!<\/p>\n<p><img decoding=\"async\" loading=\"lazy\" class=\"alignright size-full wp-image-3631\" src=\"https:\/\/vario-shirts.com\/wp-content\/uploads\/2020\/03\/SchnittformVS.jpg\" alt=\"\" width=\"301\" height=\"374\" \/><strong>Schnittform<\/strong>:<br \/>\nleicht tailliert oder<br \/>\ngerade geschnitten<\/p>\n<p>bitte bei den Optionen w\u00e4hlen<\/p>\n<p>Die Schnittform \u201eleicht tailliert\u201c ist im Taillenbereich ca. 5 cm weiter als der Taillenumfang aus der Ma\u00dftabelle.<br \/>\nDie \u201egerade geschnittenen\u201c Shirts sitzen im Bauchbereich entsprechend lockerer.<\/p>\n<p><strong>Material:<\/strong><br \/>\nBaumwoll-Jersey,<br \/>\n95% Baumwolle, 5% Elasthan<\/p>\n<p>*= BioBaumwolle, GOTS zertifiziert, in Deutschland hergestellt<br \/>\n**= \u00d6ko-Tex Standard 100 zertifiziert, in Deutschland hergestellt<br \/>\n***= BioBaumwolle, GOTS zertifiziert<\/p>\n<p><strong>Pflege<\/strong>:<br \/>\nWaschen: 30\u00b0 C Feinw\u00e4sche<br \/>\nB\u00fcgeln: 1 Punkt<br \/>\nTrockner: nein<\/p>\n<p><strong>Herkunft: <\/strong><br \/>\nDieses Kleidungsst\u00fcck wird innerhalb von 2-9 Werktagen (Mo-Fr) nach Bestellung und Zahlungseingang zugeschnitten und gen\u00e4ht (Schnitt und Design sind nat\u00fcrlich von mir).<br \/>\nMade in Germany \/ Brandenburg \/ Elbe-Elster<\/p>\n","protected":false},"excerpt":{"rendered":"<p>Dieses s\u00fc\u00dfe, leichte Top bietet einige Tragem\u00f6glichkeiten, da der Halsausschnitt sowohl vorne als auch hinten auseinandergezogen oder zusammengeschoben bzw. gerafft werden kann. So wirkt es fast wie ein Neckholder Top oder ein Spaghettitr\u00e4ger Top und ist doch etwas Anderes. L\u00e4nge: &hellip; <a href=\"https:\/\/vario-shirts.com\/?product=top-mit-variablem-ausschnitt-aus-biobaumwolle\">Weiterlesen <span class=\"meta-nav\">&rarr;<\/span><\/a><\/p>\n","protected":false},"featured_media":3132,"comment_status":"open","ping_status":"closed","template":"","meta":[],"product_cat":[122,207,314,310],"product_tag":[309,318,274,371],"_links":{"self":[{"href":"https:\/\/vario-shirts.com\/index.php?rest_route=\/wp\/v2\/product\/2470"}],"collection":[{"href":"https:\/\/vario-shirts.com\/index.php?rest_route=\/wp\/v2\/product"}],"about":[{"href":"https:\/\/vario-shirts.com\/index.php?rest_route=\/wp\/v2\/types\/product"}],"replies":[{"embeddable":true,"href":"https:\/\/vario-shirts.com\/index.php?rest_route=%2Fwp%2Fv2%2Fcomments&post=2470"}],"wp:featuredmedia":[{"embeddable":true,"href":"https:\/\/vario-shirts.com\/index.php?rest_route=\/wp\/v2\/media\/3132"}],"wp:attachment":[{"href":"https:\/\/vario-shirts.com\/index.php?rest_route=%2Fwp%2Fv2%2Fmedia&parent=2470"}],"wp:term":[{"taxonomy":"product_cat","embeddable":true,"href":"https:\/\/vario-shirts.com\/index.php?rest_route=%2Fwp%2Fv2%2Fproduct_cat&post=2470"},{"taxonomy":"product_tag","embeddable":true,"href":"https:\/\/vario-shirts.com\/index.php?rest_route=%2Fwp%2Fv2%2Fproduct_tag&post=2470"}],"curies":[{"name":"wp","href":"https:\/\/api.w.org\/{rel}","templated":true}]}}