{"id":2485,"date":"2019-07-17T09:57:07","date_gmt":"2019-07-17T07:57:07","guid":{"rendered":"https:\/\/vario-shirts.com\/?post_type=product&#038;p=2485"},"modified":"2025-03-12T18:20:48","modified_gmt":"2025-03-12T16:20:48","slug":"neckholder-top-mit-tunnelzug-aus-viskosejersey-made-in-germany","status":"publish","type":"product","link":"https:\/\/vario-shirts.com\/?product=neckholder-top-mit-tunnelzug-aus-viskosejersey-made-in-germany","title":{"rendered":"Neckholder Top No.2 mit Tunnelzug, aus Viskosejersey, Made in Germany"},"content":{"rendered":"<p>Sch\u00f6nes r\u00fcckenfreies Top. Das Vorderteil kann, je nach Wunsch, oben eng zusammengeschoben oder relativ breit auseinander gezogen werden. Das durchgezogene Band wird im R\u00fccken geknotet. Die Schleife kann aber auch nach vorn geschoben werden, oder das Band wird im R\u00fccken gekreuzt und unter der Brust geknotet.<\/p>\n<p><strong>L\u00e4nge<\/strong>:<br \/>\nnormal ca. 60 cm,<br \/>\nextra lang ca. 70 cm (+ 10,- EUR)<\/p>\n<p>bitte bei den Optionen w\u00e4hlen<\/p>\n<p><strong>Gr\u00f6\u00dfe<\/strong>:<br \/>\nKann in Gr\u00f6\u00dfe 32, 34, 36, 38, 40, 42, 44 oder 46 gefertigt werden.<br \/>\nBitte die Ma\u00dftabelle bei den Bildern beachten, die Gr\u00f6\u00dfen fallen vergleichsweise klein aus!<\/p>\n<p><img decoding=\"async\" loading=\"lazy\" class=\"alignright size-full wp-image-3631\" src=\"https:\/\/vario-shirts.com\/wp-content\/uploads\/2020\/03\/SchnittformVS.jpg\" alt=\"\" width=\"301\" height=\"374\" \/><\/p>\n<p><strong>Schnittform<\/strong>:<br \/>\nleicht tailliert oder<br \/>\ngerade geschnitten<br \/>\nbitte bei den Optionen w\u00e4hlen<\/p>\n<p>Die Schnittform \u201cleicht tailliert\u201d ist im Taillenbereich ca. 5 cm weiter als der Taillenumfang aus der Ma\u00dftabelle.<br \/>\nDie \u201egerade geschnittenen\u201c Shirts sitzen im Bauchbereich entsprechend lockerer.<\/p>\n<p><strong>Material:<\/strong><br \/>\nViskose-Jersey, 96% Viskose, 4% Elasthan<br \/>\n\u00d6ko-Tex Standard 100 zertifiziert, in Deutschland hergestellt<\/p>\n<p><strong>Pflege:<\/strong><br \/>\nWaschen: 30\u00b0 C Feinw\u00e4sche<br \/>\nB\u00fcgeln: 1 Punkt<br \/>\nTrockner: nein<\/p>\n<p><strong>Herkunft<\/strong>:<br \/>\nDieses Kleidungsst\u00fcck wird innerhalb von 2-9 Werktagen (Mo-Fr) nach Bestellung und Zahlungseingang zugeschnitten und gen\u00e4ht (Schnitt und Design sind nat\u00fcrlich von mir).<br \/>\nMade in Germany \/ Brandenburg \/ Elbe-Elster<\/p>\n","protected":false},"excerpt":{"rendered":"<p>Sch\u00f6nes r\u00fcckenfreies Top. Das Vorderteil kann, je nach Wunsch, oben eng zusammengeschoben oder relativ breit auseinander gezogen werden. Das durchgezogene Band wird im R\u00fccken geknotet. Die Schleife kann aber auch nach vorn geschoben werden, oder das Band wird im R\u00fccken &hellip; <a href=\"https:\/\/vario-shirts.com\/?product=neckholder-top-mit-tunnelzug-aus-viskosejersey-made-in-germany\">Weiterlesen <span class=\"meta-nav\">&rarr;<\/span><\/a><\/p>\n","protected":false},"featured_media":4135,"comment_status":"open","ping_status":"closed","template":"","meta":[],"product_cat":[136,207,314,310],"product_tag":[309,474,478,369,370,479],"_links":{"self":[{"href":"https:\/\/vario-shirts.com\/index.php?rest_route=\/wp\/v2\/product\/2485"}],"collection":[{"href":"https:\/\/vario-shirts.com\/index.php?rest_route=\/wp\/v2\/product"}],"about":[{"href":"https:\/\/vario-shirts.com\/index.php?rest_route=\/wp\/v2\/types\/product"}],"replies":[{"embeddable":true,"href":"https:\/\/vario-shirts.com\/index.php?rest_route=%2Fwp%2Fv2%2Fcomments&post=2485"}],"wp:featuredmedia":[{"embeddable":true,"href":"https:\/\/vario-shirts.com\/index.php?rest_route=\/wp\/v2\/media\/4135"}],"wp:attachment":[{"href":"https:\/\/vario-shirts.com\/index.php?rest_route=%2Fwp%2Fv2%2Fmedia&parent=2485"}],"wp:term":[{"taxonomy":"product_cat","embeddable":true,"href":"https:\/\/vario-shirts.com\/index.php?rest_route=%2Fwp%2Fv2%2Fproduct_cat&post=2485"},{"taxonomy":"product_tag","embeddable":true,"href":"https:\/\/vario-shirts.com\/index.php?rest_route=%2Fwp%2Fv2%2Fproduct_tag&post=2485"}],"curies":[{"name":"wp","href":"https:\/\/api.w.org\/{rel}","templated":true}]}}