{"id":2500,"date":"2019-07-17T12:24:40","date_gmt":"2019-07-17T10:24:40","guid":{"rendered":"https:\/\/vario-shirts.com\/?post_type=product&#038;p=2500"},"modified":"2025-03-12T16:37:49","modified_gmt":"2025-03-12T14:37:49","slug":"fledermausshirt-zum-wenden-mit-kurzen-aermeln-und-buendchen-aus-viskosejersey","status":"publish","type":"product","link":"https:\/\/vario-shirts.com\/?product=fledermausshirt-zum-wenden-mit-kurzen-aermeln-und-buendchen-aus-viskosejersey","title":{"rendered":"Fledermaus Shirt No.3 zum Wenden, Kurzarm"},"content":{"rendered":"<p>Weit geschnittenes Shirt mit kurzem Fledermausarm. Der Ausschnitt ist entweder vorn leicht rund ausgeschnitten und hinten U-boot-artig oder umgekehrt, je nachdem wie herum man es tr\u00e4gt. Ist die Rundung hinten, so kann man sich auch b\u00fccken ohne Einblicke in den Ausschnitt zu gew\u00e4hren, das ist z.B. im Garten hilfreich.<br \/>\nDas Shirt sitzt locker, ist bequem und trotzdem schick. Die \u00c4rmel umspielen den Ellenbogen.<\/p>\n<p>Es kann einfarbig oder mit kontrastfarbigem Halsloch, B\u00fcndchen und \u00c4rmelsaum gefertigt werden (bitte als Zweitfarbe w\u00e4hlen).<\/p>\n<p><strong>L\u00e4nge<\/strong>: ca. 60 cm<\/p>\n<p><strong>Gr\u00f6\u00dfe<\/strong>:<br \/>\nKann in Gr\u00f6\u00dfe 36\/38, 40\/42 oder 44\/46 gefertigt werden.<br \/>\nBitte die Ma\u00dftabelle bei den Bildern beachten, die Gr\u00f6\u00dfen fallen vergleichsweise klein aus!<\/p>\n<p><strong>Material<\/strong>:<br \/>\nViskose-Jersey, 96% Viskose, 4% Elasthan<br \/>\n\u00d6ko-Tex Standard 100 zertifiziert, in Deutschland hergestellt<\/p>\n<p><strong>Pflege:<\/strong><br \/>\nWaschen: 30\u00b0 C Feinw\u00e4sche<br \/>\nB\u00fcgeln: 1 Punkt<br \/>\nTrockner: nein<\/p>\n<p><strong>Herkunft<\/strong>:<br \/>\nDieses Kleidungsst\u00fcck wird innerhalb von 2-9 Werktagen (Mo-Fr) nach Bestellung und Zahlungseingang zugeschnitten und gen\u00e4ht (Schnitt und Design sind nat\u00fcrlich von mir).<br \/>\nMade in Germany \/ Brandenburg \/ Elbe-Elster<\/p>\n","protected":false},"excerpt":{"rendered":"<p>Weit geschnittenes Shirt mit kurzem Fledermausarm. Der Ausschnitt ist entweder vorn leicht rund ausgeschnitten und hinten U-boot-artig oder umgekehrt, je nachdem wie herum man es tr\u00e4gt. Ist die Rundung hinten, so kann man sich auch b\u00fccken ohne Einblicke in den &hellip; <a href=\"https:\/\/vario-shirts.com\/?product=fledermausshirt-zum-wenden-mit-kurzen-aermeln-und-buendchen-aus-viskosejersey\">Weiterlesen <span class=\"meta-nav\">&rarr;<\/span><\/a><\/p>\n","protected":false},"featured_media":4033,"comment_status":"open","ping_status":"closed","template":"","meta":[],"product_cat":[189],"product_tag":[381],"_links":{"self":[{"href":"https:\/\/vario-shirts.com\/index.php?rest_route=\/wp\/v2\/product\/2500"}],"collection":[{"href":"https:\/\/vario-shirts.com\/index.php?rest_route=\/wp\/v2\/product"}],"about":[{"href":"https:\/\/vario-shirts.com\/index.php?rest_route=\/wp\/v2\/types\/product"}],"replies":[{"embeddable":true,"href":"https:\/\/vario-shirts.com\/index.php?rest_route=%2Fwp%2Fv2%2Fcomments&post=2500"}],"wp:featuredmedia":[{"embeddable":true,"href":"https:\/\/vario-shirts.com\/index.php?rest_route=\/wp\/v2\/media\/4033"}],"wp:attachment":[{"href":"https:\/\/vario-shirts.com\/index.php?rest_route=%2Fwp%2Fv2%2Fmedia&parent=2500"}],"wp:term":[{"taxonomy":"product_cat","embeddable":true,"href":"https:\/\/vario-shirts.com\/index.php?rest_route=%2Fwp%2Fv2%2Fproduct_cat&post=2500"},{"taxonomy":"product_tag","embeddable":true,"href":"https:\/\/vario-shirts.com\/index.php?rest_route=%2Fwp%2Fv2%2Fproduct_tag&post=2500"}],"curies":[{"name":"wp","href":"https:\/\/api.w.org\/{rel}","templated":true}]}}