{"id":2605,"date":"2019-10-31T16:43:13","date_gmt":"2019-10-31T14:43:13","guid":{"rendered":"https:\/\/vario-shirts.com\/?post_type=product&#038;p=2605"},"modified":"2025-03-12T16:47:05","modified_gmt":"2025-03-12T14:47:05","slug":"fledermausshirt-v1-basic-mit-kurzen-aermeln","status":"publish","type":"product","link":"https:\/\/vario-shirts.com\/?product=fledermausshirt-v1-basic-mit-kurzen-aermeln","title":{"rendered":"Fledermaus Shirt No.2 Kurzarm"},"content":{"rendered":"<p>Fledermausshirt mit eingefasstem weitem Ausschnitt und einer diagonalen Teilungsnaht im Vorderteil.<\/p>\n<p><strong>L\u00e4nge<\/strong>: ca. 60 cm<\/p>\n<p><strong>Gr\u00f6\u00dfe<\/strong>:<br \/>\nKann in Gr\u00f6\u00dfe 36\/38, 40\/42 oder 44\/46 gefertigt werden.<br \/>\nBitte die Ma\u00dftabelle bei den Bildern beachten, die Gr\u00f6\u00dfen fallen vergleichsweise klein aus!<\/p>\n<p><strong>Material<\/strong>:<br \/>\nViskose-Jersey, 96% Viskose, 4% Elasthan<br \/>\n\u00d6ko-Tex Standard 100 zertifiziert, in Deutschland hergestellt<\/p>\n<p><strong>Pflege<\/strong>:<br \/>\nWaschen: 30\u00b0 C Feinw\u00e4sche<br \/>\nB\u00fcgeln: 1 Punkt<br \/>\nTrockner: nein<\/p>\n<p><strong>Herkunft: <\/strong><br \/>\nDieses Kleidungsst\u00fcck wird innerhalb von 2-9 Werktagen (Mo-Fr) nach Bestellung und Zahlungseingang zugeschnitten und gen\u00e4ht (Schnitt und Design sind nat\u00fcrlich von mir).<br \/>\nMade in Germany \/ Brandenburg \/ Elbe-Elster<\/p>\n","protected":false},"excerpt":{"rendered":"<p>Fledermausshirt mit eingefasstem weitem Ausschnitt und einer diagonalen Teilungsnaht im Vorderteil. L\u00e4nge: ca. 60 cm Gr\u00f6\u00dfe: Kann in Gr\u00f6\u00dfe 36\/38, 40\/42 oder 44\/46 gefertigt werden. Bitte die Ma\u00dftabelle bei den Bildern beachten, die Gr\u00f6\u00dfen fallen vergleichsweise klein aus! Material: Viskose-Jersey, &hellip; <a href=\"https:\/\/vario-shirts.com\/?product=fledermausshirt-v1-basic-mit-kurzen-aermeln\">Weiterlesen <span class=\"meta-nav\">&rarr;<\/span><\/a><\/p>\n","protected":false},"featured_media":2606,"comment_status":"open","ping_status":"closed","template":"","meta":[],"product_cat":[189],"product_tag":[381,318],"_links":{"self":[{"href":"https:\/\/vario-shirts.com\/index.php?rest_route=\/wp\/v2\/product\/2605"}],"collection":[{"href":"https:\/\/vario-shirts.com\/index.php?rest_route=\/wp\/v2\/product"}],"about":[{"href":"https:\/\/vario-shirts.com\/index.php?rest_route=\/wp\/v2\/types\/product"}],"replies":[{"embeddable":true,"href":"https:\/\/vario-shirts.com\/index.php?rest_route=%2Fwp%2Fv2%2Fcomments&post=2605"}],"wp:featuredmedia":[{"embeddable":true,"href":"https:\/\/vario-shirts.com\/index.php?rest_route=\/wp\/v2\/media\/2606"}],"wp:attachment":[{"href":"https:\/\/vario-shirts.com\/index.php?rest_route=%2Fwp%2Fv2%2Fmedia&parent=2605"}],"wp:term":[{"taxonomy":"product_cat","embeddable":true,"href":"https:\/\/vario-shirts.com\/index.php?rest_route=%2Fwp%2Fv2%2Fproduct_cat&post=2605"},{"taxonomy":"product_tag","embeddable":true,"href":"https:\/\/vario-shirts.com\/index.php?rest_route=%2Fwp%2Fv2%2Fproduct_tag&post=2605"}],"curies":[{"name":"wp","href":"https:\/\/api.w.org\/{rel}","templated":true}]}}