{"id":2621,"date":"2019-10-31T17:46:47","date_gmt":"2019-10-31T15:46:47","guid":{"rendered":"https:\/\/vario-shirts.com\/?post_type=product&#038;p=2621"},"modified":"2025-03-12T16:35:08","modified_gmt":"2025-03-12T14:35:08","slug":"fledermausshirt-v1-mit-grossem-rollkragen-und-kurzen-aermeln","status":"publish","type":"product","link":"https:\/\/vario-shirts.com\/?product=fledermausshirt-v1-mit-grossem-rollkragen-und-kurzen-aermeln","title":{"rendered":"Fledermaus Shirt No.2 mit Rollkragen, Kurzarm"},"content":{"rendered":"<p>Gem\u00fctliches Shirt mit Fledermaus\u00e4rmeln, die viel Luft bzw. Bewegungsfreiheit unter den Achseln zulassen. Der gro\u00dfe, weite Rollkragen kann unterschiedlich gekrempelt bzw. gelegt werden.<br \/>\nDieses Kurzarm-Shirt hat eine diagonale Teilungsnaht im Vorderteil und keine Schulternaht.<\/p>\n<p><strong>L\u00e4nge:<\/strong> ca. 60 cm<\/p>\n<p><strong>Gr\u00f6\u00dfe<\/strong>:<br \/>\nKann in Gr\u00f6\u00dfe 36\/38, 40\/42 oder 44\/46 gefertigt werden.<br \/>\nBitte die Ma\u00dftabelle bei den Bildern beachten, die Gr\u00f6\u00dfen fallen vergleichsweise klein aus!<\/p>\n<p><strong>Material:<\/strong><br \/>\nViskose-Jersey, 96% Viskose, 4% Elasthan<br \/>\n\u00d6ko-Tex Standard 100 zertifiziert, in Deutschland hergestellt<\/p>\n<p><strong>Pflege<\/strong>:<br \/>\nWaschen: 30\u00b0 C Feinw\u00e4sche<br \/>\nB\u00fcgeln: 1 Punkt<br \/>\nTrockner: nein<\/p>\n<p><strong>Herkunft<\/strong>:<br \/>\nDieses Kleidungsst\u00fcck wird innerhalb von 2-9 Werktagen (Mo-Fr) nach Bestellung und Zahlungseingang zugeschnitten und gen\u00e4ht (Schnitt und Design sind nat\u00fcrlich von mir).<br \/>\nMade in Germany<\/p>\n<p>Das Model ist 172 cm gro\u00df und tr\u00e4gt das <a href=\"https:\/\/vario-shirts.com\/?product=bauchband-zum-wenden-nierenwaermer-wendebauchband\">Bauchband zum Wenden<\/a> unter dem Shirt bzw. \u00fcber der Hose.<\/p>\n","protected":false},"excerpt":{"rendered":"<p>Gem\u00fctliches Shirt mit Fledermaus\u00e4rmeln, die viel Luft bzw. Bewegungsfreiheit unter den Achseln zulassen. Der gro\u00dfe, weite Rollkragen kann unterschiedlich gekrempelt bzw. gelegt werden. Dieses Kurzarm-Shirt hat eine diagonale Teilungsnaht im Vorderteil und keine Schulternaht. L\u00e4nge: ca. 60 cm Gr\u00f6\u00dfe: Kann &hellip; <a href=\"https:\/\/vario-shirts.com\/?product=fledermausshirt-v1-mit-grossem-rollkragen-und-kurzen-aermeln\">Weiterlesen <span class=\"meta-nav\">&rarr;<\/span><\/a><\/p>\n","protected":false},"featured_media":2623,"comment_status":"open","ping_status":"closed","template":"","meta":[],"product_cat":[189],"product_tag":[382,318],"_links":{"self":[{"href":"https:\/\/vario-shirts.com\/index.php?rest_route=\/wp\/v2\/product\/2621"}],"collection":[{"href":"https:\/\/vario-shirts.com\/index.php?rest_route=\/wp\/v2\/product"}],"about":[{"href":"https:\/\/vario-shirts.com\/index.php?rest_route=\/wp\/v2\/types\/product"}],"replies":[{"embeddable":true,"href":"https:\/\/vario-shirts.com\/index.php?rest_route=%2Fwp%2Fv2%2Fcomments&post=2621"}],"wp:featuredmedia":[{"embeddable":true,"href":"https:\/\/vario-shirts.com\/index.php?rest_route=\/wp\/v2\/media\/2623"}],"wp:attachment":[{"href":"https:\/\/vario-shirts.com\/index.php?rest_route=%2Fwp%2Fv2%2Fmedia&parent=2621"}],"wp:term":[{"taxonomy":"product_cat","embeddable":true,"href":"https:\/\/vario-shirts.com\/index.php?rest_route=%2Fwp%2Fv2%2Fproduct_cat&post=2621"},{"taxonomy":"product_tag","embeddable":true,"href":"https:\/\/vario-shirts.com\/index.php?rest_route=%2Fwp%2Fv2%2Fproduct_tag&post=2621"}],"curies":[{"name":"wp","href":"https:\/\/api.w.org\/{rel}","templated":true}]}}