{"id":2651,"date":"2020-01-11T09:01:45","date_gmt":"2020-01-11T07:01:45","guid":{"rendered":"https:\/\/vario-shirts.com\/?post_type=product&#038;p=2651"},"modified":"2025-03-24T12:10:57","modified_gmt":"2025-03-24T10:10:57","slug":"neckholderkleid-der-vielen-moeglichkeiten","status":"publish","type":"product","link":"https:\/\/vario-shirts.com\/?product=neckholderkleid-der-vielen-moeglichkeiten","title":{"rendered":"Neckholder Kleid der vielen M\u00f6glichkeiten No.1 mit Tunnelzug"},"content":{"rendered":"<p>Supersch\u00f6nes und bequemes Kleid mit vielen Tragem\u00f6glichkeiten.<\/p>\n<p>Das Kleid ist sehr vielseitig. Es ist sowohl als Strandkleid als auch als Party- oder Cocktailkleid geeignet.<\/p>\n<p>Es kann ganz schlicht \u201esolo\u201c oder mit G\u00fcrtel getragen werden. Wenn das mitgelieferte Band z.B. unter die Brust oder um die Taille gebunden wird, erh\u00e4lt man eine neue Variante. Je nachdem wie es kombiniert wird, wirkt es sportlich oder elegant. Der Tunnelzug am Hals kann etwas breiter auseinander- oder etwas schmaler zusammengeschoben werden.<\/p>\n<p>reinschl\u00fcpfen-wohlf\u00fchlen-gut aussehen<\/p>\n<p><strong>L\u00e4nge: <\/strong><br \/>\nca. 95 cm oder<br \/>\nca. 105 cm (+ 15,- EUR)<br \/>\nbitte bei den Optionen w\u00e4hlen<\/p>\n<p><strong>Gr\u00f6\u00dfe:<\/strong><br \/>\nKann in Gr\u00f6\u00dfe 32, 34, 36, 38, 40, 42, 44 oder 46 gefertigt werden.<br \/>\nBitte die Ma\u00dftabelle bei den Bildern beachten, die Gr\u00f6\u00dfen fallen vergleichsweise klein aus!<\/p>\n<p><strong>Material:<\/strong><br \/>\nViskose-Jersey, 96% Viskose, 4% Elasthan<br \/>\n\u00d6ko-Tex Standard 100 zertifiziert, in Deutschland hergestellt<\/p>\n<p><strong>Pflege:<\/strong><br \/>\nWaschen: 30\u00b0 C Feinw\u00e4sche<br \/>\nB\u00fcgeln: 1 Punkt<br \/>\nTrockner: nein<\/p>\n<p><strong>Herkunft: <\/strong><br \/>\nDieses Kleidungsst\u00fcck wird innerhalb von 2-9 Werktagen (Mo-Fr) nach Bestellung und Zahlungseingang zugeschnitten und gen\u00e4ht (Schnitt und Design sind nat\u00fcrlich von mir).<\/p>\n<p>Made in Germany \/ Brandenburg \/ Elbe-Elster<\/p>\n<p>Dieses Kleid ist auch in einer anderen Variante mit R\u00fcckenteil erh\u00e4ltlich.<\/p>\n<p><a href=\"https:\/\/vario-shirts.com\/?product=kleid-der-vielen-moeglichkeiten-mit-tunnelzug\" target=\"_blank\" rel=\"noopener noreferrer\">https:\/\/vario-shirts.com\/?product=kleid-der-vielen-moeglichkeiten-mit-tunnelzug<\/a><\/p>\n<p>Das Vorderteil ist breiter als beim Kleid<br \/>\n<a href=\"https:\/\/vario-shirts.com\/?product=neckholderkleid-der-vielen-moeglichkeiten-no-2-mit-tunnelzug\" target=\"_blank\" rel=\"noopener noreferrer\">Neckholder Kleid No.2<\/a><\/p>\n","protected":false},"excerpt":{"rendered":"<p>Supersch\u00f6nes und bequemes Kleid mit vielen Tragem\u00f6glichkeiten. Das Kleid ist sehr vielseitig. Es ist sowohl als Strandkleid als auch als Party- oder Cocktailkleid geeignet. Es kann ganz schlicht \u201esolo\u201c oder mit G\u00fcrtel getragen werden. Wenn das mitgelieferte Band z.B. unter &hellip; <a href=\"https:\/\/vario-shirts.com\/?product=neckholderkleid-der-vielen-moeglichkeiten\">Weiterlesen <span class=\"meta-nav\">&rarr;<\/span><\/a><\/p>\n","protected":false},"featured_media":3987,"comment_status":"open","ping_status":"closed","template":"","meta":[],"product_cat":[209,259,315],"product_tag":[170,309,317,318,319,260],"_links":{"self":[{"href":"https:\/\/vario-shirts.com\/index.php?rest_route=\/wp\/v2\/product\/2651"}],"collection":[{"href":"https:\/\/vario-shirts.com\/index.php?rest_route=\/wp\/v2\/product"}],"about":[{"href":"https:\/\/vario-shirts.com\/index.php?rest_route=\/wp\/v2\/types\/product"}],"replies":[{"embeddable":true,"href":"https:\/\/vario-shirts.com\/index.php?rest_route=%2Fwp%2Fv2%2Fcomments&post=2651"}],"wp:featuredmedia":[{"embeddable":true,"href":"https:\/\/vario-shirts.com\/index.php?rest_route=\/wp\/v2\/media\/3987"}],"wp:attachment":[{"href":"https:\/\/vario-shirts.com\/index.php?rest_route=%2Fwp%2Fv2%2Fmedia&parent=2651"}],"wp:term":[{"taxonomy":"product_cat","embeddable":true,"href":"https:\/\/vario-shirts.com\/index.php?rest_route=%2Fwp%2Fv2%2Fproduct_cat&post=2651"},{"taxonomy":"product_tag","embeddable":true,"href":"https:\/\/vario-shirts.com\/index.php?rest_route=%2Fwp%2Fv2%2Fproduct_tag&post=2651"}],"curies":[{"name":"wp","href":"https:\/\/api.w.org\/{rel}","templated":true}]}}