{"id":2655,"date":"2020-01-11T09:28:27","date_gmt":"2020-01-11T07:28:27","guid":{"rendered":"https:\/\/vario-shirts.com\/?post_type=product&#038;p=2655"},"modified":"2025-03-24T12:03:56","modified_gmt":"2025-03-24T10:03:56","slug":"neckholderkleid-swing-mit-tunnelzug-lg100","status":"publish","type":"product","link":"https:\/\/vario-shirts.com\/?product=neckholderkleid-swing-mit-tunnelzug-lg100","title":{"rendered":"Neckholder Kleid Swing mit Tunnelzug, L\u00e4nge ca. 100 cm"},"content":{"rendered":"<p>Supersch\u00f6nes und bequemes Kleid mit Bund in der Taille und weit schwingendem Rock.<\/p>\n<p>Der Tunnelzug am Hals kann etwas breiter auseinander- oder etwas schmaler zusammengeschoben werden.<\/p>\n<p>reinschl\u00fcpfen-wohlf\u00fchlen-gut aussehen<\/p>\n<p><strong>L\u00e4nge:<\/strong> ca. 100 cm<\/p>\n<p><strong>Gr\u00f6\u00dfe:<\/strong><br \/>\nKann in Gr\u00f6\u00dfe 32, 34, 36, 38, 40, 42, 44 oder 46 gefertigt werden.<br \/>\nBitte die Ma\u00dftabelle bei den Bildern beachten, die Gr\u00f6\u00dfen fallen vergleichsweise klein aus!<\/p>\n<p><strong>Material:<\/strong><br \/>\nViskose-Jersey, 96% Viskose, 4% Elasthan<br \/>\n\u00d6ko-Tex Standard 100 zertifiziert, in Deutschland hergestellt<\/p>\n<p><strong>Pflege:<\/strong><br \/>\nWaschen: 30\u00b0 C Feinw\u00e4sche<br \/>\nB\u00fcgeln: 1 Punkt<br \/>\nTrockner: nein<\/p>\n<p><strong>Herkunft: <\/strong><br \/>\nDieses Kleidungsst\u00fcck wird innerhalb von 2-9 Werktagen (Mo-Fr) nach Bestellung und Zahlungseingang zugeschnitten und gen\u00e4ht (Schnitt und Design sind nat\u00fcrlich von mir).<br \/>\nMade in Germany \/ Brandenburg \/ Elbe-Elster<\/p>\n<p>Das Model ist 172 cm gro\u00df und tr\u00e4gt das Kleid in Gr\u00f6\u00dfe 36, Farbe: schwarz<\/p>\n","protected":false},"excerpt":{"rendered":"<p>Supersch\u00f6nes und bequemes Kleid mit Bund in der Taille und weit schwingendem Rock. Der Tunnelzug am Hals kann etwas breiter auseinander- oder etwas schmaler zusammengeschoben werden. reinschl\u00fcpfen-wohlf\u00fchlen-gut aussehen L\u00e4nge: ca. 100 cm Gr\u00f6\u00dfe: Kann in Gr\u00f6\u00dfe 32, 34, 36, 38, &hellip; <a href=\"https:\/\/vario-shirts.com\/?product=neckholderkleid-swing-mit-tunnelzug-lg100\">Weiterlesen <span class=\"meta-nav\">&rarr;<\/span><\/a><\/p>\n","protected":false},"featured_media":3980,"comment_status":"open","ping_status":"closed","template":"","meta":[],"product_cat":[209,259,315],"product_tag":[170,309,318,337,336,260],"_links":{"self":[{"href":"https:\/\/vario-shirts.com\/index.php?rest_route=\/wp\/v2\/product\/2655"}],"collection":[{"href":"https:\/\/vario-shirts.com\/index.php?rest_route=\/wp\/v2\/product"}],"about":[{"href":"https:\/\/vario-shirts.com\/index.php?rest_route=\/wp\/v2\/types\/product"}],"replies":[{"embeddable":true,"href":"https:\/\/vario-shirts.com\/index.php?rest_route=%2Fwp%2Fv2%2Fcomments&post=2655"}],"wp:featuredmedia":[{"embeddable":true,"href":"https:\/\/vario-shirts.com\/index.php?rest_route=\/wp\/v2\/media\/3980"}],"wp:attachment":[{"href":"https:\/\/vario-shirts.com\/index.php?rest_route=%2Fwp%2Fv2%2Fmedia&parent=2655"}],"wp:term":[{"taxonomy":"product_cat","embeddable":true,"href":"https:\/\/vario-shirts.com\/index.php?rest_route=%2Fwp%2Fv2%2Fproduct_cat&post=2655"},{"taxonomy":"product_tag","embeddable":true,"href":"https:\/\/vario-shirts.com\/index.php?rest_route=%2Fwp%2Fv2%2Fproduct_tag&post=2655"}],"curies":[{"name":"wp","href":"https:\/\/api.w.org\/{rel}","templated":true}]}}