{"id":2690,"date":"2020-01-17T13:41:56","date_gmt":"2020-01-17T11:41:56","guid":{"rendered":"https:\/\/vario-shirts.com\/?post_type=product&#038;p=2690"},"modified":"2025-03-12T16:22:50","modified_gmt":"2025-03-12T14:22:50","slug":"fledermausshirt-v1-basic-mit-bund-und-kurzen-aermeln","status":"publish","type":"product","link":"https:\/\/vario-shirts.com\/?product=fledermausshirt-v1-basic-mit-bund-und-kurzen-aermeln","title":{"rendered":"Fledermaus Shirt No.2 Kurzarm mit Bund"},"content":{"rendered":"<p>Fledermausshirt mit breitem B\u00fcndchen am Saum, eingefasstem weitem Ausschnitt und einer diagonalen Teilungsnaht im Vorderteil.<\/p>\n<p><strong>L\u00e4nge<\/strong>: ca. 76 cm<br \/>\n<strong>Breite Bund<\/strong>: 12 cm<\/p>\n<p><strong>Gr\u00f6\u00dfe:<\/strong><br \/>\nKann in Gr\u00f6\u00dfe 36\/38, 40\/42 oder 44\/46 gefertigt werden.<br \/>\nBitte die Ma\u00dftabelle bei den Bildern beachten, die Gr\u00f6\u00dfen fallen vergleichsweise klein aus!<\/p>\n<p><strong>Material<\/strong>:<br \/>\nViskose-Jersey, 96% Viskose, 4% Elasthan<br \/>\n\u00d6ko-Tex Standard 100 zertifiziert, in Deutschland hergestellt<\/p>\n<p><strong>Pflege<\/strong>:<br \/>\nWaschen: 30\u00b0 C Feinw\u00e4sche<br \/>\nB\u00fcgeln: 1 Punkt<br \/>\nTrockner: nein<\/p>\n<p><strong>Herkunft<\/strong>:<br \/>\nDieses Kleidungsst\u00fcck wird innerhalb von 2-9 Werktagen (Mo-Fr) nach Bestellung und Zahlungseingang zugeschnitten und gen\u00e4ht (Schnitt und Design sind nat\u00fcrlich von mir).<br \/>\nMade in Germany \/ Brandenburg \/ Elbe-Elster<\/p>\n<p>Das Model ist 172 cm gro\u00df und tr\u00e4gt Gr\u00f6\u00dfe 36\/38 in dunkelgr\u00fcn<\/p>\n","protected":false},"excerpt":{"rendered":"<p>Fledermausshirt mit breitem B\u00fcndchen am Saum, eingefasstem weitem Ausschnitt und einer diagonalen Teilungsnaht im Vorderteil. L\u00e4nge: ca. 76 cm Breite Bund: 12 cm Gr\u00f6\u00dfe: Kann in Gr\u00f6\u00dfe 36\/38, 40\/42 oder 44\/46 gefertigt werden. Bitte die Ma\u00dftabelle bei den Bildern beachten, &hellip; <a href=\"https:\/\/vario-shirts.com\/?product=fledermausshirt-v1-basic-mit-bund-und-kurzen-aermeln\">Weiterlesen <span class=\"meta-nav\">&rarr;<\/span><\/a><\/p>\n","protected":false},"featured_media":2692,"comment_status":"open","ping_status":"closed","template":"","meta":[],"product_cat":[189],"product_tag":[381,318],"_links":{"self":[{"href":"https:\/\/vario-shirts.com\/index.php?rest_route=\/wp\/v2\/product\/2690"}],"collection":[{"href":"https:\/\/vario-shirts.com\/index.php?rest_route=\/wp\/v2\/product"}],"about":[{"href":"https:\/\/vario-shirts.com\/index.php?rest_route=\/wp\/v2\/types\/product"}],"replies":[{"embeddable":true,"href":"https:\/\/vario-shirts.com\/index.php?rest_route=%2Fwp%2Fv2%2Fcomments&post=2690"}],"wp:featuredmedia":[{"embeddable":true,"href":"https:\/\/vario-shirts.com\/index.php?rest_route=\/wp\/v2\/media\/2692"}],"wp:attachment":[{"href":"https:\/\/vario-shirts.com\/index.php?rest_route=%2Fwp%2Fv2%2Fmedia&parent=2690"}],"wp:term":[{"taxonomy":"product_cat","embeddable":true,"href":"https:\/\/vario-shirts.com\/index.php?rest_route=%2Fwp%2Fv2%2Fproduct_cat&post=2690"},{"taxonomy":"product_tag","embeddable":true,"href":"https:\/\/vario-shirts.com\/index.php?rest_route=%2Fwp%2Fv2%2Fproduct_tag&post=2690"}],"curies":[{"name":"wp","href":"https:\/\/api.w.org\/{rel}","templated":true}]}}