{"id":2819,"date":"2020-02-22T09:10:15","date_gmt":"2020-02-22T07:10:15","guid":{"rendered":"https:\/\/vario-shirts.com\/?post_type=product&#038;p=2819"},"modified":"2025-03-12T14:07:27","modified_gmt":"2025-03-12T12:07:27","slug":"medi-c-rolli-shirt-mit-miniarm","status":"publish","type":"product","link":"https:\/\/vario-shirts.com\/?product=medi-c-rolli-shirt-mit-miniarm","title":{"rendered":"Medi-C-Rolli Shirt mit Mini-Arm, aus Viskosejersey"},"content":{"rendered":"<p>Schmal geschnittenes Basic-Shirt mit sch\u00f6nem Rolli-Ausschnitt und Mini\u00e4rmeln. Die \u00c4rmel sind doppelt gearbeitet und verbreitern die Schultern optisch ein wenig.<\/p>\n<p><strong>Halsausschnitt: <\/strong>ca. 10 cm tief + Rollkragen<br \/>\n<strong>Schulterbreite: <\/strong>ca. 5 cm<br \/>\n<strong>\u00c4rmell\u00e4nge: <\/strong>ca. \u00c4rmell\u00e4nge: ca. 6 cm (2 Stoffschichten)<\/p>\n<p><strong>L\u00e4nge:<\/strong><br \/>\nnormal ca. 60 cm,<br \/>\nextra lang ca. 70 cm (+ 10,- EUR)<\/p>\n<p>bitte bei den Optionen w\u00e4hlen<\/p>\n<p><strong>Gr\u00f6\u00dfe<\/strong>:<br \/>\nKann in Gr\u00f6\u00dfe 32, 34, 36, 38, 40, 42, 44 oder 46 gefertigt werden.<br \/>\nBitte die Ma\u00dftabelle bei den Bildern beachten, die Gr\u00f6\u00dfen fallen vergleichsweise klein aus!<\/p>\n<p><img decoding=\"async\" loading=\"lazy\" class=\"alignright size-full wp-image-3631\" src=\"https:\/\/vario-shirts.com\/wp-content\/uploads\/2020\/03\/SchnittformVS.jpg\" alt=\"\" width=\"301\" height=\"374\" \/><\/p>\n<p><strong>Schnittform:<\/strong><br \/>\nenganliegend<br \/>\nleicht tailliert oder<br \/>\ngerade geschnitten<br \/>\nbitte bei den Optionen w\u00e4hlen<\/p>\n<p>\u201eEnganliegend\u201c bedeutet, da wo die K\u00f6rperma\u00dfe mit der Ma\u00dftabelle \u00fcbereinstimmen, liegt das Shirt durchgehend am K\u00f6rper an.<br \/>\nDie Schnittform \u201cleicht tailliert\u201d ist im Taillenbereich ca. 5 cm weiter.<br \/>\nDie \u201egerade geschnittenen\u201c Shirts sitzen im Bauchbereich entsprechend lockerer.<\/p>\n<p><strong>Material:<\/strong><br \/>\nViskose-Jersey, 96% Viskose, 4% Elasthan<br \/>\n\u00d6ko-Tex Standard 100 zertifiziert, in Deutschland hergestellt<\/p>\n<p><strong>Pflege:<\/strong><br \/>\nWaschen: 30\u00b0 C Feinw\u00e4sche<br \/>\nB\u00fcgeln: 1 Punkt<br \/>\nTrockner: nein<\/p>\n<p><strong>Herkunft: <\/strong><br \/>\nDieses Kleidungsst\u00fcck wird innerhalb von 2-9 Werktagen (Mo-Fr) nach Bestellung und Zahlungseingang zugeschnitten und gen\u00e4ht (Schnitt und Design sind nat\u00fcrlich von mir).<br \/>\nMade in Germany \/ Brandenburg \/ Elbe-Elster<\/p>\n<p><strong>Extras:<\/strong><br \/>\nDieses Kleidungsst\u00fcck kann mit <a href=\"https:\/\/vario-shirts.com\/?product=stilleinsatz\">Stilleinsatz<\/a> oder <a href=\"https:\/\/vario-shirts.com\/?product=raffung\">Raffung<\/a> hergestellt werden. Bitte einfach dazu bestellen.<\/p>\n","protected":false},"excerpt":{"rendered":"<p>Schmal geschnittenes Basic-Shirt mit sch\u00f6nem Rolli-Ausschnitt und Mini\u00e4rmeln. Die \u00c4rmel sind doppelt gearbeitet und verbreitern die Schultern optisch ein wenig. Halsausschnitt: ca. 10 cm tief + Rollkragen Schulterbreite: ca. 5 cm \u00c4rmell\u00e4nge: ca. \u00c4rmell\u00e4nge: ca. 6 cm (2 Stoffschichten) L\u00e4nge: &hellip; <a href=\"https:\/\/vario-shirts.com\/?product=medi-c-rolli-shirt-mit-miniarm\">Weiterlesen <span class=\"meta-nav\">&rarr;<\/span><\/a><\/p>\n","protected":false},"featured_media":2827,"comment_status":"open","ping_status":"closed","template":"","meta":[],"product_cat":[206,103,111,418,419],"product_tag":[147,448,462,452,318,437,55],"_links":{"self":[{"href":"https:\/\/vario-shirts.com\/index.php?rest_route=\/wp\/v2\/product\/2819"}],"collection":[{"href":"https:\/\/vario-shirts.com\/index.php?rest_route=\/wp\/v2\/product"}],"about":[{"href":"https:\/\/vario-shirts.com\/index.php?rest_route=\/wp\/v2\/types\/product"}],"replies":[{"embeddable":true,"href":"https:\/\/vario-shirts.com\/index.php?rest_route=%2Fwp%2Fv2%2Fcomments&post=2819"}],"wp:featuredmedia":[{"embeddable":true,"href":"https:\/\/vario-shirts.com\/index.php?rest_route=\/wp\/v2\/media\/2827"}],"wp:attachment":[{"href":"https:\/\/vario-shirts.com\/index.php?rest_route=%2Fwp%2Fv2%2Fmedia&parent=2819"}],"wp:term":[{"taxonomy":"product_cat","embeddable":true,"href":"https:\/\/vario-shirts.com\/index.php?rest_route=%2Fwp%2Fv2%2Fproduct_cat&post=2819"},{"taxonomy":"product_tag","embeddable":true,"href":"https:\/\/vario-shirts.com\/index.php?rest_route=%2Fwp%2Fv2%2Fproduct_tag&post=2819"}],"curies":[{"name":"wp","href":"https:\/\/api.w.org\/{rel}","templated":true}]}}