{"id":2845,"date":"2020-02-26T10:05:38","date_gmt":"2020-02-26T08:05:38","guid":{"rendered":"https:\/\/vario-shirts.com\/?post_type=product&#038;p=2845"},"modified":"2025-03-24T14:54:05","modified_gmt":"2025-03-24T12:54:05","slug":"mira-wendestulpen-aus-viskosejersey-kurze-armstulpen","status":"publish","type":"product","link":"https:\/\/vario-shirts.com\/?product=mira-wendestulpen-aus-viskosejersey-kurze-armstulpen","title":{"rendered":"Mira Wendestulpen, kurz, aus Viskosejersey"},"content":{"rendered":"<p>Sch\u00f6ne und praktische, kurze Armstulpen zum Wenden.<\/p>\n<p>Sie verl\u00e4ngern die \u00c4rmel und w\u00e4rmen die H\u00e4nde. Wenn es w\u00e4rmer wird, verschwinden sie einfach in der Handtasche. Falls sie schmutzig werden, dreht man sie einfach um.<\/p>\n<p>Tolles Geschenk, f\u00fcr Freundin, Schwester, Oma oder (Schwieger-)Mama, die oft mit kalten H\u00e4nden und\/oder zu kurzen \u00c4rmeln k\u00e4mpfen. Oder einfach sich selbst mal etwas Sch\u00f6nes g\u00f6nnen!<\/p>\n<p><strong>L\u00e4nge<\/strong>: ca. 19 cm<\/p>\n<p><strong>Gr\u00f6\u00dfe:<\/strong> Einheitsgr\u00f6\u00dfe<\/p>\n<p><strong>Farbe: <\/strong> je nach Wunsch ein- oder zweifarbig (bitte bei den Optionen ausw\u00e4hlen)<\/p>\n<p><strong>Material:<\/strong><br \/>\nViskose-Jersey, 96% Viskose, 4% Elasthan<br \/>\n\u00d6ko-Tex Standard 100 zertifiziert, in Deutschland hergestellt<\/p>\n<p><strong>Pflege:<\/strong><br \/>\nWaschen: 30\u00b0 C Feinw\u00e4sche<br \/>\nB\u00fcgeln: 1 Punkt<br \/>\nTrockner: nein<\/p>\n<p><strong>Herkunft<\/strong>:<br \/>\nDieses Kleidungsst\u00fcck wird innerhalb von 2-9 Werktagen (Mo-Fr) nach Bestellung und Zahlungseingang zugeschnitten und gen\u00e4ht (Schnitt und Design sind nat\u00fcrlich von mir).<br \/>\nMade in Germany \/ Brandenburg \/ Elbe-Elster<\/p>\n","protected":false},"excerpt":{"rendered":"<p>Sch\u00f6ne und praktische, kurze Armstulpen zum Wenden. Sie verl\u00e4ngern die \u00c4rmel und w\u00e4rmen die H\u00e4nde. Wenn es w\u00e4rmer wird, verschwinden sie einfach in der Handtasche. Falls sie schmutzig werden, dreht man sie einfach um. Tolles Geschenk, f\u00fcr Freundin, Schwester, Oma &hellip; <a href=\"https:\/\/vario-shirts.com\/?product=mira-wendestulpen-aus-viskosejersey-kurze-armstulpen\">Weiterlesen <span class=\"meta-nav\">&rarr;<\/span><\/a><\/p>\n","protected":false},"featured_media":5250,"comment_status":"open","ping_status":"closed","template":"","meta":[],"product_cat":[187,121,359],"product_tag":[353,318,502,496],"_links":{"self":[{"href":"https:\/\/vario-shirts.com\/index.php?rest_route=\/wp\/v2\/product\/2845"}],"collection":[{"href":"https:\/\/vario-shirts.com\/index.php?rest_route=\/wp\/v2\/product"}],"about":[{"href":"https:\/\/vario-shirts.com\/index.php?rest_route=\/wp\/v2\/types\/product"}],"replies":[{"embeddable":true,"href":"https:\/\/vario-shirts.com\/index.php?rest_route=%2Fwp%2Fv2%2Fcomments&post=2845"}],"wp:featuredmedia":[{"embeddable":true,"href":"https:\/\/vario-shirts.com\/index.php?rest_route=\/wp\/v2\/media\/5250"}],"wp:attachment":[{"href":"https:\/\/vario-shirts.com\/index.php?rest_route=%2Fwp%2Fv2%2Fmedia&parent=2845"}],"wp:term":[{"taxonomy":"product_cat","embeddable":true,"href":"https:\/\/vario-shirts.com\/index.php?rest_route=%2Fwp%2Fv2%2Fproduct_cat&post=2845"},{"taxonomy":"product_tag","embeddable":true,"href":"https:\/\/vario-shirts.com\/index.php?rest_route=%2Fwp%2Fv2%2Fproduct_tag&post=2845"}],"curies":[{"name":"wp","href":"https:\/\/api.w.org\/{rel}","templated":true}]}}