{"id":3011,"date":"2020-05-14T17:55:55","date_gmt":"2020-05-14T15:55:55","guid":{"rendered":"https:\/\/vario-shirts.com\/?post_type=product&#038;p=3011"},"modified":"2025-03-12T18:28:52","modified_gmt":"2025-03-12T16:28:52","slug":"top-mit-schleifen-und-variablem-ausschnitt-aus-viskosejersey-made-in-germany","status":"publish","type":"product","link":"https:\/\/vario-shirts.com\/?product=top-mit-schleifen-und-variablem-ausschnitt-aus-viskosejersey-made-in-germany","title":{"rendered":"Top der vielen M\u00f6glichkeiten mit Tunnelzug, aus Viskosejersey, Made in Germany"},"content":{"rendered":"<p>Sch\u00f6nes leichtes Top.<\/p>\n<p>Das Vorderteil und auch das R\u00fcckenteil k\u00f6nnen, je nach Wunsch, oben eng zusammengeschoben oder relativ breit auseinandergezogen werden. Die zwei durchgezogenen B\u00e4nder k\u00f6nnen auf den Schultern gebunden werden. Die Schleife kann aber auch nach vorn geschoben werden, oder Ihr probiert einfach die vielen anderen M\u00f6glichkeiten<\/p>\n<p><strong>L\u00e4nge:<\/strong><br \/>\nnormal ca. 60 cm,<br \/>\nextra lang ca. 70 cm (+ 10,- EUR)<\/p>\n<p>bitte bei den Optionen w\u00e4hlen<\/p>\n<p><strong>Gr\u00f6\u00dfe:<\/strong><br \/>\nKann in Gr\u00f6\u00dfe 32, 34, 36, 38, 40, 42, 44 oder 46 gefertigt werden.<br \/>\nBitte die Ma\u00dftabelle bei den Bildern beachten, die Gr\u00f6\u00dfen fallen vergleichsweise klein aus!<\/p>\n<p><img decoding=\"async\" loading=\"lazy\" class=\"alignright size-full wp-image-3631\" src=\"https:\/\/vario-shirts.com\/wp-content\/uploads\/2020\/03\/SchnittformVS.jpg\" alt=\"\" width=\"301\" height=\"374\" \/><strong>Schnittform<\/strong>:<br \/>\nleicht tailliert oder<br \/>\ngerade geschnitten<br \/>\nbitte bei den Optionen w\u00e4hlen<br \/>\nDie Schnittform \u201eleicht tailliert\u201c ist im Taillenbereich ca. 5 cm weiter als der Taillenumfang aus der Ma\u00dftabelle.<br \/>\nDie \u201egerade geschnittenen\u201c Shirts sitzen im Bauchbereich entsprechend lockerer.<\/p>\n<p><strong>Material<\/strong>:<br \/>\nViskose-Jersey, 96% Viskose, 4% Elasthan<br \/>\n\u00d6ko-Tex Standard 100 zertifiziert, in Deutschland hergestellt<\/p>\n<p><strong>Pflege<\/strong>:<br \/>\nWaschen: 30\u00b0 C Feinw\u00e4sche<br \/>\nB\u00fcgeln: 1 Punkt<br \/>\nTrockner: nein<\/p>\n<p><strong>Herkunft: <\/strong><br \/>\nDieses Kleidungsst\u00fcck wird innerhalb von 2-9 Werktagen (Mo-Fr) nach Bestellung und Zahlungseingang zugeschnitten und gen\u00e4ht (Schnitt und Design sind nat\u00fcrlich von mir).<br \/>\nMade in Germany \/ Brandenburg \/ Elbe-Elster<\/p>\n","protected":false},"excerpt":{"rendered":"<p>Sch\u00f6nes leichtes Top. Das Vorderteil und auch das R\u00fcckenteil k\u00f6nnen, je nach Wunsch, oben eng zusammengeschoben oder relativ breit auseinandergezogen werden. Die zwei durchgezogenen B\u00e4nder k\u00f6nnen auf den Schultern gebunden werden. Die Schleife kann aber auch nach vorn geschoben werden, &hellip; <a href=\"https:\/\/vario-shirts.com\/?product=top-mit-schleifen-und-variablem-ausschnitt-aus-viskosejersey-made-in-germany\">Weiterlesen <span class=\"meta-nav\">&rarr;<\/span><\/a><\/p>\n","protected":false},"featured_media":3012,"comment_status":"open","ping_status":"closed","template":"","meta":[],"product_cat":[122,207,314,310],"product_tag":[318,371,343],"_links":{"self":[{"href":"https:\/\/vario-shirts.com\/index.php?rest_route=\/wp\/v2\/product\/3011"}],"collection":[{"href":"https:\/\/vario-shirts.com\/index.php?rest_route=\/wp\/v2\/product"}],"about":[{"href":"https:\/\/vario-shirts.com\/index.php?rest_route=\/wp\/v2\/types\/product"}],"replies":[{"embeddable":true,"href":"https:\/\/vario-shirts.com\/index.php?rest_route=%2Fwp%2Fv2%2Fcomments&post=3011"}],"wp:featuredmedia":[{"embeddable":true,"href":"https:\/\/vario-shirts.com\/index.php?rest_route=\/wp\/v2\/media\/3012"}],"wp:attachment":[{"href":"https:\/\/vario-shirts.com\/index.php?rest_route=%2Fwp%2Fv2%2Fmedia&parent=3011"}],"wp:term":[{"taxonomy":"product_cat","embeddable":true,"href":"https:\/\/vario-shirts.com\/index.php?rest_route=%2Fwp%2Fv2%2Fproduct_cat&post=3011"},{"taxonomy":"product_tag","embeddable":true,"href":"https:\/\/vario-shirts.com\/index.php?rest_route=%2Fwp%2Fv2%2Fproduct_tag&post=3011"}],"curies":[{"name":"wp","href":"https:\/\/api.w.org\/{rel}","templated":true}]}}