{"id":3031,"date":"2020-05-15T12:21:59","date_gmt":"2020-05-15T10:21:59","guid":{"rendered":"https:\/\/vario-shirts.com\/?post_type=product&#038;p=3031"},"modified":"2025-03-24T13:08:30","modified_gmt":"2025-03-24T11:08:30","slug":"minirock-swing-mit-gummiband-in-der-taille-lg40","status":"publish","type":"product","link":"https:\/\/vario-shirts.com\/?product=minirock-swing-mit-gummiband-in-der-taille-lg40","title":{"rendered":"Rock Swing mit Gummiband in der Taille"},"content":{"rendered":"<p>Supers\u00fc\u00dfer, schwingender, kurzer Rock mit B\u00fcndchen.<\/p>\n<p>Mit passendem Shirt oder Top (von VARIO-SHIRTS) wirkt die Kombination wie ein Kleid.<\/p>\n<p>Der Rock sitzt in der Taille (laut Ma\u00dftabelle). Er kann einfach gr\u00f6\u00dfer bestellt werden, wenn er tiefer sitzen soll. F\u00fcr die richtige Gr\u00f6\u00dfe am besten den Umfang an der Stelle messen, wo das Gummib\u00fcndchen sitzen soll und dann nach dem Taillenma\u00df in der Ma\u00dftabelle bestellen.<\/p>\n<p>reinschl\u00fcpfen-wohlf\u00fchlen-gut aussehen<\/p>\n<p><strong>Breite B\u00fcndchen:<\/strong> ca. 3,5 cm<\/p>\n<p><strong>L\u00e4nge: <\/strong><br \/>\nca. 30 cm + B\u00fcndchen<br \/>\nca. 40 cm + B\u00fcndchen (+ 15,- EUR)<br \/>\nca. 50 cm + B\u00fcndchen (+ 30,- EUR)<\/p>\n<p><strong>Gr\u00f6\u00dfe<\/strong>:<br \/>\nKann in Gr\u00f6\u00dfe 32, 34, 36, 38, 40, 42, 44 oder 46 gefertigt werden.<br \/>\nBitte die Ma\u00dftabelle bei den Bildern beachten, die Gr\u00f6\u00dfen fallen vergleichsweise klein aus!<\/p>\n<p><strong>Material:<\/strong><br \/>\nViskose-Jersey, 96% Viskose, 4% Elasthan<br \/>\n\u00d6ko-Tex Standard 100 zertifiziert, in Deutschland hergestellt<\/p>\n<p><strong>Pflege:<\/strong><br \/>\nWaschen: 30\u00b0 C Feinw\u00e4sche<br \/>\nB\u00fcgeln: 1 Punkt<br \/>\nTrockner: nein<\/p>\n<p><strong>Herkunft: <\/strong><br \/>\nDieses Kleidungsst\u00fcck wird innerhalb von 2-9 Werktagen (Mo-Fr) nach Bestellung und Zahlungseingang zugeschnitten und gen\u00e4ht (Schnitt und Design sind nat\u00fcrlich von mir).<br \/>\nMade in Germany \/ Brandenburg \/ Elbe-Elster<\/p>\n","protected":false},"excerpt":{"rendered":"<p>Supers\u00fc\u00dfer, schwingender, kurzer Rock mit B\u00fcndchen. Mit passendem Shirt oder Top (von VARIO-SHIRTS) wirkt die Kombination wie ein Kleid. Der Rock sitzt in der Taille (laut Ma\u00dftabelle). Er kann einfach gr\u00f6\u00dfer bestellt werden, wenn er tiefer sitzen soll. F\u00fcr die &hellip; <a href=\"https:\/\/vario-shirts.com\/?product=minirock-swing-mit-gummiband-in-der-taille-lg40\">Weiterlesen <span class=\"meta-nav\">&rarr;<\/span><\/a><\/p>\n","protected":false},"featured_media":3991,"comment_status":"open","ping_status":"closed","template":"","meta":[],"product_cat":[134],"product_tag":[351,318,276,275],"_links":{"self":[{"href":"https:\/\/vario-shirts.com\/index.php?rest_route=\/wp\/v2\/product\/3031"}],"collection":[{"href":"https:\/\/vario-shirts.com\/index.php?rest_route=\/wp\/v2\/product"}],"about":[{"href":"https:\/\/vario-shirts.com\/index.php?rest_route=\/wp\/v2\/types\/product"}],"replies":[{"embeddable":true,"href":"https:\/\/vario-shirts.com\/index.php?rest_route=%2Fwp%2Fv2%2Fcomments&post=3031"}],"wp:featuredmedia":[{"embeddable":true,"href":"https:\/\/vario-shirts.com\/index.php?rest_route=\/wp\/v2\/media\/3991"}],"wp:attachment":[{"href":"https:\/\/vario-shirts.com\/index.php?rest_route=%2Fwp%2Fv2%2Fmedia&parent=3031"}],"wp:term":[{"taxonomy":"product_cat","embeddable":true,"href":"https:\/\/vario-shirts.com\/index.php?rest_route=%2Fwp%2Fv2%2Fproduct_cat&post=3031"},{"taxonomy":"product_tag","embeddable":true,"href":"https:\/\/vario-shirts.com\/index.php?rest_route=%2Fwp%2Fv2%2Fproduct_tag&post=3031"}],"curies":[{"name":"wp","href":"https:\/\/api.w.org\/{rel}","templated":true}]}}