{"id":3067,"date":"2020-05-21T20:15:54","date_gmt":"2020-05-21T18:15:54","guid":{"rendered":"https:\/\/vario-shirts.com\/?post_type=product&#038;p=3067"},"modified":"2025-03-24T11:57:31","modified_gmt":"2025-03-24T09:57:31","slug":"u-boot-basic-kleid-gerade-aermellos-aus-viskosejersey","status":"publish","type":"product","link":"https:\/\/vario-shirts.com\/?product=u-boot-basic-kleid-gerade-aermellos-aus-viskosejersey","title":{"rendered":"U-Boot Kleid \u00e4rmellos, aus Viskosejersey"},"content":{"rendered":"<p>Supersch\u00f6nes und bequemes Kleid mit sch\u00f6nem U-Boot-Ausschnitt, leicht ausgestellt, ohne \u00c4rmel.<\/p>\n<p>Das Kleid ist sehr vielseitig und kann solo als Kleid oder \u00fcber schmalen Hosen, Shirts und Leggings getragen werden.<\/p>\n<p>reinschl\u00fcpfen-wohlf\u00fchlen-gut aussehen<\/p>\n<p><strong>L\u00e4nge: <\/strong><br \/>\nca. 95 cm oder ca. 105 cm (+ 15,- EUR)<br \/>\nbitte bei den Optionen w\u00e4hlen<\/p>\n<p><strong>Gr\u00f6\u00dfe:<\/strong><br \/>\nKann in Gr\u00f6\u00dfe 32, 34, 36, 38, 40, 42, 44 oder 46 gefertigt werden.<br \/>\nBitte die Ma\u00dftabelle bei den Bildern beachten, die Gr\u00f6\u00dfen fallen vergleichsweise klein aus!<\/p>\n<p><strong>Material:<\/strong><br \/>\nViskose-Jersey, 96% Viskose, 4% Elasthan<br \/>\n\u00d6ko-Tex Standard 100 zertifiziert, in Deutschland hergestellt<\/p>\n<p><strong>Pflege:<\/strong><br \/>\nWaschen: 30\u00b0 C Feinw\u00e4sche<br \/>\nB\u00fcgeln: 1 Punkt<br \/>\nTrockner: nein<\/p>\n<p><strong>Herkunft: <\/strong><br \/>\nDieses Kleidungsst\u00fcck wird innerhalb von 2-9 Werktagen (Mo-Fr) nach Bestellung und Zahlungseingang zugeschnitten und gen\u00e4ht (Schnitt und Design sind nat\u00fcrlich von mir).<br \/>\nMade in Germany \/ Brandenburg \/ Elbe-Elster<\/p>\n<p>Andere Ausschnittformen (wie im Shop zu sehen) sind gern m\u00f6glich.<\/p>\n","protected":false},"excerpt":{"rendered":"<p>Supersch\u00f6nes und bequemes Kleid mit sch\u00f6nem U-Boot-Ausschnitt, leicht ausgestellt, ohne \u00c4rmel. Das Kleid ist sehr vielseitig und kann solo als Kleid oder \u00fcber schmalen Hosen, Shirts und Leggings getragen werden. reinschl\u00fcpfen-wohlf\u00fchlen-gut aussehen L\u00e4nge: ca. 95 cm oder ca. 105 cm &hellip; <a href=\"https:\/\/vario-shirts.com\/?product=u-boot-basic-kleid-gerade-aermellos-aus-viskosejersey\">Weiterlesen <span class=\"meta-nav\">&rarr;<\/span><\/a><\/p>\n","protected":false},"featured_media":3982,"comment_status":"open","ping_status":"closed","template":"","meta":[],"product_cat":[120,209,315],"product_tag":[342,170,172,404,317,318,214,343],"_links":{"self":[{"href":"https:\/\/vario-shirts.com\/index.php?rest_route=\/wp\/v2\/product\/3067"}],"collection":[{"href":"https:\/\/vario-shirts.com\/index.php?rest_route=\/wp\/v2\/product"}],"about":[{"href":"https:\/\/vario-shirts.com\/index.php?rest_route=\/wp\/v2\/types\/product"}],"replies":[{"embeddable":true,"href":"https:\/\/vario-shirts.com\/index.php?rest_route=%2Fwp%2Fv2%2Fcomments&post=3067"}],"wp:featuredmedia":[{"embeddable":true,"href":"https:\/\/vario-shirts.com\/index.php?rest_route=\/wp\/v2\/media\/3982"}],"wp:attachment":[{"href":"https:\/\/vario-shirts.com\/index.php?rest_route=%2Fwp%2Fv2%2Fmedia&parent=3067"}],"wp:term":[{"taxonomy":"product_cat","embeddable":true,"href":"https:\/\/vario-shirts.com\/index.php?rest_route=%2Fwp%2Fv2%2Fproduct_cat&post=3067"},{"taxonomy":"product_tag","embeddable":true,"href":"https:\/\/vario-shirts.com\/index.php?rest_route=%2Fwp%2Fv2%2Fproduct_tag&post=3067"}],"curies":[{"name":"wp","href":"https:\/\/api.w.org\/{rel}","templated":true}]}}