{"id":3073,"date":"2020-05-21T20:21:48","date_gmt":"2020-05-21T18:21:48","guid":{"rendered":"https:\/\/vario-shirts.com\/?post_type=product&#038;p=3073"},"modified":"2025-03-24T11:59:00","modified_gmt":"2025-03-24T09:59:00","slug":"medi-c-basic-kleid-gerade-aermellos-lg95-aus-viskosejersey","status":"publish","type":"product","link":"https:\/\/vario-shirts.com\/?product=medi-c-basic-kleid-gerade-aermellos-lg95-aus-viskosejersey","title":{"rendered":"Medi-C Kleid \u00e4rmellos, aus Viskosejersey, Made in Germany"},"content":{"rendered":"<p>Supersch\u00f6nes und bequemes Kleid mit sch\u00f6nem rundem Ausschnitt, leicht ausgestellt, ohne \u00c4rmel.<\/p>\n<p>Das Kleid ist sehr vielseitig und kann solo als Kleid oder \u00fcber schmalen Hosen, Shirts und Leggings getragen werden.<\/p>\n<p>reinschl\u00fcpfen-wohlf\u00fchlen-gut aussehen<\/p>\n<p>Ausschnitt: 10 cm tief<\/p>\n<p><strong>L\u00e4nge:<\/strong><br \/>\nca. 95 cm oder ca. 105 cm (+ 15,- EUR)<br \/>\nbitte bei den Optionen w\u00e4hlen<\/p>\n<p><strong>Gr\u00f6\u00dfe:<\/strong><br \/>\nKann in Gr\u00f6\u00dfe 32, 34, 36, 38, 40, 42, 44 oder 46 gefertigt werden.<br \/>\nBitte die Ma\u00dftabelle bei den Bildern beachten, die Gr\u00f6\u00dfen fallen vergleichsweise klein aus!<\/p>\n<p><strong>Material:<\/strong><br \/>\nViskose-Jersey, 96% Viskose, 4% Elasthan<br \/>\n\u00d6ko-Tex Standard 100 zertifiziert, in Deutschland hergestellt<\/p>\n<p><strong>Pflege:<\/strong><br \/>\nWaschen: 30\u00b0 C Feinw\u00e4sche<br \/>\nB\u00fcgeln: 1 Punkt<br \/>\nTrockner: nein<\/p>\n<p><strong>Herkunft: <\/strong><br \/>\nDieses Kleidungsst\u00fcck wird innerhalb von 2-9 Werktagen (Mo-Fr) nach Bestellung und Zahlungseingang zugeschnitten und gen\u00e4ht (Schnitt und Design sind nat\u00fcrlich von mir).<br \/>\nMade in Germany \/ Brandenburg \/ Elbe-Elster<\/p>\n<p>Andere Ausschnittformen (wie im Shop zu sehen) oder \u00c4rmel (gegen Aufpreis) sind gern m\u00f6glich.<\/p>\n","protected":false},"excerpt":{"rendered":"<p>Supersch\u00f6nes und bequemes Kleid mit sch\u00f6nem rundem Ausschnitt, leicht ausgestellt, ohne \u00c4rmel. Das Kleid ist sehr vielseitig und kann solo als Kleid oder \u00fcber schmalen Hosen, Shirts und Leggings getragen werden. reinschl\u00fcpfen-wohlf\u00fchlen-gut aussehen Ausschnitt: 10 cm tief L\u00e4nge: ca. 95 &hellip; <a href=\"https:\/\/vario-shirts.com\/?product=medi-c-basic-kleid-gerade-aermellos-lg95-aus-viskosejersey\">Weiterlesen <span class=\"meta-nav\">&rarr;<\/span><\/a><\/p>\n","protected":false},"featured_media":3076,"comment_status":"open","ping_status":"closed","template":"","meta":[],"product_cat":[120,209,315],"product_tag":[342,170,309,172,404,317,318],"_links":{"self":[{"href":"https:\/\/vario-shirts.com\/index.php?rest_route=\/wp\/v2\/product\/3073"}],"collection":[{"href":"https:\/\/vario-shirts.com\/index.php?rest_route=\/wp\/v2\/product"}],"about":[{"href":"https:\/\/vario-shirts.com\/index.php?rest_route=\/wp\/v2\/types\/product"}],"replies":[{"embeddable":true,"href":"https:\/\/vario-shirts.com\/index.php?rest_route=%2Fwp%2Fv2%2Fcomments&post=3073"}],"wp:featuredmedia":[{"embeddable":true,"href":"https:\/\/vario-shirts.com\/index.php?rest_route=\/wp\/v2\/media\/3076"}],"wp:attachment":[{"href":"https:\/\/vario-shirts.com\/index.php?rest_route=%2Fwp%2Fv2%2Fmedia&parent=3073"}],"wp:term":[{"taxonomy":"product_cat","embeddable":true,"href":"https:\/\/vario-shirts.com\/index.php?rest_route=%2Fwp%2Fv2%2Fproduct_cat&post=3073"},{"taxonomy":"product_tag","embeddable":true,"href":"https:\/\/vario-shirts.com\/index.php?rest_route=%2Fwp%2Fv2%2Fproduct_tag&post=3073"}],"curies":[{"name":"wp","href":"https:\/\/api.w.org\/{rel}","templated":true}]}}