{"id":4158,"date":"2020-10-27T09:19:58","date_gmt":"2020-10-27T07:19:58","guid":{"rendered":"https:\/\/vario-shirts.com\/?post_type=product&#038;p=4158"},"modified":"2025-03-24T12:59:46","modified_gmt":"2025-03-24T10:59:46","slug":"hueftrock-swing-mit-breiter-passe","status":"publish","type":"product","link":"https:\/\/vario-shirts.com\/?product=hueftrock-swing-mit-breiter-passe","title":{"rendered":"H\u00fcftrock Swing mit breiter Passe"},"content":{"rendered":"<p>Supers\u00fc\u00dfer, schwingender Rock mit breiter Passe.<\/p>\n<p>Mit passendem Shirt oder Top (von VARIO-SHIRTS) wirkt die Kombination wie ein Kleid.<\/p>\n<p>Der Rock sitzt h\u00fcftig, also ein St\u00fcck unterhalb des Bauchnabels. Wenn er h\u00f6her getragen werden soll, bitte einfach etwas kleiner bestellen.<\/p>\n<p>reinschl\u00fcpfen-wohlf\u00fchlen-gut aussehen<\/p>\n<p><strong>L\u00e4nge:<\/strong><br \/>\nca. 40 cm<br \/>\nca. 50 cm (+ 15,- EUR)<\/p>\n<p><strong>Gr\u00f6\u00dfe<\/strong>:<br \/>\nKann in Gr\u00f6\u00dfe 32, 34, 36, 38, 40, 42, 44 oder 46 gefertigt werden.<br \/>\nBitte die Ma\u00dftabelle bei den Bildern beachten, die Gr\u00f6\u00dfen fallen vergleichsweise klein aus!<\/p>\n<p><strong>Material:<\/strong><br \/>\nViskose-Jersey, 96% Viskose, 4% Elasthan<br \/>\n\u00d6ko-Tex Standard 100 zertifiziert, in Deutschland hergestellt<\/p>\n<p><strong>Pflege:<\/strong><br \/>\nWaschen: 30\u00b0 C Feinw\u00e4sche<br \/>\nB\u00fcgeln: 1 Punkt<br \/>\nTrockner: nein<\/p>\n<p><strong>Herkunft: <\/strong><br \/>\nDieses Kleidungsst\u00fcck wird innerhalb von 2-9 Werktagen (Mo-Fr) nach Bestellung und Zahlungseingang zugeschnitten und gen\u00e4ht (Schnitt und Design sind nat\u00fcrlich von mir).<br \/>\nMade in Germany \/ Brandenburg \/ Elbe-Elster<\/p>\n","protected":false},"excerpt":{"rendered":"<p>Supers\u00fc\u00dfer, schwingender Rock mit breiter Passe. Mit passendem Shirt oder Top (von VARIO-SHIRTS) wirkt die Kombination wie ein Kleid. Der Rock sitzt h\u00fcftig, also ein St\u00fcck unterhalb des Bauchnabels. Wenn er h\u00f6her getragen werden soll, bitte einfach etwas kleiner bestellen. &hellip; <a href=\"https:\/\/vario-shirts.com\/?product=hueftrock-swing-mit-breiter-passe\">Weiterlesen <span class=\"meta-nav\">&rarr;<\/span><\/a><\/p>\n","protected":false},"featured_media":4162,"comment_status":"open","ping_status":"closed","template":"","meta":[],"product_cat":[134],"product_tag":[351,318,276,275],"_links":{"self":[{"href":"https:\/\/vario-shirts.com\/index.php?rest_route=\/wp\/v2\/product\/4158"}],"collection":[{"href":"https:\/\/vario-shirts.com\/index.php?rest_route=\/wp\/v2\/product"}],"about":[{"href":"https:\/\/vario-shirts.com\/index.php?rest_route=\/wp\/v2\/types\/product"}],"replies":[{"embeddable":true,"href":"https:\/\/vario-shirts.com\/index.php?rest_route=%2Fwp%2Fv2%2Fcomments&post=4158"}],"wp:featuredmedia":[{"embeddable":true,"href":"https:\/\/vario-shirts.com\/index.php?rest_route=\/wp\/v2\/media\/4162"}],"wp:attachment":[{"href":"https:\/\/vario-shirts.com\/index.php?rest_route=%2Fwp%2Fv2%2Fmedia&parent=4158"}],"wp:term":[{"taxonomy":"product_cat","embeddable":true,"href":"https:\/\/vario-shirts.com\/index.php?rest_route=%2Fwp%2Fv2%2Fproduct_cat&post=4158"},{"taxonomy":"product_tag","embeddable":true,"href":"https:\/\/vario-shirts.com\/index.php?rest_route=%2Fwp%2Fv2%2Fproduct_tag&post=4158"}],"curies":[{"name":"wp","href":"https:\/\/api.w.org\/{rel}","templated":true}]}}