{"id":4270,"date":"2020-11-15T07:09:56","date_gmt":"2020-11-15T05:09:56","guid":{"rendered":"https:\/\/vario-shirts.com\/?post_type=product&#038;p=4270"},"modified":"2025-03-08T11:17:14","modified_gmt":"2025-03-08T09:17:14","slug":"raffbares-one-shoulder-shirt-trompetenarm-no-2","status":"publish","type":"product","link":"https:\/\/vario-shirts.com\/?product=raffbares-one-shoulder-shirt-trompetenarm-no-2","title":{"rendered":"Raffbares One-Shoulder Shirt Trompetenarm No.2"},"content":{"rendered":"<p><!--more-->Schmal geschnittenes Basic-Shirt \u00a0mit asymmetrischem Ausschnitt und langem Trompeten\u00e4rmel No.2 (der \u00c4rmelabschluss ist etwas weiter als unser Standard Trompeten\u00e4rmel.<\/p>\n<p>Dieses s\u00fc\u00dfe Shirt kann an den Seitenn\u00e4hten ganz individuell gekr\u00e4uselt bzw. gerafft werden und erm\u00f6glicht so \u201edie Figur ins rechte Licht zu r\u00fccken\u201c.<\/p>\n<p><strong>\u00c4rmell\u00e4nge<\/strong>: ca. 62 cm<\/p>\n<p><strong>L\u00e4nge:<\/strong><br \/>\nnormal ca. 60 cm,<br \/>\nextra lang ca. 70 cm (+ 4,- EUR) oder<br \/>\nbitte bei den Optionen w\u00e4hlen<\/p>\n<p><strong>Gr\u00f6\u00dfe<\/strong>:<br \/>\nKann in Gr\u00f6\u00dfe 32, 34, 36, 38, 40, 42, 44 oder 46 gefertigt werden.<br \/>\nBitte die Ma\u00dftabelle bei den Bildern beachten, die Gr\u00f6\u00dfen fallen vergleichsweise klein aus!<\/p>\n<p><img decoding=\"async\" loading=\"lazy\" class=\"alignright size-full wp-image-3631\" src=\"https:\/\/vario-shirts.com\/wp-content\/uploads\/2020\/03\/SchnittformVS.jpg\" alt=\"\" width=\"301\" height=\"374\" \/><\/p>\n<p><strong>Schnittform:<\/strong><br \/>\nenganliegend<br \/>\nleicht tailliert oder<br \/>\ngerade geschnitten<br \/>\nbitte bei den Optionen w\u00e4hlen<\/p>\n<p>\u201eEnganliegend\u201c bedeutet, da wo die K\u00f6rperma\u00dfe mit der Ma\u00dftabelle \u00fcbereinstimmen, liegt das Shirt durchgehend am K\u00f6rper an.<br \/>\nDie Schnittform \u201cleicht tailliert\u201d ist im Taillenbereich ca. 5 cm weiter.<br \/>\nDie \u201egerade geschnittenen\u201c Shirts sitzen im Bauchbereich entsprechend lockerer.<\/p>\n<p><strong>Material:<\/strong><br \/>\nViskose-Jersey, 96% Viskose, 4% Elasthan<br \/>\n\u00d6ko-Tex Standard 100 zertifiziert, in Deutschland hergestellt<\/p>\n<p><strong>Pflege:<\/strong><br \/>\nWaschen: 30\u00b0 C Feinw\u00e4sche<br \/>\nB\u00fcgeln: 1 Punkt<br \/>\nTrockner: nein<\/p>\n<p><strong>Herkunft: <\/strong><br \/>\nDieses Kleidungsst\u00fcck wird innerhalb von 2-9 Werktagen (Mo-Fr) nach Bestellung und Zahlungseingang zugeschnitten und gen\u00e4ht (Schnitt und Design sind nat\u00fcrlich von mir).<br \/>\nMade in Germany \/ Brandenburg \/ Elbe-Elster<\/p>\n","protected":false},"excerpt":{"rendered":"","protected":false},"featured_media":4274,"comment_status":"open","ping_status":"closed","template":"","meta":[],"product_cat":[206,109,118,400],"product_tag":[147,318,468,482,197,196],"_links":{"self":[{"href":"https:\/\/vario-shirts.com\/index.php?rest_route=\/wp\/v2\/product\/4270"}],"collection":[{"href":"https:\/\/vario-shirts.com\/index.php?rest_route=\/wp\/v2\/product"}],"about":[{"href":"https:\/\/vario-shirts.com\/index.php?rest_route=\/wp\/v2\/types\/product"}],"replies":[{"embeddable":true,"href":"https:\/\/vario-shirts.com\/index.php?rest_route=%2Fwp%2Fv2%2Fcomments&post=4270"}],"wp:featuredmedia":[{"embeddable":true,"href":"https:\/\/vario-shirts.com\/index.php?rest_route=\/wp\/v2\/media\/4274"}],"wp:attachment":[{"href":"https:\/\/vario-shirts.com\/index.php?rest_route=%2Fwp%2Fv2%2Fmedia&parent=4270"}],"wp:term":[{"taxonomy":"product_cat","embeddable":true,"href":"https:\/\/vario-shirts.com\/index.php?rest_route=%2Fwp%2Fv2%2Fproduct_cat&post=4270"},{"taxonomy":"product_tag","embeddable":true,"href":"https:\/\/vario-shirts.com\/index.php?rest_route=%2Fwp%2Fv2%2Fproduct_tag&post=4270"}],"curies":[{"name":"wp","href":"https:\/\/api.w.org\/{rel}","templated":true}]}}