{"id":4487,"date":"2020-12-17T11:25:44","date_gmt":"2020-12-17T09:25:44","guid":{"rendered":"https:\/\/vario-shirts.com\/?post_type=product&#038;p=4487"},"modified":"2025-03-24T17:13:43","modified_gmt":"2025-03-24T15:13:43","slug":"wendestulpen-mit-daumenloch-schwarz","status":"publish","type":"product","link":"https:\/\/vario-shirts.com\/?product=wendestulpen-mit-daumenloch-schwarz","title":{"rendered":"Wendestulpen mit Daumenloch in schwarz"},"content":{"rendered":"<p>Diese Stulpen mit Daumenloch sind wendbar. Man kann sie ein- oder zweifarbig, oben und\/oder unten umgeklappt, glatt oder etwas gerafft tragen.<br \/>\nSie sind leicht w\u00e4rmend und passen gut \u00fcber lange oder 3\/4 \u00c4rmel. Sie sehen aber auch sehr schick und cool zu \u00e4rmellosen Oberteilen oder Kleidern aus. Besonders praktisch sind sie morgens zum Autofahren, wenn es noch kalt ist.<\/p>\n<p><strong>L\u00e4nge:<\/strong> ca. 31 cm<\/p>\n<p><strong>Gr\u00f6\u00dfe<\/strong>: Einheitsgr\u00f6\u00dfe passend f\u00fcr Gr\u00f6\u00dfe 34 bis 42<\/p>\n<p><strong>Farbe:\u00a0 <\/strong>schwarz<\/p>\n<p><strong>Material:<\/strong><br \/>\nViskose-Jersey, 96% Viskose, 4% Elasthan<br \/>\n\u00d6ko-Tex Standard 100 zertifiziert, in Deutschland hergestellt<\/p>\n<p><strong>Pflege<\/strong>:<br \/>\nWaschen: 30\u00b0 C Feinw\u00e4sche<br \/>\nB\u00fcgeln: 1 Punkt<br \/>\nTrockner: nein<\/p>\n<p><strong>Herkunft: <\/strong><br \/>\nDieses Kleidungsst\u00fcck wurde in Deutschland gefertigt und wird am Tag nach Zahlungseingang verschickt<\/p>\n","protected":false},"excerpt":{"rendered":"<p>Farbe: schwarz <a href=\"https:\/\/vario-shirts.com\/?product=wendestulpen-mit-daumenloch-schwarz\">Weiterlesen <span class=\"meta-nav\">&rarr;<\/span><\/a><\/p>\n","protected":false},"featured_media":664,"comment_status":"open","ping_status":"closed","template":"","meta":[],"product_cat":[187,121,359,490],"product_tag":[220,499,318,498],"_links":{"self":[{"href":"https:\/\/vario-shirts.com\/index.php?rest_route=\/wp\/v2\/product\/4487"}],"collection":[{"href":"https:\/\/vario-shirts.com\/index.php?rest_route=\/wp\/v2\/product"}],"about":[{"href":"https:\/\/vario-shirts.com\/index.php?rest_route=\/wp\/v2\/types\/product"}],"replies":[{"embeddable":true,"href":"https:\/\/vario-shirts.com\/index.php?rest_route=%2Fwp%2Fv2%2Fcomments&post=4487"}],"wp:featuredmedia":[{"embeddable":true,"href":"https:\/\/vario-shirts.com\/index.php?rest_route=\/wp\/v2\/media\/664"}],"wp:attachment":[{"href":"https:\/\/vario-shirts.com\/index.php?rest_route=%2Fwp%2Fv2%2Fmedia&parent=4487"}],"wp:term":[{"taxonomy":"product_cat","embeddable":true,"href":"https:\/\/vario-shirts.com\/index.php?rest_route=%2Fwp%2Fv2%2Fproduct_cat&post=4487"},{"taxonomy":"product_tag","embeddable":true,"href":"https:\/\/vario-shirts.com\/index.php?rest_route=%2Fwp%2Fv2%2Fproduct_tag&post=4487"}],"curies":[{"name":"wp","href":"https:\/\/api.w.org\/{rel}","templated":true}]}}