{"id":4511,"date":"2020-12-18T19:34:41","date_gmt":"2020-12-18T17:34:41","guid":{"rendered":"https:\/\/vario-shirts.com\/?post_type=product&#038;p=4511"},"modified":"2025-03-24T17:28:05","modified_gmt":"2025-03-24T15:28:05","slug":"mira-wendestulpen-kurz-aus-biobaumwolle-in-schwarz-luft","status":"publish","type":"product","link":"https:\/\/vario-shirts.com\/?product=mira-wendestulpen-kurz-aus-biobaumwolle-in-schwarz-luft","title":{"rendered":"Mira Wendestulpen, kurz, aus BioBaumwolle in schwarz\/luft"},"content":{"rendered":"<p>Sch\u00f6ne und praktische, kurze Armstulpen zum Wenden.<\/p>\n<p>Sie verl\u00e4ngern die \u00c4rmel und w\u00e4rmen die H\u00e4nde. Wenn es w\u00e4rmer wird, verschwinden sie einfach in der Handtasche. Falls sie schmutzig werden, dreht man sie einfach um.<\/p>\n<p>Tolles Geschenk, f\u00fcr Freundin, Schwester, Oma oder (Schwieger-)Mama, die oft mit kalten H\u00e4nden und\/oder zu kurzen \u00c4rmeln k\u00e4mpfen. Oder einfach sich selbst mal etwas Sch\u00f6nes g\u00f6nnen!<\/p>\n<p><strong>L\u00e4nge:<\/strong> ca. 19 cm<\/p>\n<p><strong>Gr\u00f6\u00dfe:<\/strong> Einheitsgr\u00f6\u00dfe<\/p>\n<p><strong>Farbe: <\/strong><br \/>\nschwarz\/luft<\/p>\n<p><strong>Material:<\/strong><br \/>\nBio-Baumwolle, 95% Baumwolle, 5% Elasthan<br \/>\nGOTS-zertifiziert<\/p>\n<p><strong>Pflege<\/strong>:<br \/>\nWaschen: 30\u00b0 C Feinw\u00e4sche<br \/>\nB\u00fcgeln: 1 Punkt<br \/>\nTrockner: nein<\/p>\n<p><strong>Herkunft<\/strong>:<\/p>\n<p>Dieses Kleidungsst\u00fcck wurde in Deutschland gefertigt und wird am Tag nach Zahlungseingang verschickt.<\/p>\n<section class=\"related products\"><\/section>\n<p>Made in Germany \/ Brandenburg \/ Elbe-Elster<\/p>\n","protected":false},"excerpt":{"rendered":"<p>Sch\u00f6ne und praktische, kurze Armstulpen zum Wenden. Sie verl\u00e4ngern die \u00c4rmel und w\u00e4rmen die H\u00e4nde. Wenn es w\u00e4rmer wird, verschwinden sie einfach in der Handtasche. Falls sie schmutzig werden, dreht man sie einfach um. Tolles Geschenk, f\u00fcr Freundin, Schwester, Oma &hellip; <a href=\"https:\/\/vario-shirts.com\/?product=mira-wendestulpen-kurz-aus-biobaumwolle-in-schwarz-luft\">Weiterlesen <span class=\"meta-nav\">&rarr;<\/span><\/a><\/p>\n","protected":false},"featured_media":4514,"comment_status":"open","ping_status":"closed","template":"","meta":[],"product_cat":[187,121,359,490],"product_tag":[497,41,353,318,319,498],"_links":{"self":[{"href":"https:\/\/vario-shirts.com\/index.php?rest_route=\/wp\/v2\/product\/4511"}],"collection":[{"href":"https:\/\/vario-shirts.com\/index.php?rest_route=\/wp\/v2\/product"}],"about":[{"href":"https:\/\/vario-shirts.com\/index.php?rest_route=\/wp\/v2\/types\/product"}],"replies":[{"embeddable":true,"href":"https:\/\/vario-shirts.com\/index.php?rest_route=%2Fwp%2Fv2%2Fcomments&post=4511"}],"wp:featuredmedia":[{"embeddable":true,"href":"https:\/\/vario-shirts.com\/index.php?rest_route=\/wp\/v2\/media\/4514"}],"wp:attachment":[{"href":"https:\/\/vario-shirts.com\/index.php?rest_route=%2Fwp%2Fv2%2Fmedia&parent=4511"}],"wp:term":[{"taxonomy":"product_cat","embeddable":true,"href":"https:\/\/vario-shirts.com\/index.php?rest_route=%2Fwp%2Fv2%2Fproduct_cat&post=4511"},{"taxonomy":"product_tag","embeddable":true,"href":"https:\/\/vario-shirts.com\/index.php?rest_route=%2Fwp%2Fv2%2Fproduct_tag&post=4511"}],"curies":[{"name":"wp","href":"https:\/\/api.w.org\/{rel}","templated":true}]}}