{"id":4528,"date":"2020-12-19T18:39:46","date_gmt":"2020-12-19T16:39:46","guid":{"rendered":"https:\/\/vario-shirts.com\/?post_type=product&#038;p=4528"},"modified":"2025-03-24T17:31:06","modified_gmt":"2025-03-24T15:31:06","slug":"wendestulpen-in-rot-schwarz","status":"publish","type":"product","link":"https:\/\/vario-shirts.com\/?product=wendestulpen-in-rot-schwarz","title":{"rendered":"Wendestulpen in rot\/schwarz"},"content":{"rendered":"<p>Diese Stulpen sind wendbar. Man kann sie ein- oder zweifarbig, oben und\/oder unten umgeklappt, glatt oder etwas gerafft tragen.<br \/>\nSie sind leicht w\u00e4rmend und passen gut \u00fcber lange oder 3\/4 \u00c4rmel.<\/p>\n<p><strong>L\u00e4nge:<\/strong> ca. 35 cm (reichen etwas \u00fcber die Ellenbogen)<\/p>\n<p><strong>Gr\u00f6\u00dfe<\/strong>: Einheitsgr\u00f6\u00dfe passend f\u00fcr Gr\u00f6\u00dfe 34 bis 42<\/p>\n<p><strong>Farbe<\/strong>: eine Seite\u00a0rot,\u00a0eine Seite\u00a0schwarz<\/p>\n<p><strong>Material:<\/strong><br \/>\nViskose-Jersey, 96% Viskose, 4% Elasthan<br \/>\n\u00d6ko-Tex Standard 100 zertifiziert, in Deutschland hergestellt<\/p>\n<p><strong>Pflege<\/strong>:<br \/>\nWaschen: 30\u00b0 C Feinw\u00e4sche<br \/>\nB\u00fcgeln: 1 Punkt<br \/>\nTrockner: nein<\/p>\n<p><strong>Herkunft\/Lieferzeit: <\/strong><br \/>\nDieses Kleidungsst\u00fcck wurde in Deutschland gefertigt und wird am Tag nach Zahlungseingang verschickt<br \/>\nMade in Germany \/ Brandenburg \/ Elbe-Elster<\/p>\n","protected":false},"excerpt":{"rendered":"<p>Farbe: eine Seite rot, eine Seite schwarz, wendbar<\/p>\n<p>L\u00e4nge: ca. 35 cm <a href=\"https:\/\/vario-shirts.com\/?product=wendestulpen-in-rot-schwarz\">Weiterlesen <span class=\"meta-nav\">&rarr;<\/span><\/a><\/p>\n","protected":false},"featured_media":4531,"comment_status":"open","ping_status":"closed","template":"","meta":[],"product_cat":[187,121,359,490],"product_tag":[220,309,318,495,496],"_links":{"self":[{"href":"https:\/\/vario-shirts.com\/index.php?rest_route=\/wp\/v2\/product\/4528"}],"collection":[{"href":"https:\/\/vario-shirts.com\/index.php?rest_route=\/wp\/v2\/product"}],"about":[{"href":"https:\/\/vario-shirts.com\/index.php?rest_route=\/wp\/v2\/types\/product"}],"replies":[{"embeddable":true,"href":"https:\/\/vario-shirts.com\/index.php?rest_route=%2Fwp%2Fv2%2Fcomments&post=4528"}],"wp:featuredmedia":[{"embeddable":true,"href":"https:\/\/vario-shirts.com\/index.php?rest_route=\/wp\/v2\/media\/4531"}],"wp:attachment":[{"href":"https:\/\/vario-shirts.com\/index.php?rest_route=%2Fwp%2Fv2%2Fmedia&parent=4528"}],"wp:term":[{"taxonomy":"product_cat","embeddable":true,"href":"https:\/\/vario-shirts.com\/index.php?rest_route=%2Fwp%2Fv2%2Fproduct_cat&post=4528"},{"taxonomy":"product_tag","embeddable":true,"href":"https:\/\/vario-shirts.com\/index.php?rest_route=%2Fwp%2Fv2%2Fproduct_tag&post=4528"}],"curies":[{"name":"wp","href":"https:\/\/api.w.org\/{rel}","templated":true}]}}