{"id":4533,"date":"2020-12-19T19:56:47","date_gmt":"2020-12-19T17:56:47","guid":{"rendered":"https:\/\/vario-shirts.com\/?post_type=product&#038;p=4533"},"modified":"2025-03-24T17:27:16","modified_gmt":"2025-03-24T15:27:16","slug":"mira-armstulpen-mit-daumenloch-handschuh-fingerfrei-aus-viskosejersey","status":"publish","type":"product","link":"https:\/\/vario-shirts.com\/?product=mira-armstulpen-mit-daumenloch-handschuh-fingerfrei-aus-viskosejersey","title":{"rendered":"Mira Armstulpen mit Daumenloch, Handschuh fingerfrei aus Viskosejersey"},"content":{"rendered":"<p>Sch\u00f6ne und praktische, kurze Armstulpen mit Daumenloch, zum Wenden.<\/p>\n<p>Sie verl\u00e4ngern die \u00c4rmel und w\u00e4rmen die H\u00e4nde. Sie sind ideal wenn es f\u00fcr Handschuhe nicht kalt genug ist, man aber trotzdem die H\u00e4nde etwas w\u00e4rmen m\u00f6chte.<\/p>\n<p>Tolles Geschenk, f\u00fcr Freundin, Schwester, Oma oder (Schwieger-)Mama, die oft mit kalten H\u00e4nden und\/oder zu kurzen \u00c4rmeln k\u00e4mpfen. Oder einfach sich selbst mal etwas Sch\u00f6nes g\u00f6nnen!<\/p>\n<p><strong>L\u00e4nge<\/strong>: ca. 19 cm<\/p>\n<p><strong>Gr\u00f6\u00dfe:<\/strong> Einheitsgr\u00f6\u00dfe (Handschuh 7-8)<\/p>\n<p><strong>Farbe: <\/strong>schwarz<\/p>\n<p><strong>Material:<\/strong><br \/>\nViskose-Jersey, 96% Viskose, 4% Elasthan<br \/>\n\u00d6ko-Tex Standard 100 zertifiziert, in Deutschland hergestellt<\/p>\n<p><strong>Pflege:<\/strong><br \/>\nWaschen: 30\u00b0 C Feinw\u00e4sche<br \/>\nB\u00fcgeln: 1 Punkt<br \/>\nTrockner: nein<\/p>\n<p><strong>Herkunft<\/strong>:<\/p>\n<p>Dieses Kleidungsst\u00fcck wurde in Deutschland gefertigt und wird am Tag nach Zahlungseingang verschickt<\/p>\n<section class=\"related products\"><\/section>\n<p>Made in Germany \/ Brandenburg \/ Elbe-Elster<\/p>\n","protected":false},"excerpt":{"rendered":"<p>Farbe: schwarz <a href=\"https:\/\/vario-shirts.com\/?product=mira-armstulpen-mit-daumenloch-handschuh-fingerfrei-aus-viskosejersey\">Weiterlesen <span class=\"meta-nav\">&rarr;<\/span><\/a><\/p>\n","protected":false},"featured_media":4537,"comment_status":"open","ping_status":"closed","template":"","meta":[],"product_cat":[187,121,359,490],"product_tag":[503,501,353,318],"_links":{"self":[{"href":"https:\/\/vario-shirts.com\/index.php?rest_route=\/wp\/v2\/product\/4533"}],"collection":[{"href":"https:\/\/vario-shirts.com\/index.php?rest_route=\/wp\/v2\/product"}],"about":[{"href":"https:\/\/vario-shirts.com\/index.php?rest_route=\/wp\/v2\/types\/product"}],"replies":[{"embeddable":true,"href":"https:\/\/vario-shirts.com\/index.php?rest_route=%2Fwp%2Fv2%2Fcomments&post=4533"}],"wp:featuredmedia":[{"embeddable":true,"href":"https:\/\/vario-shirts.com\/index.php?rest_route=\/wp\/v2\/media\/4537"}],"wp:attachment":[{"href":"https:\/\/vario-shirts.com\/index.php?rest_route=%2Fwp%2Fv2%2Fmedia&parent=4533"}],"wp:term":[{"taxonomy":"product_cat","embeddable":true,"href":"https:\/\/vario-shirts.com\/index.php?rest_route=%2Fwp%2Fv2%2Fproduct_cat&post=4533"},{"taxonomy":"product_tag","embeddable":true,"href":"https:\/\/vario-shirts.com\/index.php?rest_route=%2Fwp%2Fv2%2Fproduct_tag&post=4533"}],"curies":[{"name":"wp","href":"https:\/\/api.w.org\/{rel}","templated":true}]}}