{"id":4564,"date":"2021-01-08T12:30:10","date_gmt":"2021-01-08T10:30:10","guid":{"rendered":"https:\/\/vario-shirts.com\/?post_type=product&#038;p=4564"},"modified":"2023-11-06T10:58:06","modified_gmt":"2023-11-06T08:58:06","slug":"uebersicht-der-zur-zeit-moeglichen-farben","status":"publish","type":"product","link":"https:\/\/vario-shirts.com\/?product=uebersicht-der-zur-zeit-moeglichen-farben","title":{"rendered":"\u00dcbersicht der zur Zeit m\u00f6glichen Farben mit Beispielen"},"content":{"rendered":"<h1 style=\"text-align: center;\"><b>Viskosejersey<\/b><b>:<\/b><\/h1>\n<p style=\"text-align: center;\">Unser &#8222;Hauptstoff&#8220; ist ein extra f\u00fcr VARIO-SHIRTS angefertigter Viskosejersey. Er ist langlebig, sehr angenehm auf der Haut und hat einen &#8222;sch\u00f6nen Fall&#8220;. Fast alle unsere Modelle lassen sich daraus fertigen.<\/p>\n<p style=\"text-align: center;\"><strong>Material:<\/strong> Viskose-Jersey, 96% Viskose, 4% Elasthan<br \/>\n\u00d6ko-Tex Standard 100 zertifiziert, in Deutschland hergestellt<\/p>\n<p>&nbsp;<\/p>\n<p style=\"text-align: center;\"><em><strong>aktuell m\u00f6gliche Farben Viskose<\/strong>: <\/em><\/p>\n<p><strong>schwarz<\/strong><\/p>\n<div id=\"attachment_4704\" style=\"width: 130px\" class=\"wp-caption aligncenter\"><img aria-describedby=\"caption-attachment-4704\" decoding=\"async\" loading=\"lazy\" class=\" wp-image-4704\" src=\"https:\/\/vario-shirts.com\/wp-content\/uploads\/2019\/07\/Neckholdertop-mit-Schleife-LG60-vt-schwarz.jpg\" alt=\"\" width=\"120\" height=\"165\" \/><p id=\"caption-attachment-4704\" class=\"wp-caption-text\">Neckholdertop-mit-Schleife<\/p><\/div>\n<p>&nbsp;<\/p>\n<p><strong>dunkelgr\u00fcn<\/strong><\/p>\n<div id=\"attachment_4615\" style=\"width: 140px\" class=\"wp-caption aligncenter\"><img aria-describedby=\"caption-attachment-4615\" decoding=\"async\" loading=\"lazy\" class=\" wp-image-4615\" src=\"https:\/\/vario-shirts.com\/wp-content\/uploads\/2020\/05\/U-Boot-Kleid-Aermellos-LG-95-gruen.jpg\" alt=\"\" width=\"130\" height=\"125\" \/><p id=\"caption-attachment-4615\" class=\"wp-caption-text\">U-Boot-Kleid ohne \u00c4rmel in gr\u00fcn<\/p><\/div>\n<p><strong>Dunkelblau<\/strong><\/p>\n<div id=\"attachment_2034\" style=\"width: 310px\" class=\"wp-caption aligncenter\"><img aria-describedby=\"caption-attachment-2034\" decoding=\"async\" loading=\"lazy\" class=\"wp-image-2034 size-medium\" src=\"https:\/\/vario-shirts.com\/wp-content\/uploads\/2013\/01\/Small-C-Shirt-SchmetterlingLG60blau-300x228.jpg\" alt=\"\" width=\"300\" height=\"228\" srcset=\"https:\/\/vario-shirts.com\/wp-content\/uploads\/2013\/01\/Small-C-Shirt-SchmetterlingLG60blau-300x228.jpg 300w, https:\/\/vario-shirts.com\/wp-content\/uploads\/2013\/01\/Small-C-Shirt-SchmetterlingLG60blau-1024x779.jpg 1024w, https:\/\/vario-shirts.com\/wp-content\/uploads\/2013\/01\/Small-C-Shirt-SchmetterlingLG60blau.jpg 1052w\" sizes=\"(max-width: 300px) 100vw, 300px\" \/><p id=\"caption-attachment-2034\" class=\"wp-caption-text\">Small-C Shirt Schmetterlingsarm<\/p><\/div>\n<p><strong>wei\u00df<\/strong><\/p>\n<div id=\"attachment_2719\" style=\"width: 149px\" class=\"wp-caption aligncenter\"><img aria-describedby=\"caption-attachment-2719\" decoding=\"async\" loading=\"lazy\" class=\" wp-image-2719\" src=\"https:\/\/vario-shirts.com\/wp-content\/uploads\/2013\/01\/Basic-Shirt-Medi-C-Schmetterlingsarm-LG60-wei\u00df-300x240.jpg\" alt=\"\" width=\"139\" height=\"111\" srcset=\"https:\/\/vario-shirts.com\/wp-content\/uploads\/2013\/01\/Basic-Shirt-Medi-C-Schmetterlingsarm-LG60-wei\u00df-300x240.jpg 300w, https:\/\/vario-shirts.com\/wp-content\/uploads\/2013\/01\/Basic-Shirt-Medi-C-Schmetterlingsarm-LG60-wei\u00df-768x614.jpg 768w, https:\/\/vario-shirts.com\/wp-content\/uploads\/2013\/01\/Basic-Shirt-Medi-C-Schmetterlingsarm-LG60-wei\u00df.jpg 1000w\" sizes=\"(max-width: 139px) 100vw, 139px\" \/><p id=\"caption-attachment-2719\" class=\"wp-caption-text\">Medi-C-Shirt mit Schmetterlings\u00e4rmeln\u00a0 in wei\u00df<\/p><\/div>\n<p><strong>dunkelrot <\/strong>(nur noch wenige Meter vorhanden, einfach anfragen)<\/p>\n<div id=\"attachment_4441\" style=\"width: 163px\" class=\"wp-caption aligncenter\"><img aria-describedby=\"caption-attachment-4441\" decoding=\"async\" loading=\"lazy\" class=\" wp-image-4441\" src=\"https:\/\/vario-shirts.com\/wp-content\/uploads\/2020\/11\/Medi-C-Rolli-Tunika-Langarm-LG85-2.jpg\" alt=\"\" width=\"153\" height=\"185\" \/><p id=\"caption-attachment-4441\" class=\"wp-caption-text\">Medi-C-Rolli Tunika Dreiviertelarm in rot<\/p><\/div>\n<p>&nbsp;<\/p>\n<p>&nbsp;<\/p>\n<p style=\"text-align: center;\"><strong style=\"font-size: 14px; background-color: #f1f1f1;\">BioBaumwolle<\/strong><\/p>\n<p style=\"text-align: center;\">Er ist leider nicht f\u00fcr jeden Schnitt geeignet, aber wir haben auch nicht alles ausprobiert. Falls Du also ein Teil in einer der untenstehenden Farben m\u00f6chtest, welches nicht im Shop ist, schreib uns eine Nachricht (E-Mailadresse aus dem Impressum) .<\/p>\n<p style=\"text-align: center;\"><strong>Material:<\/strong> Baumwoll-Jersey,<br \/>\n95% Baumwolle, 5% Elasthan<\/p>\n<p style=\"text-align: center;\"><em><strong>aktuell m\u00f6gliche Farben Baumwolljersey<\/strong>:<\/em><\/p>\n<p>&nbsp;<\/p>\n<p style=\"text-align: center;\"><strong>BioBaumwolle, GOTS zertifiziert = relativ d\u00fcnn (170g\/m\u00b2)<\/strong><\/p>\n<p><strong>dunkelblau <\/strong>(navy)<strong>, = <\/strong>BioBaumwolle GOTS zertifiziert<\/p>\n<div id=\"attachment_1777\" style=\"width: 160px\" class=\"wp-caption aligncenter\"><img aria-describedby=\"caption-attachment-1777\" decoding=\"async\" loading=\"lazy\" class=\"wp-image-1777 size-thumbnail\" title=\"Medi-C Shirt Kurzarm in dunkelblau\" src=\"https:\/\/vario-shirts.com\/wp-content\/uploads\/2013\/01\/medi-c-kurzarm-LT-blau-150x150.jpg\" alt=\"\" width=\"150\" height=\"150\" srcset=\"https:\/\/vario-shirts.com\/wp-content\/uploads\/2013\/01\/medi-c-kurzarm-LT-blau-150x150.jpg 150w, https:\/\/vario-shirts.com\/wp-content\/uploads\/2013\/01\/medi-c-kurzarm-LT-blau-36x36.jpg 36w, https:\/\/vario-shirts.com\/wp-content\/uploads\/2013\/01\/medi-c-kurzarm-LT-blau-90x90.jpg 90w, https:\/\/vario-shirts.com\/wp-content\/uploads\/2013\/01\/medi-c-kurzarm-LT-blau-300x300.jpg 300w, https:\/\/vario-shirts.com\/wp-content\/uploads\/2013\/01\/medi-c-kurzarm-LT-blau-32x32.jpg 32w\" sizes=\"(max-width: 150px) 100vw, 150px\" \/><p id=\"caption-attachment-1777\" class=\"wp-caption-text\">Medi-C Shirt Kurzarm in dunkelblau<\/p><\/div>\n<p><strong> luft <\/strong>(hellgrau\/blau)<strong>, = <\/strong>BioBaumwolle GOTS zertifiziert<\/p>\n<div id=\"attachment_5136\" style=\"width: 132px\" class=\"wp-caption aligncenter\"><img aria-describedby=\"caption-attachment-5136\" decoding=\"async\" loading=\"lazy\" class=\"wp-image-5136\" src=\"https:\/\/vario-shirts.com\/wp-content\/uploads\/2021\/01\/BasicBauchband-luft-Baumwolle-.jpg\" alt=\"\" width=\"122\" height=\"200\" \/><p id=\"caption-attachment-5136\" class=\"wp-caption-text\">Nierenw\u00e4rmer, Bauchband<\/p><\/div>\n<p><strong>henna<\/strong> (dunkelorange), BioBaumwolle GOTS zertifiziert<\/p>\n<div id=\"attachment_3090\" style=\"width: 197px\" class=\"wp-caption aligncenter\"><img aria-describedby=\"caption-attachment-3090\" decoding=\"async\" loading=\"lazy\" class=\" wp-image-3090\" src=\"https:\/\/vario-shirts.com\/wp-content\/uploads\/2019\/07\/Faltentop-henna-297x300.jpg\" alt=\"\" width=\"187\" height=\"189\" \/><p id=\"caption-attachment-3090\" class=\"wp-caption-text\">Top mit Falten in der Schulternaht in henna<\/p><\/div>\n<p><strong>hellrosa,<\/strong> (pink clay) BioBaumwolle GOTS zertifiziert<\/p>\n<div id=\"attachment_4859\" style=\"width: 210px\" class=\"wp-caption aligncenter\"><img aria-describedby=\"caption-attachment-4859\" decoding=\"async\" loading=\"lazy\" class=\"wp-image-4859\" src=\"https:\/\/vario-shirts.com\/wp-content\/uploads\/2021\/05\/Office-C-Shirts-Dreiviertelaermel-hellrosa.jpg\" alt=\"\" width=\"200\" height=\"198\" \/><p id=\"caption-attachment-4859\" class=\"wp-caption-text\">Offic-C Shirt Dreiviertelarem, L\u00e4nge 60, leicht tailliert in hellrosa = rose\u00e8<\/p><\/div>\n<p><strong>wei\u00df, <\/strong>BioBaumwolle GOTS zertifiziert = fast alle<\/p>\n<div id=\"attachment_3396\" style=\"width: 228px\" class=\"wp-caption aligncenter\"><img aria-describedby=\"caption-attachment-3396\" decoding=\"async\" loading=\"lazy\" class=\"wp-image-3396\" src=\"https:\/\/vario-shirts.com\/wp-content\/uploads\/2012\/10\/BasicBauchband-weiss-Viskose-.jpg\" alt=\"\" width=\"218\" height=\"181\" \/><p id=\"caption-attachment-3396\" class=\"wp-caption-text\">Nierenw\u00e4rmer tailliert in wei\u00df<\/p><\/div>\n<div class=\"mceTemp\"><\/div>\n<div class=\"mceTemp\"><\/div>\n<p><strong>smaragdgr\u00fcn<\/strong> = BioBaumwolle, GOTS zertifiziert<\/p>\n<div id=\"attachment_4852\" style=\"width: 210px\" class=\"wp-caption aligncenter\"><img aria-describedby=\"caption-attachment-4852\" decoding=\"async\" loading=\"lazy\" class=\"wp-image-4852\" src=\"https:\/\/vario-shirts.com\/wp-content\/uploads\/2021\/05\/Office-C-Shirts-kleine-Aermel-smaragdgruen.jpg\" alt=\"\" width=\"200\" height=\"205\" \/><p id=\"caption-attachment-4852\" class=\"wp-caption-text\">Office-C Shirt mit kleinen \u00c4rmelchen, leicht tailliert in smaragdgr\u00fcn<\/p><\/div>\n<p><strong>weinrot<\/strong>\u00a0= BioBaumwolle, GOTS zertifiziert<\/p>\n<div id=\"attachment_5016\" style=\"width: 210px\" class=\"wp-caption aligncenter\"><img aria-describedby=\"caption-attachment-5016\" decoding=\"async\" loading=\"lazy\" class=\"wp-image-5016\" src=\"https:\/\/vario-shirts.com\/wp-content\/uploads\/2015\/11\/Rolli-Langarm-weinrot-LG60-.jpg\" alt=\"\" width=\"200\" height=\"192\" \/><p id=\"caption-attachment-5016\" class=\"wp-caption-text\">Rolli Langarm in weinrot, L\u00e4nge 60, leicht tailliert<\/p><\/div>\n<p><strong>fuchsia<\/strong>\u00a0= BioBaumwolle, GOTS zertifiziert<\/p>\n<div id=\"attachment_5245\" style=\"width: 221px\" class=\"wp-caption aligncenter\"><img aria-describedby=\"caption-attachment-5245\" decoding=\"async\" loading=\"lazy\" class=\"wp-image-5245\" src=\"https:\/\/vario-shirts.com\/wp-content\/uploads\/2021\/01\/Basic-Bauchband-in-Fuchsia.jpg\" alt=\"\" width=\"211\" height=\"200\" \/><p id=\"caption-attachment-5245\" class=\"wp-caption-text\">Bauchband tailliert aus BioBaumwolle in Fuchsia<\/p><\/div>\n<p><strong>olive hell<\/strong>\u00a0= BioBaumwolle, GOTS zertifiziert<\/p>\n<div class=\"mceTemp\"><\/div>\n<div id=\"attachment_5246\" style=\"width: 229px\" class=\"wp-caption aligncenter\"><img aria-describedby=\"caption-attachment-5246\" decoding=\"async\" loading=\"lazy\" class=\"wp-image-5246\" src=\"https:\/\/vario-shirts.com\/wp-content\/uploads\/2021\/01\/Basic-Bauchband-in-Olive-hell.jpg\" alt=\"\" width=\"219\" height=\"200\" \/><p id=\"caption-attachment-5246\" class=\"wp-caption-text\">Bauchband tailliert aus BioBaumwolle in olive hell<\/p><\/div>\n<p>&nbsp;<\/p>\n<p><strong>schwarz<\/strong> = BioBaumwolle, GOTS zertifiziert<\/p>\n<p><img decoding=\"async\" loading=\"lazy\" class=\"aligncenter wp-image-5262\" src=\"https:\/\/vario-shirts.com\/wp-content\/uploads\/2015\/12\/Mira-Wendestulpen-schwarz2.jpg\" alt=\"\" width=\"200\" height=\"165\" \/><\/p>\n<p>&nbsp;<\/p>\n<div class=\"mceTemp\"><\/div>\n<p><strong>schwarz dick<\/strong> = BioBaumwolle, GOTS zertifiziert, in Deutschland hergestellt = etwas dickerer leicht w\u00e4rmender Stoff<\/p>\n<p>(nur noch wenige Meter vorhanden, einfach anfragen)<\/p>\n<div id=\"attachment_2601\" style=\"width: 203px\" class=\"wp-caption aligncenter\"><img aria-describedby=\"caption-attachment-2601\" decoding=\"async\" loading=\"lazy\" class=\" wp-image-2601\" src=\"https:\/\/vario-shirts.com\/wp-content\/uploads\/2019\/10\/Fledermaus-schwarz-Langarm-weit-kurz2.jpg\" alt=\"\" width=\"193\" height=\"257\" \/><p id=\"caption-attachment-2601\" class=\"wp-caption-text\">Fledermaus Shirt No.2 mit Rollkragen, Langarm und weitem Unterarm, aus Baumwolljersey in schwarz dick, mit Bauchband zum Wenden in henna<\/p><\/div>\n<div class=\"mceTemp\"><\/div>\n<p>&nbsp;<\/p>\n<p><strong>Eigener Stoff:<\/strong><\/p>\n<p>Du hast einen eigenen Stoff und m\u00f6chtest Dir daraus eines unserer Modelle anfertigen lassen? Bitte schreibe uns eine Nachricht, damit wir kl\u00e4ren k\u00f6nnen was m\u00f6glich ist.<\/p>\n<p><strong>Eigener Schnitt:\u00a0<\/strong><\/p>\n<p>Du liebst unseren Stoff, hast aber den Wunsch nach einem ganz bestimmten Modell daraus, welches zu unserem Stil passt? Bitte schreibe uns eine Nachricht, damit wir kl\u00e4ren k\u00f6nnen was m\u00f6glich ist.<\/p>\n","protected":false},"excerpt":{"rendered":"<p>Viskosejersey: Unser &#8222;Hauptstoff&#8220; ist ein extra f\u00fcr VARIO-SHIRTS angefertigter Viskosejersey. Er ist langlebig, sehr angenehm auf der Haut und hat einen &#8222;sch\u00f6nen Fall&#8220;. Fast alle unsere Modelle lassen sich daraus fertigen. Material: Viskose-Jersey, 96% Viskose, 4% Elasthan \u00d6ko-Tex Standard 100 &hellip; <a href=\"https:\/\/vario-shirts.com\/?product=uebersicht-der-zur-zeit-moeglichen-farben\">Weiterlesen <span class=\"meta-nav\">&rarr;<\/span><\/a><\/p>\n","protected":false},"featured_media":4602,"comment_status":"closed","ping_status":"closed","template":"","meta":[],"product_cat":[314,408],"product_tag":[],"_links":{"self":[{"href":"https:\/\/vario-shirts.com\/index.php?rest_route=\/wp\/v2\/product\/4564"}],"collection":[{"href":"https:\/\/vario-shirts.com\/index.php?rest_route=\/wp\/v2\/product"}],"about":[{"href":"https:\/\/vario-shirts.com\/index.php?rest_route=\/wp\/v2\/types\/product"}],"replies":[{"embeddable":true,"href":"https:\/\/vario-shirts.com\/index.php?rest_route=%2Fwp%2Fv2%2Fcomments&post=4564"}],"wp:featuredmedia":[{"embeddable":true,"href":"https:\/\/vario-shirts.com\/index.php?rest_route=\/wp\/v2\/media\/4602"}],"wp:attachment":[{"href":"https:\/\/vario-shirts.com\/index.php?rest_route=%2Fwp%2Fv2%2Fmedia&parent=4564"}],"wp:term":[{"taxonomy":"product_cat","embeddable":true,"href":"https:\/\/vario-shirts.com\/index.php?rest_route=%2Fwp%2Fv2%2Fproduct_cat&post=4564"},{"taxonomy":"product_tag","embeddable":true,"href":"https:\/\/vario-shirts.com\/index.php?rest_route=%2Fwp%2Fv2%2Fproduct_tag&post=4564"}],"curies":[{"name":"wp","href":"https:\/\/api.w.org\/{rel}","templated":true}]}}