{"id":4593,"date":"2021-01-15T16:12:01","date_gmt":"2021-01-15T14:12:01","guid":{"rendered":"https:\/\/vario-shirts.com\/?post_type=product&#038;p=4593"},"modified":"2025-03-24T17:07:21","modified_gmt":"2025-03-24T15:07:21","slug":"set-wendestulpen-und-nierenwaermer-zum-wenden-aus-biobaumwolle","status":"publish","type":"product","link":"https:\/\/vario-shirts.com\/?product=set-wendestulpen-und-nierenwaermer-zum-wenden-aus-biobaumwolle","title":{"rendered":"Set Wendestulpen und Nierenw\u00e4rmer zum Wenden,  aus BioBaumwolle"},"content":{"rendered":"<p>Das Bauchband zum Wenden l\u00e4sst sich perfekt mit den Wendestulpen kombinieren, darum gibt es nun beides zusammen als Set.<\/p>\n<p>Die Stulpen\u00a0 k\u00f6nnen oben und\/oder unten umgeklappt, glatt oder etwas gerafft getragen werden.<\/p>\n<p>Das Bauchband kann auf viele Arten zum Einsatz kommen.<br \/>\nEs schlie\u00dft die L\u00fccke zwischen Shirt und Hose beim B\u00fccken oder Radfahren, sch\u00fctzt und w\u00e4rmt ein wenig die Nieren, versteckt einen offenen Hosenbund oder kann als Minir\u00f6ckchen oder Shirt-Verl\u00e4ngerung \u00fcber der Hose getragen werden.<br \/>\nMan kann es einfarbig oder zweifarbig \u2013 umgeklappt \u00fcber oder unter der Hose tragen.<\/p>\n<p><strong>ACHTUNG!<\/strong><br \/>\nNach der Konstruktion sitzt das Bauchband zwischen Taille und H\u00fcfte. Wenn es tiefer sitzen oder \u00fcber dickeren Hosen getragen werden soll, bitte etwas gr\u00f6sser bestellen, da die Elastizit\u00e4t des Stoffes begrenzt ist. Die Gr\u00f6\u00dfen fallen vergleichsweise klein aus (ausschlaggebend sind Taillenumfang und das Ma\u00df ca. 8 cm unter der Taille).<\/p>\n<p><strong>Gr\u00f6\u00dfe:<\/strong><br \/>\nKann in Gr\u00f6\u00dfe 32, 34, 36, 38, 40, 42, 44 oder 46 gefertigt werden.<\/p>\n<p><strong>Material:<\/strong><br \/>\nBio-Baumwolle, 95% Baumwolle 5% Elasthan<br \/>\nGOTS zertifiziert<\/p>\n<p><strong>Pflege<\/strong>:<br \/>\nWaschen: 30\u00b0 C Feinw\u00e4sche<br \/>\nB\u00fcgeln: 1 Punkt<br \/>\nTrockner: nein<\/p>\n<p><strong>Herkunft: <\/strong><br \/>\nDieses Kleidungsst\u00fcck wird innerhalb von 2-9 Werktagen (Mo-Fr) nach Bestellung und Zahlungseingang zugeschnitten und gen\u00e4ht.<br \/>\nMade in Germany \/ Brandenburg \/ Elbe-Elster<\/p>\n","protected":false},"excerpt":{"rendered":"<p>Das Bauchband zum Wenden l\u00e4sst sich perfekt mit den Wendestulpen kombinieren, darum gibt es nun beides zusammen als Set. Die Stulpen\u00a0 k\u00f6nnen oben und\/oder unten umgeklappt, glatt oder etwas gerafft getragen werden. Das Bauchband kann auf viele Arten zum Einsatz &hellip; <a href=\"https:\/\/vario-shirts.com\/?product=set-wendestulpen-und-nierenwaermer-zum-wenden-aus-biobaumwolle\">Weiterlesen <span class=\"meta-nav\">&rarr;<\/span><\/a><\/p>\n","protected":false},"featured_media":4601,"comment_status":"open","ping_status":"closed","template":"","meta":[],"product_cat":[187,359,325,504],"product_tag":[37,361,318,39,327,186],"_links":{"self":[{"href":"https:\/\/vario-shirts.com\/index.php?rest_route=\/wp\/v2\/product\/4593"}],"collection":[{"href":"https:\/\/vario-shirts.com\/index.php?rest_route=\/wp\/v2\/product"}],"about":[{"href":"https:\/\/vario-shirts.com\/index.php?rest_route=\/wp\/v2\/types\/product"}],"replies":[{"embeddable":true,"href":"https:\/\/vario-shirts.com\/index.php?rest_route=%2Fwp%2Fv2%2Fcomments&post=4593"}],"wp:featuredmedia":[{"embeddable":true,"href":"https:\/\/vario-shirts.com\/index.php?rest_route=\/wp\/v2\/media\/4601"}],"wp:attachment":[{"href":"https:\/\/vario-shirts.com\/index.php?rest_route=%2Fwp%2Fv2%2Fmedia&parent=4593"}],"wp:term":[{"taxonomy":"product_cat","embeddable":true,"href":"https:\/\/vario-shirts.com\/index.php?rest_route=%2Fwp%2Fv2%2Fproduct_cat&post=4593"},{"taxonomy":"product_tag","embeddable":true,"href":"https:\/\/vario-shirts.com\/index.php?rest_route=%2Fwp%2Fv2%2Fproduct_tag&post=4593"}],"curies":[{"name":"wp","href":"https:\/\/api.w.org\/{rel}","templated":true}]}}