{"id":460,"date":"2013-02-17T23:35:57","date_gmt":"2013-02-17T21:35:57","guid":{"rendered":"http:\/\/vario-shirts.com\/?post_type=product&#038;p=460"},"modified":"2025-03-12T17:58:03","modified_gmt":"2025-03-12T15:58:03","slug":"deep-c-shirt-mit-kurzen-puffarmeln","status":"publish","type":"product","link":"https:\/\/vario-shirts.com\/?product=deep-c-shirt-mit-kurzen-puffarmeln","title":{"rendered":"Deep-C Shirt mit kurzen Puff\u00e4rmeln"},"content":{"rendered":"<p>Schmal geschnittenes Basic-Shirt mit tiefem Rundhalsausschnitt und kurzen B\u00fcndchenpuff-\u00c4rmeln. Dieses Shirt kann ein- oder zweifarbig gefertigt werden. Unter der Option Farbe ist die Hauptfarbe ausw\u00e4hlbar, danach kann die Zweitfarbe f\u00fcr Ausschnitt und \u00c4rmelb\u00fcndchen gew\u00e4hlt werden.<\/p>\n<p><strong>Halsausschnitt: <\/strong>ca. 10 cm tief<br \/>\n<strong>Schulterbreite: <\/strong>ca. 5 cm<br \/>\n<strong>\u00c4rmell\u00e4nge: <\/strong>ca. 20 cm<\/p>\n<p><strong>L\u00e4nge:<\/strong><br \/>\nnormal ca. 60 cm,<br \/>\nextra lang ca. 70 cm (+ 10,- EUR)<br \/>\nbitte bei den Optionen w\u00e4hlen<\/p>\n<p><strong>Gr\u00f6\u00dfe<\/strong>:<br \/>\nKann in Gr\u00f6\u00dfe 32, 34, 36, 38, 40, 42, 44 oder 46 gefertigt werden.<br \/>\nBitte die Ma\u00dftabelle bei den Bildern beachten, die Gr\u00f6\u00dfen fallen vergleichsweise klein aus!<\/p>\n<p><img decoding=\"async\" loading=\"lazy\" class=\"alignright size-full wp-image-3631\" src=\"https:\/\/vario-shirts.com\/wp-content\/uploads\/2020\/03\/SchnittformVS.jpg\" alt=\"\" width=\"301\" height=\"374\" \/><\/p>\n<p><strong>Schnittform:<\/strong><br \/>\nenganliegend<br \/>\nleicht tailliert oder<br \/>\ngerade geschnitten<br \/>\nbitte bei den Optionen w\u00e4hlen<\/p>\n<p>\u201eEnganliegend\u201c bedeutet, da wo die K\u00f6rperma\u00dfe mit der Ma\u00dftabelle \u00fcbereinstimmen, liegt das Shirt durchgehend am K\u00f6rper an.<br \/>\nDie Schnittform \u201cleicht tailliert\u201d ist im Taillenbereich ca. 5 cm weiter.<br \/>\nDie \u201egerade geschnittenen\u201c Shirts sitzen im Bauchbereich entsprechend lockerer.<\/p>\n<p><strong>Material:<\/strong><br \/>\nViskose-Jersey, 96% Viskose, 4% Elasthan<br \/>\n\u00d6ko-Tex Standard 100 zertifiziert, in Deutschland hergestellt<\/p>\n<p><strong>Pflege:<\/strong><br \/>\nWaschen: 30\u00b0 C Feinw\u00e4sche<br \/>\nB\u00fcgeln: 1 Punkt<br \/>\nTrockner: nein<\/p>\n<p><strong>Herkunft: <\/strong><br \/>\nDieses Kleidungsst\u00fcck wird innerhalb von 2-9 Werktagen (Mo-Fr) nach Bestellung und Zahlungseingang zugeschnitten und gen\u00e4ht (Schnitt und Design sind nat\u00fcrlich von mir).<br \/>\nMade in Germany \/ Brandenburg \/ Elbe-Elster<\/p>\n<p><strong>Extras:<\/strong><br \/>\nDieses Kleidungsst\u00fcck kann mit <a href=\"https:\/\/vario-shirts.com\/?product=stilleinsatz\">Stilleinsatz<\/a> oder <a href=\"https:\/\/vario-shirts.com\/?product=raffung\">Raffung<\/a> hergestellt werden. Bitte einfach dazu bestellen.<\/p>\n","protected":false},"excerpt":{"rendered":"<p>Schmal geschnittenes Basic-Shirt mit tiefem Rundhalsausschnitt und kurzen B\u00fcndchenpuff-\u00c4rmeln. Dieses Shirt kann ein- oder zweifarbig gefertigt werden. Unter der Option Farbe ist die Hauptfarbe ausw\u00e4hlbar, danach kann die Zweitfarbe f\u00fcr Ausschnitt und \u00c4rmelb\u00fcndchen gew\u00e4hlt werden. Halsausschnitt: ca. 10 cm tief &hellip; <a href=\"https:\/\/vario-shirts.com\/?product=deep-c-shirt-mit-kurzen-puffarmeln\">Weiterlesen <span class=\"meta-nav\">&rarr;<\/span><\/a><\/p>\n","protected":false},"featured_media":463,"comment_status":"open","ping_status":"closed","template":"","meta":[],"product_cat":[206,101,114,405,408],"product_tag":[441,318,449,410],"_links":{"self":[{"href":"https:\/\/vario-shirts.com\/index.php?rest_route=\/wp\/v2\/product\/460"}],"collection":[{"href":"https:\/\/vario-shirts.com\/index.php?rest_route=\/wp\/v2\/product"}],"about":[{"href":"https:\/\/vario-shirts.com\/index.php?rest_route=\/wp\/v2\/types\/product"}],"replies":[{"embeddable":true,"href":"https:\/\/vario-shirts.com\/index.php?rest_route=%2Fwp%2Fv2%2Fcomments&post=460"}],"wp:featuredmedia":[{"embeddable":true,"href":"https:\/\/vario-shirts.com\/index.php?rest_route=\/wp\/v2\/media\/463"}],"wp:attachment":[{"href":"https:\/\/vario-shirts.com\/index.php?rest_route=%2Fwp%2Fv2%2Fmedia&parent=460"}],"wp:term":[{"taxonomy":"product_cat","embeddable":true,"href":"https:\/\/vario-shirts.com\/index.php?rest_route=%2Fwp%2Fv2%2Fproduct_cat&post=460"},{"taxonomy":"product_tag","embeddable":true,"href":"https:\/\/vario-shirts.com\/index.php?rest_route=%2Fwp%2Fv2%2Fproduct_tag&post=460"}],"curies":[{"name":"wp","href":"https:\/\/api.w.org\/{rel}","templated":true}]}}