{"id":4603,"date":"2021-01-18T17:44:47","date_gmt":"2021-01-18T15:44:47","guid":{"rendered":"https:\/\/vario-shirts.com\/?post_type=product&#038;p=4603"},"modified":"2025-03-24T09:55:18","modified_gmt":"2025-03-24T07:55:18","slug":"wasserfall-tunika-dreiviertelarm","status":"publish","type":"product","link":"https:\/\/vario-shirts.com\/?product=wasserfall-tunika-dreiviertelarm","title":{"rendered":"Wasserfall Tunika Dreiviertelarm"},"content":{"rendered":"<p>Unsere Tuniken sind im Brustbereich schmal geschnitten und im Bauchbereich ausgestellt, sodass man gut kleine Problemzonen verstecken kann.<br \/>\nDurch die untere Weite ist der Schnitt auch optimal f\u00fcr Schwangere und sieht toll aus, mit und ohne Babybauch. Der Saum ist an den Seitenn\u00e4hten leicht nach oben gerundet. Dies sorgt f\u00fcr einen sch\u00f6nen Fall und eine besondere Optik.<\/p>\n<p>Der Wasserfallausschnitt lockert das Ganze noch einmal auf und sorgt f\u00fcr einen anderen Sitz als die Tuniken mit unseren &#8222;Basic Ausschnitten&#8220;.<\/p>\n<p><strong>Halsausschnitt<\/strong>: eingefasster Wasserfallkragen<br \/>\n<strong>Schulterbreite<\/strong>: ca. 5 cm<br \/>\n<strong>\u00c4rmell\u00e4nge<\/strong>: ca. 45 cm<\/p>\n<p><strong>L\u00e4nge<\/strong>: XX-Extra lang ca. 85 cm<\/p>\n<p><strong>Gr\u00f6\u00dfe<\/strong>:<br \/>\nKann in Gr\u00f6\u00dfe 32, 34, 36, 38, 40, 42, 44 oder 46 gefertigt werden.<br \/>\nBitte die Ma\u00dftabelle bei den Bildern beachten, die Gr\u00f6\u00dfen fallen vergleichsweise klein aus! Ausschlaggebend ist der Brustumfang!<\/p>\n<p><strong>Material<\/strong>:<br \/>\nViskose-Jersey, 96% Viskose, 4% Elasthan<br \/>\n\u00d6ko-Tex Standard 100 zertifiziert, in Deutschland hergestellt<\/p>\n<p><strong>Pflege:<\/strong><br \/>\nWaschen: 30\u00b0 C Feinw\u00e4sche<br \/>\nB\u00fcgeln: 1 Punkt<br \/>\nTrockner: nein<\/p>\n<p><strong>Herkunft: <\/strong><br \/>\nDieses Kleidungsst\u00fcck wird innerhalb von 2-9 Werktagen (Mo-Fr) nach Bestellung und Zahlungseingang zugeschnitten und gen\u00e4ht (Schnitt und Design sind nat\u00fcrlich von mir).<br \/>\nMade in Germany \/ Brandenburg \/ Elbe-Elster<\/p>\n<p>&nbsp;<\/p>\n","protected":false},"excerpt":{"rendered":"<p>Unsere Tuniken sind im Brustbereich schmal geschnitten und im Bauchbereich ausgestellt, sodass man gut kleine Problemzonen verstecken kann. Durch die untere Weite ist der Schnitt auch optimal f\u00fcr Schwangere und sieht toll aus, mit und ohne Babybauch. Der Saum ist &hellip; <a href=\"https:\/\/vario-shirts.com\/?product=wasserfall-tunika-dreiviertelarm\">Weiterlesen <span class=\"meta-nav\">&rarr;<\/span><\/a><\/p>\n","protected":false},"featured_media":4608,"comment_status":"open","ping_status":"closed","template":"","meta":[],"product_cat":[153,151,386],"product_tag":[318,505],"_links":{"self":[{"href":"https:\/\/vario-shirts.com\/index.php?rest_route=\/wp\/v2\/product\/4603"}],"collection":[{"href":"https:\/\/vario-shirts.com\/index.php?rest_route=\/wp\/v2\/product"}],"about":[{"href":"https:\/\/vario-shirts.com\/index.php?rest_route=\/wp\/v2\/types\/product"}],"replies":[{"embeddable":true,"href":"https:\/\/vario-shirts.com\/index.php?rest_route=%2Fwp%2Fv2%2Fcomments&post=4603"}],"wp:featuredmedia":[{"embeddable":true,"href":"https:\/\/vario-shirts.com\/index.php?rest_route=\/wp\/v2\/media\/4608"}],"wp:attachment":[{"href":"https:\/\/vario-shirts.com\/index.php?rest_route=%2Fwp%2Fv2%2Fmedia&parent=4603"}],"wp:term":[{"taxonomy":"product_cat","embeddable":true,"href":"https:\/\/vario-shirts.com\/index.php?rest_route=%2Fwp%2Fv2%2Fproduct_cat&post=4603"},{"taxonomy":"product_tag","embeddable":true,"href":"https:\/\/vario-shirts.com\/index.php?rest_route=%2Fwp%2Fv2%2Fproduct_tag&post=4603"}],"curies":[{"name":"wp","href":"https:\/\/api.w.org\/{rel}","templated":true}]}}