{"id":4683,"date":"2021-03-06T16:58:05","date_gmt":"2021-03-06T14:58:05","guid":{"rendered":"https:\/\/vario-shirts.com\/?post_type=product&#038;p=4683"},"modified":"2025-03-12T15:33:21","modified_gmt":"2025-03-12T13:33:21","slug":"fledermaus-shirt-no-4-halbarm","status":"publish","type":"product","link":"https:\/\/vario-shirts.com\/?product=fledermaus-shirt-no-4-halbarm","title":{"rendered":"Fledermaus Shirt No.4 Halbarm"},"content":{"rendered":"<p>Locker geschnittenes Shirt mit halblangem Fledermausarm. Der Ausschnitt ist\u00a0 U-Boot-artig. Du kannst ihn auf einer Seite leicht \u00fcber die Schulter rutschen lassen oder so tragen dass beide Schultern bedeckt sind.<\/p>\n<p>Das Shirt sitzt locker, ist bequem und trotzdem schick. Es kann in den Hosenbund gesteckt werden oder locker um die H\u00fcften fallend getragen werden. Die \u00c4rmel umspielen den Ellenbogen.<\/p>\n<p><strong>L\u00e4nge<\/strong>: ca. 60 cm<\/p>\n<p>Auf Wunsch sind auch andere L\u00e4ngen m\u00f6glich (bitte einfach per E-Mail anfragen).<\/p>\n<p><strong>Material<\/strong>:<br \/>\nViskose-Jersey, 96% Viskose, 4% Elasthan<br \/>\n\u00d6ko-Tex Standard 100 zertifiziert, in Deutschland hergestellt<\/p>\n<p><strong>Pflege:<\/strong><br \/>\nWaschen: 30\u00b0 C Feinw\u00e4sche<br \/>\nB\u00fcgeln: 1 Punkt<br \/>\nTrockner: nein<\/p>\n<p><strong>Herkunft<\/strong>:<br \/>\nDieses Kleidungsst\u00fcck wird innerhalb von 2-9 Werktagen (Mo-Fr) nach Bestellung und Zahlungseingang zugeschnitten und gen\u00e4ht (Schnitt und Design sind nat\u00fcrlich von mir).<br \/>\nMade in Germany \/ Brandenburg \/ Elbe-Elster<\/p>\n<p>Dieses Shirt kann auch gern aus den anderen Farben (aus der &#8222;\u00dcbersicht der zur Zeit m\u00f6glichen Farben&#8220;) gefertigt werden. Bitte einfach die gew\u00fcnschte Farbe in das Kommentarfeld schreiben oder per E-Mail anfragen.<\/p>\n","protected":false},"excerpt":{"rendered":"<p>Locker geschnittenes Shirt mit halblangem Fledermausarm. Der Ausschnitt ist\u00a0 U-Boot-artig. Du kannst ihn auf einer Seite leicht \u00fcber die Schulter rutschen lassen oder so tragen dass beide Schultern bedeckt sind. Das Shirt sitzt locker, ist bequem und trotzdem schick. Es &hellip; <a href=\"https:\/\/vario-shirts.com\/?product=fledermaus-shirt-no-4-halbarm\">Weiterlesen <span class=\"meta-nav\">&rarr;<\/span><\/a><\/p>\n","protected":false},"featured_media":4686,"comment_status":"open","ping_status":"closed","template":"","meta":[],"product_cat":[189],"product_tag":[384,309,512,318,449],"_links":{"self":[{"href":"https:\/\/vario-shirts.com\/index.php?rest_route=\/wp\/v2\/product\/4683"}],"collection":[{"href":"https:\/\/vario-shirts.com\/index.php?rest_route=\/wp\/v2\/product"}],"about":[{"href":"https:\/\/vario-shirts.com\/index.php?rest_route=\/wp\/v2\/types\/product"}],"replies":[{"embeddable":true,"href":"https:\/\/vario-shirts.com\/index.php?rest_route=%2Fwp%2Fv2%2Fcomments&post=4683"}],"wp:featuredmedia":[{"embeddable":true,"href":"https:\/\/vario-shirts.com\/index.php?rest_route=\/wp\/v2\/media\/4686"}],"wp:attachment":[{"href":"https:\/\/vario-shirts.com\/index.php?rest_route=%2Fwp%2Fv2%2Fmedia&parent=4683"}],"wp:term":[{"taxonomy":"product_cat","embeddable":true,"href":"https:\/\/vario-shirts.com\/index.php?rest_route=%2Fwp%2Fv2%2Fproduct_cat&post=4683"},{"taxonomy":"product_tag","embeddable":true,"href":"https:\/\/vario-shirts.com\/index.php?rest_route=%2Fwp%2Fv2%2Fproduct_tag&post=4683"}],"curies":[{"name":"wp","href":"https:\/\/api.w.org\/{rel}","templated":true}]}}