{"id":4707,"date":"2021-03-13T14:39:13","date_gmt":"2021-03-13T12:39:13","guid":{"rendered":"https:\/\/vario-shirts.com\/?post_type=product&#038;p=4707"},"modified":"2025-03-12T18:16:40","modified_gmt":"2025-03-12T16:16:40","slug":"neckholder-top-no-1-mit-schleife-aus-viskosejersey-made-in-germany-kopie","status":"publish","type":"product","link":"https:\/\/vario-shirts.com\/?product=neckholder-top-no-1-mit-schleife-aus-viskosejersey-made-in-germany-kopie","title":{"rendered":"Neckholder Top No.1 mit Schleife, aus Viskosejersey, Made in Germany"},"content":{"rendered":"<p>Wundersch\u00f6nes, r\u00fcckenfreies Top mit einem Band, welches vorn oder im R\u00fccken zur Schleife gebunden werden kann.<\/p>\n<p><strong>L\u00e4nge<\/strong>:<br \/>\nnormal ca. 60 cm,<br \/>\nextra lang ca. 70 cm (+ 10,- EUR)<br \/>\nbitte bei den Optionen w\u00e4hlen<\/p>\n<p><strong>Gr\u00f6\u00dfe<\/strong>:<br \/>\nKann in Gr\u00f6\u00dfe 32, 34, 36, 38, 40, 42, 44 oder 46 gefertigt werden.<br \/>\nBitte die Ma\u00dftabelle bei den Bildern beachten, die Gr\u00f6\u00dfen fallen vergleichsweise klein aus!<\/p>\n<p><img decoding=\"async\" loading=\"lazy\" class=\"alignright size-full wp-image-3631\" src=\"https:\/\/vario-shirts.com\/wp-content\/uploads\/2020\/03\/SchnittformVS.jpg\" alt=\"\" width=\"301\" height=\"374\" \/><\/p>\n<p><strong>Schnittform<\/strong>:<br \/>\nleicht tailliert oder<br \/>\ngerade geschnitten<br \/>\nbitte bei den Optionen w\u00e4hlen<\/p>\n<p>Die Schnittform \u201cleicht tailliert\u201d ist im Taillenbereich ca. 5 cm weiter als der Taillenumfang aus der Ma\u00dftabelle.<br \/>\nDie \u201egerade geschnittenen\u201c Shirts sitzen im Bauchbereich entsprechend lockerer.<\/p>\n<p><strong>Material:<\/strong><br \/>\nViskose-Jersey, 96% Viskose, 4% Elasthan<br \/>\n\u00d6ko-Tex Standard 100 zertifiziert, in Deutschland hergestellt<\/p>\n<p><strong>Pflege:<\/strong><br \/>\nWaschen: 30\u00b0 C Feinw\u00e4sche<br \/>\nB\u00fcgeln: 1 Punkt<br \/>\nTrockner: nein<\/p>\n<p><strong>Herkunft<\/strong>:<br \/>\nDieses Kleidungsst\u00fcck wird innerhalb von 2-9 Werktagen (Mo-Fr) nach Bestellung und Zahlungseingang zugeschnitten und gen\u00e4ht (Schnitt und Design sind nat\u00fcrlich von mir).<br \/>\nMade in Germany \/ Brandenburg \/ Elbe-Elster<\/p>\n","protected":false},"excerpt":{"rendered":"<p>Wundersch\u00f6nes, r\u00fcckenfreies Top mit einem Band, welches vorn oder im R\u00fccken zur Schleife gebunden werden kann. L\u00e4nge: normal ca. 60 cm, extra lang ca. 70 cm (+ 10,- EUR) bitte bei den Optionen w\u00e4hlen Gr\u00f6\u00dfe: Kann in Gr\u00f6\u00dfe 32, 34, &hellip; <a href=\"https:\/\/vario-shirts.com\/?product=neckholder-top-no-1-mit-schleife-aus-viskosejersey-made-in-germany-kopie\">Weiterlesen <span class=\"meta-nav\">&rarr;<\/span><\/a><\/p>\n","protected":false},"featured_media":4711,"comment_status":"open","ping_status":"closed","template":"","meta":[],"product_cat":[136,207,314],"product_tag":[309,474,478,369,370,479],"_links":{"self":[{"href":"https:\/\/vario-shirts.com\/index.php?rest_route=\/wp\/v2\/product\/4707"}],"collection":[{"href":"https:\/\/vario-shirts.com\/index.php?rest_route=\/wp\/v2\/product"}],"about":[{"href":"https:\/\/vario-shirts.com\/index.php?rest_route=\/wp\/v2\/types\/product"}],"replies":[{"embeddable":true,"href":"https:\/\/vario-shirts.com\/index.php?rest_route=%2Fwp%2Fv2%2Fcomments&post=4707"}],"wp:featuredmedia":[{"embeddable":true,"href":"https:\/\/vario-shirts.com\/index.php?rest_route=\/wp\/v2\/media\/4711"}],"wp:attachment":[{"href":"https:\/\/vario-shirts.com\/index.php?rest_route=%2Fwp%2Fv2%2Fmedia&parent=4707"}],"wp:term":[{"taxonomy":"product_cat","embeddable":true,"href":"https:\/\/vario-shirts.com\/index.php?rest_route=%2Fwp%2Fv2%2Fproduct_cat&post=4707"},{"taxonomy":"product_tag","embeddable":true,"href":"https:\/\/vario-shirts.com\/index.php?rest_route=%2Fwp%2Fv2%2Fproduct_tag&post=4707"}],"curies":[{"name":"wp","href":"https:\/\/api.w.org\/{rel}","templated":true}]}}