{"id":4725,"date":"2021-03-13T17:18:42","date_gmt":"2021-03-13T15:18:42","guid":{"rendered":"https:\/\/vario-shirts.com\/?post_type=product&#038;p=4725"},"modified":"2025-03-24T11:36:28","modified_gmt":"2025-03-24T09:36:28","slug":"u-boot-tunika-mit-trompetenaermeln","status":"publish","type":"product","link":"https:\/\/vario-shirts.com\/?product=u-boot-tunika-mit-trompetenaermeln","title":{"rendered":"U-Boot Tunika mit Trompeten\u00e4rmeln"},"content":{"rendered":"<p>Unsere Tuniken sind im Brustbereich schmal geschnitten und im Bauchbereich ausgestellt, sodass man gut kleine Problemzonen verstecken kann.<br \/>\nDurch die untere Weite ist der Schnitt auch optimal f\u00fcr Schwangere und sieht toll aus, mit und ohne Babybauch. Der Saum ist an den Seitenn\u00e4hten leicht nach oben gerundet. Dies sorgt f\u00fcr einen sch\u00f6nen Fall und eine besondere Optik.<\/p>\n<p><strong>Halsausschnitt<\/strong>: U-Boot Form<br \/>\n<strong>Schulterbreite<\/strong>: ca. 5 cm<br \/>\n<strong>\u00c4rmell\u00e4nge<\/strong>: ca. 62 cm<\/p>\n<p><strong>L\u00e4nge<\/strong>:<br \/>\nnormal ca. 65 cm,<br \/>\nextra lang ca. 75 cm (+ 15,- EUR) oder<br \/>\nXX-Extra lang ca. 85 cm (+ 30,- EUR)<br \/>\nbitte bei den Optionen w\u00e4hlen<\/p>\n<p><strong>Gr\u00f6\u00dfe<\/strong>:<br \/>\nKann in Gr\u00f6\u00dfe 32, 34, 36, 38, 40, 42, 44 oder 46 gefertigt werden.<br \/>\nBitte die Ma\u00dftabelle bei den Bildern beachten, die Gr\u00f6\u00dfen fallen vergleichsweise klein aus! Ausschlaggebend ist der Brustumfang!<\/p>\n<p><strong>Material<\/strong>:<br \/>\nViskose-Jersey, 96% Viskose, 4% Elasthan<br \/>\n\u00d6ko-Tex Standard 100 zertifiziert, in Deutschland hergestellt<\/p>\n<p><strong>Pflege:<\/strong><br \/>\nWaschen: 30\u00b0 C Feinw\u00e4sche<br \/>\nB\u00fcgeln: 1 Punkt<br \/>\nTrockner: nein<\/p>\n<p><strong>Herkunft: <\/strong><br \/>\nDieses Kleidungsst\u00fcck wird innerhalb von 2-9 Werktagen (Mo-Fr) nach Bestellung und Zahlungseingang zugeschnitten und gen\u00e4ht (Schnitt und Design sind nat\u00fcrlich von mir).<br \/>\nMade in Germany \/ Brandenburg \/ Elbe-Elster<\/p>\n<p><strong>Extras<\/strong>:<\/p>\n<p>Dieses Kleidungsst\u00fcck kann mit <a href=\"https:\/\/vario-shirts.com\/?product=stilleinsatz\">Stilleinsatz <\/a>hergestellt werden. Bitte einfach dazu bestellen.<\/p>\n","protected":false},"excerpt":{"rendered":"<p>Achtung: Die Tunika auf den Fotos ist in der L\u00e4nge 85 cm und eine Nummer\u00a0gr\u00f6\u00dfer\u00a0als die Gr\u00f6\u00dfe der Puppe. Wenn sie so locker sitzen soll, bitte eine Gr\u00f6\u00dfe\u00a0gr\u00f6\u00dfer als\u00a0nach der Ma\u00dftabelle bestellen. <a href=\"https:\/\/vario-shirts.com\/?product=u-boot-tunika-mit-trompetenaermeln\">Weiterlesen <span class=\"meta-nav\">&rarr;<\/span><\/a><\/p>\n","protected":false},"featured_media":4729,"comment_status":"open","ping_status":"closed","template":"","meta":[],"product_cat":[158,151,152,386],"product_tag":[396,214,390],"_links":{"self":[{"href":"https:\/\/vario-shirts.com\/index.php?rest_route=\/wp\/v2\/product\/4725"}],"collection":[{"href":"https:\/\/vario-shirts.com\/index.php?rest_route=\/wp\/v2\/product"}],"about":[{"href":"https:\/\/vario-shirts.com\/index.php?rest_route=\/wp\/v2\/types\/product"}],"replies":[{"embeddable":true,"href":"https:\/\/vario-shirts.com\/index.php?rest_route=%2Fwp%2Fv2%2Fcomments&post=4725"}],"wp:featuredmedia":[{"embeddable":true,"href":"https:\/\/vario-shirts.com\/index.php?rest_route=\/wp\/v2\/media\/4729"}],"wp:attachment":[{"href":"https:\/\/vario-shirts.com\/index.php?rest_route=%2Fwp%2Fv2%2Fmedia&parent=4725"}],"wp:term":[{"taxonomy":"product_cat","embeddable":true,"href":"https:\/\/vario-shirts.com\/index.php?rest_route=%2Fwp%2Fv2%2Fproduct_cat&post=4725"},{"taxonomy":"product_tag","embeddable":true,"href":"https:\/\/vario-shirts.com\/index.php?rest_route=%2Fwp%2Fv2%2Fproduct_tag&post=4725"}],"curies":[{"name":"wp","href":"https:\/\/api.w.org\/{rel}","templated":true}]}}