{"id":4760,"date":"2021-04-06T17:24:53","date_gmt":"2021-04-06T15:24:53","guid":{"rendered":"https:\/\/vario-shirts.com\/?post_type=product&#038;p=4760"},"modified":"2025-03-12T09:51:04","modified_gmt":"2025-03-12T07:51:04","slug":"u-boot-shirt-langarm-aus-baumwolljersey","status":"publish","type":"product","link":"https:\/\/vario-shirts.com\/?product=u-boot-shirt-langarm-aus-baumwolljersey","title":{"rendered":"U-Boot Shirt Langarm, aus Baumwolljersey"},"content":{"rendered":"<p>Schmal geschnittenes Langarm-Shirt mit U-Boot-Ausschnitt.<\/p>\n<p><strong>Halsausschnitt: <\/strong>ca. U-Boot Form<br \/>\n<strong>Schulterbreite: <\/strong>ca. 5 cm<br \/>\n<strong>\u00c4rmell\u00e4nge: <\/strong>ca. 60 cm<\/p>\n<p><strong>L\u00e4nge:<\/strong><br \/>\nnormal ca. 60 cm,<br \/>\nextra lang ca. 70 cm (+ 10,- EUR) oder<br \/>\nbitte bei den Optionen w\u00e4hlen<\/p>\n<p><strong>Gr\u00f6\u00dfe<\/strong>:<br \/>\nKann in Gr\u00f6\u00dfe 32, 34, 36, 38, 40, 42, 44 oder 46 gefertigt werden.<br \/>\nBitte die Ma\u00dftabelle bei den Bildern beachten, die Gr\u00f6\u00dfen fallen vergleichsweise klein aus!<\/p>\n<p><img decoding=\"async\" loading=\"lazy\" class=\"alignright size-full wp-image-3631\" src=\"https:\/\/vario-shirts.com\/wp-content\/uploads\/2020\/03\/SchnittformVS.jpg\" alt=\"\" width=\"301\" height=\"374\" \/><\/p>\n<p><strong>Schnittform:<\/strong><br \/>\nenganliegend<br \/>\nleicht tailliert oder<br \/>\ngerade geschnitten<br \/>\nbitte bei den Optionen w\u00e4hlen<\/p>\n<p>\u201eEnganliegend\u201c bedeutet, da wo die K\u00f6rperma\u00dfe mit der Ma\u00dftabelle \u00fcbereinstimmen, liegt das Shirt durchgehend am K\u00f6rper an.<br \/>\nDie Schnittform \u201cleicht tailliert\u201d ist im Taillenbereich ca. 5 cm weiter.<br \/>\nDie \u201egerade geschnittenen\u201c Shirts sitzen im Bauchbereich entsprechend lockerer.<\/p>\n<p><strong>Material:<\/strong><br \/>\nBaumwoll-Jersey,<br \/>\n95% Baumwolle, 5% Elasthan<\/p>\n<p>*= BioBaumwolle, GOTS zertifiziert, in Deutschland hergestellt<br \/>\n**= \u00d6ko-Tex Standard 100 zertifiziert, in Deutschland hergestellt<br \/>\n***= BioBaumwolle, GOTS zertifiziert<\/p>\n<p><strong>Pflege:<\/strong><br \/>\nWaschen: 30\u00b0 C Feinw\u00e4sche<br \/>\nB\u00fcgeln: 1 Punkt<br \/>\nTrockner: nein<\/p>\n<p><strong>Herkunft: <\/strong><br \/>\nDieses Kleidungsst\u00fcck wird innerhalb von 2-9 Werktagen (Mo-Fr) nach Bestellung und Zahlungseingang zugeschnitten und gen\u00e4ht (Schnitt und Design sind nat\u00fcrlich von mir).<br \/>\nMade in Germany \/ Brandenburg \/ Elbe-Elster<\/p>\n","protected":false},"excerpt":{"rendered":"<p>Schmal geschnittenes Langarm-Shirt mit U-Boot-Ausschnitt. Halsausschnitt: ca. U-Boot Form Schulterbreite: ca. 5 cm \u00c4rmell\u00e4nge: ca. 60 cm L\u00e4nge: normal ca. 60 cm, extra lang ca. 70 cm (+ 10,- EUR) oder bitte bei den Optionen w\u00e4hlen Gr\u00f6\u00dfe: Kann in Gr\u00f6\u00dfe &hellip; <a href=\"https:\/\/vario-shirts.com\/?product=u-boot-shirt-langarm-aus-baumwolljersey\">Weiterlesen <span class=\"meta-nav\">&rarr;<\/span><\/a><\/p>\n","protected":false},"featured_media":5003,"comment_status":"open","ping_status":"closed","template":"","meta":[],"product_cat":[206,117,94,408],"product_tag":[53,439,438,318,214],"_links":{"self":[{"href":"https:\/\/vario-shirts.com\/index.php?rest_route=\/wp\/v2\/product\/4760"}],"collection":[{"href":"https:\/\/vario-shirts.com\/index.php?rest_route=\/wp\/v2\/product"}],"about":[{"href":"https:\/\/vario-shirts.com\/index.php?rest_route=\/wp\/v2\/types\/product"}],"replies":[{"embeddable":true,"href":"https:\/\/vario-shirts.com\/index.php?rest_route=%2Fwp%2Fv2%2Fcomments&post=4760"}],"wp:featuredmedia":[{"embeddable":true,"href":"https:\/\/vario-shirts.com\/index.php?rest_route=\/wp\/v2\/media\/5003"}],"wp:attachment":[{"href":"https:\/\/vario-shirts.com\/index.php?rest_route=%2Fwp%2Fv2%2Fmedia&parent=4760"}],"wp:term":[{"taxonomy":"product_cat","embeddable":true,"href":"https:\/\/vario-shirts.com\/index.php?rest_route=%2Fwp%2Fv2%2Fproduct_cat&post=4760"},{"taxonomy":"product_tag","embeddable":true,"href":"https:\/\/vario-shirts.com\/index.php?rest_route=%2Fwp%2Fv2%2Fproduct_tag&post=4760"}],"curies":[{"name":"wp","href":"https:\/\/api.w.org\/{rel}","templated":true}]}}